{"id":11684,"date":"2019-12-03T09:52:24","date_gmt":"2019-12-03T08:52:24","guid":{"rendered":"https:\/\/hofmann.dev.viableart.com\/?page_id=11684"},"modified":"2021-04-01T15:16:06","modified_gmt":"2021-04-01T13:16:06","slug":"impressum","status":"publish","type":"page","link":"https:\/\/www.hofmann-naturstein.com\/de\/impressum\/","title":{"rendered":"Impressum"},"content":{"rendered":"<div class=\"wpb-content-wrapper\"><p>[vc_row][vc_column][vc_column_text]<\/p>\n<h2>Angaben gem\u00e4\u00df \u00a7 5 TMG<\/h2>\n<p>HOFMANN NATURSTEIN GmbH &amp; Co. KG<br \/>\nAnton-Hofmann-Allee 2<br \/>\n97956 Werbach-Gamburg<\/p>\n<h2>Vertreten durch<\/h2>\n<p>Pers\u00f6nlich haftender Gesellschafter:<br \/>\nHofmann Natursteinindustrie GmbH, W\u00fcrzburg<br \/>\nReg. Ger. W\u00fcrzburg HRB 5889<\/p>\n<p>Gesch\u00e4ftsf\u00fchrer: Dipl.-Ing., Dipl.Wirtsch.-Ing. Heinrich Georg Hofmann, Dipl.-Ing. Johannes Georg Hofmann<\/p>\n<h2>Kontakt<\/h2>\n<p>Telefon: +49 9348 81-0<br \/>\nTelefax: +49 9348 81-48<br \/>\nE-Mail: info@hofmann-naturstein.com<\/p>\n<h2>Registereintrag<\/h2>\n<p>Eintragung im Handelsregister.<br \/>\nRegistergericht: Reg. Ger. W\u00fcrzburg<br \/>\nRegisternummer: HRA 4495<\/p>\n<h2>Umsatzsteuer<\/h2>\n<p>Umsatzsteuer-Identifikationsnummer gem\u00e4\u00df \u00a727 a Umsatzsteuergesetz:<br \/>\nDE146587293<\/p>\n<h2>Streitschlichtung<\/h2>\n<p>Die Europ\u00e4ische Kommission stellt eine Plattform zur Online-Streitbeilegung (OS) bereit:\u00a0<a href=\"https:\/\/ec.europa.eu\/consumers\/odr\" target=\"_blank\" rel=\"noopener noreferrer\">https:\/\/ec.europa.eu\/consumers\/odr<\/a>.<br \/>\nUnsere E-Mail-Adresse finden Sie oben im Impressum.<\/p>\n<p>Wir sind nicht bereit oder verpflichtet, an Streitbeilegungsverfahren vor einer Verbraucherschlichtungsstelle teilzunehmen.<\/p>\n<h3>Haftung f\u00fcr Inhalte<\/h3>\n<p>Als Diensteanbieter sind wir gem\u00e4\u00df \u00a7 7 Abs.1 TMG f\u00fcr eigene Inhalte auf diesen Seiten nach den allgemeinen Gesetzen verantwortlich. Nach \u00a7\u00a7 8 bis 10 TMG sind wir als Diensteanbieter jedoch nicht verpflichtet, \u00fcbermittelte oder gespeicherte fremde Informationen zu \u00fcberwachen oder nach Umst\u00e4nden zu forschen, die auf eine rechtswidrige T\u00e4tigkeit hinweisen.<\/p>\n<p>Verpflichtungen zur Entfernung oder Sperrung der Nutzung von Informationen nach den allgemeinen Gesetzen bleiben hiervon unber\u00fchrt. Eine diesbez\u00fcgliche Haftung ist jedoch erst ab dem Zeitpunkt der Kenntnis einer konkreten Rechtsverletzung m\u00f6glich. Bei Bekanntwerden von entsprechenden Rechtsverletzungen werden wir diese Inhalte umgehend entfernen.<\/p>\n<h3>Haftung f\u00fcr Links<\/h3>\n<p>Unser Angebot enth\u00e4lt Links zu externen Websites Dritter, auf deren Inhalte wir keinen Einfluss haben. Deshalb k\u00f6nnen wir f\u00fcr diese fremden Inhalte auch keine Gew\u00e4hr \u00fcbernehmen. F\u00fcr die Inhalte der verlinkten Seiten ist stets der jeweilige Anbieter oder Betreiber der Seiten verantwortlich. Die verlinkten Seiten wurden zum Zeitpunkt der Verlinkung auf m\u00f6gliche Rechtsverst\u00f6\u00dfe \u00fcberpr\u00fcft. Rechtswidrige Inhalte waren zum Zeitpunkt der Verlinkung nicht erkennbar.<\/p>\n<p>Eine permanente inhaltliche Kontrolle der verlinkten Seiten ist jedoch ohne konkrete Anhaltspunkte einer Rechtsverletzung nicht zumutbar. Bei Bekanntwerden von Rechtsverletzungen werden wir derartige Links umgehend entfernen.<\/p>\n<h3>Urheberrecht<\/h3>\n<p>Die durch die Seitenbetreiber erstellten Inhalte und Werke auf diesen Seiten unterliegen dem deutschen Urheberrecht. Die Vervielf\u00e4ltigung, Bearbeitung, Verbreitung und jede Art der Verwertung au\u00dferhalb der Grenzen des Urheberrechtes bed\u00fcrfen der schriftlichen Zustimmung des jeweiligen Autors bzw. Erstellers. Downloads und Kopien dieser Seite sind nur f\u00fcr den privaten, nicht kommerziellen Gebrauch gestattet.<\/p>\n<p>Soweit die Inhalte auf dieser Seite nicht vom Betreiber erstellt wurden, werden die Urheberrechte Dritter beachtet. Insbesondere werden Inhalte Dritter als solche gekennzeichnet. Sollten Sie trotzdem auf eine Urheberrechtsverletzung aufmerksam werden, bitten wir um einen entsprechenden Hinweis. Bei Bekanntwerden von Rechtsverletzungen werden wir derartige Inhalte umgehend entfernen.[\/vc_column_text][\/vc_column][\/vc_row]<\/p>\n<\/div>","protected":false},"excerpt":{"rendered":"<p>[vc_row][vc_column][vc_column_text] Angaben gem\u00e4\u00df \u00a7 5 TMG HOFMANN NATURSTEIN GmbH &amp; Co. KG Anton-Hofmann-Allee 2 97956 Werbach-Gamburg Vertreten durch Pers\u00f6nlich haftender Gesellschafter: Hofmann Natursteinindustrie GmbH, W\u00fcrzburg Reg. Ger. W\u00fcrzburg HRB 5889 Gesch\u00e4ftsf\u00fchrer: Dipl.-Ing., Dipl.Wirtsch.-Ing. Heinrich Georg Hofmann, Dipl.-Ing. Johannes Georg Hofmann Kontakt Telefon: +49 9348 81-0 Telefax: +49 9348 81-48 E-Mail: info@hofmann-naturstein.com Registereintrag Eintragung im Handelsregister. [&#8230;]<\/p>\n<p><a class=\"btn btn-secondary understrap-read-more-link\" href=\"https:\/\/www.hofmann-naturstein.com\/de\/impressum\/\">Weiterlesen&#8230;<\/a><\/p>\n","protected":false},"author":1,"featured_media":0,"parent":0,"menu_order":0,"comment_status":"closed","ping_status":"closed","template":"","meta":{"_acf_changed":false,"footnotes":""},"class_list":["post-11684","page","type-page","status-publish","hentry"],"acf":[],"yoast_head":"<!-- This site is optimized with the Yoast SEO plugin v26.5 - https:\/\/yoast.com\/wordpress\/plugins\/seo\/ -->\n<title>Impressum - Vollendete Bauten mit Naturstein von HOFMANN NATURSTEIN<\/title>\n<meta name=\"robots\" content=\"index, follow, max-snippet:-1, max-image-preview:large, max-video-preview:-1\" \/>\n<link rel=\"canonical\" href=\"https:\/\/www.hofmann-naturstein.com\/de\/impressum\/\" \/>\n<meta property=\"og:locale\" content=\"de_DE\" \/>\n<meta property=\"og:type\" content=\"article\" \/>\n<meta property=\"og:title\" content=\"Impressum - Vollendete Bauten mit Naturstein von HOFMANN NATURSTEIN\" \/>\n<meta property=\"og:description\" content=\"[vc_row][vc_column][vc_column_text] Angaben gem\u00e4\u00df \u00a7 5 TMG HOFMANN NATURSTEIN GmbH &amp; Co. KG Anton-Hofmann-Allee 2 97956 Werbach-Gamburg Vertreten durch Pers\u00f6nlich haftender Gesellschafter: Hofmann Natursteinindustrie GmbH, W\u00fcrzburg Reg. Ger. W\u00fcrzburg HRB 5889 Gesch\u00e4ftsf\u00fchrer: Dipl.-Ing., Dipl.Wirtsch.-Ing. Heinrich Georg Hofmann, Dipl.-Ing. Johannes Georg Hofmann Kontakt Telefon: +49 9348 81-0 Telefax: +49 9348 81-48 E-Mail: info@hofmann-naturstein.com Registereintrag Eintragung im Handelsregister. [...]Weiterlesen...\" \/>\n<meta property=\"og:url\" content=\"https:\/\/www.hofmann-naturstein.com\/de\/impressum\/\" \/>\n<meta property=\"og:site_name\" content=\"Vollendete Bauten mit Naturstein von HOFMANN NATURSTEIN\" \/>\n<meta property=\"article:modified_time\" content=\"2021-04-01T13:16:06+00:00\" \/>\n<meta name=\"twitter:card\" content=\"summary_large_image\" \/>\n<meta name=\"twitter:label1\" content=\"Gesch\u00e4tzte Lesezeit\" \/>\n\t<meta name=\"twitter:data1\" content=\"2\u00a0Minuten\" \/>\n<script type=\"application\/ld+json\" class=\"yoast-schema-graph\">{\"@context\":\"https:\/\/schema.org\",\"@graph\":[{\"@type\":\"WebPage\",\"@id\":\"https:\/\/www.hofmann-naturstein.com\/de\/impressum\/\",\"url\":\"https:\/\/www.hofmann-naturstein.com\/de\/impressum\/\",\"name\":\"Impressum - Vollendete Bauten mit Naturstein von HOFMANN NATURSTEIN\",\"isPartOf\":{\"@id\":\"https:\/\/www.hofmann-naturstein.com\/de\/#website\"},\"datePublished\":\"2019-12-03T08:52:24+00:00\",\"dateModified\":\"2021-04-01T13:16:06+00:00\",\"breadcrumb\":{\"@id\":\"https:\/\/www.hofmann-naturstein.com\/de\/impressum\/#breadcrumb\"},\"inLanguage\":\"de\",\"potentialAction\":[{\"@type\":\"ReadAction\",\"target\":[\"https:\/\/www.hofmann-naturstein.com\/de\/impressum\/\"]}]},{\"@type\":\"BreadcrumbList\",\"@id\":\"https:\/\/www.hofmann-naturstein.com\/de\/impressum\/#breadcrumb\",\"itemListElement\":[{\"@type\":\"ListItem\",\"position\":1,\"name\":\"Startseite\",\"item\":\"https:\/\/www.hofmann-naturstein.com\/de\/\"},{\"@type\":\"ListItem\",\"position\":2,\"name\":\"Impressum\"}]},{\"@type\":\"WebSite\",\"@id\":\"https:\/\/www.hofmann-naturstein.com\/de\/#website\",\"url\":\"https:\/\/www.hofmann-naturstein.com\/de\/\",\"name\":\"Vollendete Bauten mit Naturstein von HOFMANN NATURSTEIN\",\"description\":\"\",\"publisher\":{\"@id\":\"https:\/\/www.hofmann-naturstein.com\/de\/#organization\"},\"potentialAction\":[{\"@type\":\"SearchAction\",\"target\":{\"@type\":\"EntryPoint\",\"urlTemplate\":\"https:\/\/www.hofmann-naturstein.com\/de\/?s={search_term_string}\"},\"query-input\":{\"@type\":\"PropertyValueSpecification\",\"valueRequired\":true,\"valueName\":\"search_term_string\"}}],\"inLanguage\":\"de\"},{\"@type\":\"Organization\",\"@id\":\"https:\/\/www.hofmann-naturstein.com\/de\/#organization\",\"name\":\"Vollendete Bauten mit Naturstein von HOFMANN NATURSTEIN\",\"url\":\"https:\/\/www.hofmann-naturstein.com\/de\/\",\"logo\":{\"@type\":\"ImageObject\",\"inLanguage\":\"de\",\"@id\":\"https:\/\/www.hofmann-naturstein.com\/de\/#\/schema\/logo\/image\/\",\"url\":\"https:\/\/www.hofmann-naturstein.com\/wp-content\/uploads\/2019\/11\/cropped-hofmann-naturstein-logo.png\",\"contentUrl\":\"https:\/\/www.hofmann-naturstein.com\/wp-content\/uploads\/2019\/11\/cropped-hofmann-naturstein-logo.png\",\"width\":490,\"height\":146,\"caption\":\"Vollendete Bauten mit Naturstein von HOFMANN NATURSTEIN\"},\"image\":{\"@id\":\"https:\/\/www.hofmann-naturstein.com\/de\/#\/schema\/logo\/image\/\"}}]}<\/script>\n<!-- \/ Yoast SEO plugin. -->","yoast_head_json":{"title":"Impressum - Vollendete Bauten mit Naturstein von HOFMANN NATURSTEIN","robots":{"index":"index","follow":"follow","max-snippet":"max-snippet:-1","max-image-preview":"max-image-preview:large","max-video-preview":"max-video-preview:-1"},"canonical":"https:\/\/www.hofmann-naturstein.com\/de\/impressum\/","og_locale":"de_DE","og_type":"article","og_title":"Impressum - Vollendete Bauten mit Naturstein von HOFMANN NATURSTEIN","og_description":"[vc_row][vc_column][vc_column_text] Angaben gem\u00e4\u00df \u00a7 5 TMG HOFMANN NATURSTEIN GmbH &amp; Co. KG Anton-Hofmann-Allee 2 97956 Werbach-Gamburg Vertreten durch Pers\u00f6nlich haftender Gesellschafter: Hofmann Natursteinindustrie GmbH, W\u00fcrzburg Reg. Ger. W\u00fcrzburg HRB 5889 Gesch\u00e4ftsf\u00fchrer: Dipl.-Ing., Dipl.Wirtsch.-Ing. Heinrich Georg Hofmann, Dipl.-Ing. Johannes Georg Hofmann Kontakt Telefon: +49 9348 81-0 Telefax: +49 9348 81-48 E-Mail: info@hofmann-naturstein.com Registereintrag Eintragung im Handelsregister. [...]Weiterlesen...","og_url":"https:\/\/www.hofmann-naturstein.com\/de\/impressum\/","og_site_name":"Vollendete Bauten mit Naturstein von HOFMANN NATURSTEIN","article_modified_time":"2021-04-01T13:16:06+00:00","twitter_card":"summary_large_image","twitter_misc":{"Gesch\u00e4tzte Lesezeit":"2\u00a0Minuten"},"schema":{"@context":"https:\/\/schema.org","@graph":[{"@type":"WebPage","@id":"https:\/\/www.hofmann-naturstein.com\/de\/impressum\/","url":"https:\/\/www.hofmann-naturstein.com\/de\/impressum\/","name":"Impressum - Vollendete Bauten mit Naturstein von HOFMANN NATURSTEIN","isPartOf":{"@id":"https:\/\/www.hofmann-naturstein.com\/de\/#website"},"datePublished":"2019-12-03T08:52:24+00:00","dateModified":"2021-04-01T13:16:06+00:00","breadcrumb":{"@id":"https:\/\/www.hofmann-naturstein.com\/de\/impressum\/#breadcrumb"},"inLanguage":"de","potentialAction":[{"@type":"ReadAction","target":["https:\/\/www.hofmann-naturstein.com\/de\/impressum\/"]}]},{"@type":"BreadcrumbList","@id":"https:\/\/www.hofmann-naturstein.com\/de\/impressum\/#breadcrumb","itemListElement":[{"@type":"ListItem","position":1,"name":"Startseite","item":"https:\/\/www.hofmann-naturstein.com\/de\/"},{"@type":"ListItem","position":2,"name":"Impressum"}]},{"@type":"WebSite","@id":"https:\/\/www.hofmann-naturstein.com\/de\/#website","url":"https:\/\/www.hofmann-naturstein.com\/de\/","name":"Vollendete Bauten mit Naturstein von HOFMANN NATURSTEIN","description":"","publisher":{"@id":"https:\/\/www.hofmann-naturstein.com\/de\/#organization"},"potentialAction":[{"@type":"SearchAction","target":{"@type":"EntryPoint","urlTemplate":"https:\/\/www.hofmann-naturstein.com\/de\/?s={search_term_string}"},"query-input":{"@type":"PropertyValueSpecification","valueRequired":true,"valueName":"search_term_string"}}],"inLanguage":"de"},{"@type":"Organization","@id":"https:\/\/www.hofmann-naturstein.com\/de\/#organization","name":"Vollendete Bauten mit Naturstein von HOFMANN NATURSTEIN","url":"https:\/\/www.hofmann-naturstein.com\/de\/","logo":{"@type":"ImageObject","inLanguage":"de","@id":"https:\/\/www.hofmann-naturstein.com\/de\/#\/schema\/logo\/image\/","url":"https:\/\/www.hofmann-naturstein.com\/wp-content\/uploads\/2019\/11\/cropped-hofmann-naturstein-logo.png","contentUrl":"https:\/\/www.hofmann-naturstein.com\/wp-content\/uploads\/2019\/11\/cropped-hofmann-naturstein-logo.png","width":490,"height":146,"caption":"Vollendete Bauten mit Naturstein von HOFMANN NATURSTEIN"},"image":{"@id":"https:\/\/www.hofmann-naturstein.com\/de\/#\/schema\/logo\/image\/"}}]}},"_links":{"self":[{"href":"https:\/\/www.hofmann-naturstein.com\/de\/wp-json\/wp\/v2\/pages\/11684","targetHints":{"allow":["GET"]}}],"collection":[{"href":"https:\/\/www.hofmann-naturstein.com\/de\/wp-json\/wp\/v2\/pages"}],"about":[{"href":"https:\/\/www.hofmann-naturstein.com\/de\/wp-json\/wp\/v2\/types\/page"}],"author":[{"embeddable":true,"href":"https:\/\/www.hofmann-naturstein.com\/de\/wp-json\/wp\/v2\/users\/1"}],"replies":[{"embeddable":true,"href":"https:\/\/www.hofmann-naturstein.com\/de\/wp-json\/wp\/v2\/comments?post=11684"}],"version-history":[{"count":5,"href":"https:\/\/www.hofmann-naturstein.com\/de\/wp-json\/wp\/v2\/pages\/11684\/revisions"}],"predecessor-version":[{"id":93387,"href":"https:\/\/www.hofmann-naturstein.com\/de\/wp-json\/wp\/v2\/pages\/11684\/revisions\/93387"}],"wp:attachment":[{"href":"https:\/\/www.hofmann-naturstein.com\/de\/wp-json\/wp\/v2\/media?parent=11684"}],"curies":[{"name":"wp","href":"https:\/\/api.w.org\/{rel}","templated":true}]}}