{"id":12256,"date":"2019-12-09T19:11:53","date_gmt":"2019-12-09T18:11:53","guid":{"rendered":"https:\/\/hofmann.dev.viableart.com\/?page_id=12256"},"modified":"2025-04-17T15:20:32","modified_gmt":"2025-04-17T13:20:32","slug":"jobs-karriere","status":"publish","type":"page","link":"https:\/\/www.hofmann-naturstein.com\/de\/jobs-karriere\/","title":{"rendered":"Jobs &#038; Karriere"},"content":{"rendered":"<div class=\"wpb-content-wrapper\"><p>[vc_row equal_height=&#8220;yes&#8220;][vc_column width=&#8220;1\/2&#8243; css=&#8220;.vc_custom_1575973201606{padding-right: 50px !important;}&#8220;][vc_single_image image=&#8220;93592&#8243; img_size=&#8220;large&#8220;][\/vc_column][vc_column width=&#8220;1\/2&#8243;][vc_column_text]<\/p>\n<h1><strong>Karriere bei HOFMANN NATURSTEIN<\/strong><strong>\u00a0<\/strong><\/h1>\n<p>&nbsp;<\/p>\n<p>Wir geh\u00f6ren zu den f\u00fchrenden Unternehmen der europ\u00e4ischen Natursteinindustrie. Unser T\u00e4tigkeitsschwerpunkt liegt im Natursteinfassadenbau. Wir planen, produzieren und montieren Natursteinfassaden im Auftrag namhafter Architekten und Bauherren.<\/p>\n<p>Als inhabergef\u00fchrtes Familienunternehmen setzen wir auf flache Hierarchien mit kurzen Entscheidungswegen und eigenverantwortliches Arbeiten. Dadurch erm\u00f6glichen wir optimale Karriere- und Aufstiegsm\u00f6glichkeiten. Ein wesentliches Kriterium f\u00fcr die hohe Qualit\u00e4t unserer Arbeiten ist die hervorragende Qualifikation unserer Mitarbeiter. Wir sind ein zertifizierter Ausbildungsbetrieb und f\u00f6rdern gezielt die Aus- und Weiterbildung unserer Belegschaft. Viele unserer Bauleiter, Kalkulatoren, Techniker und Werkmeister haben mit einer Ausbildung zum Naturwerksteinmechaniker bei uns begonnen und sind durch Fortbildungen, weiterf\u00fchrendes Studium und pers\u00f6nlichen Einsatz in die heutige Positionen aufgestiegen.<\/p>\n<p>Als dynamisches, wachstumsorientiertes Unternehmen bieten wir ein attraktives und kollegiales Arbeitsumfeld. Wir unterst\u00fctzen unsere Mitarbeiter Beruf und Familie in Einklang zu bringen, indem wir Teilzeitmodelle w\u00e4hrend der Elternzeit und den darauffolgenden Jahren anbieten und Kindergartenpl\u00e4tze in direkter Nachbarschaft zu unserem Firmensitz vermitteln. \u00dcberdurchschnittliche Sozialleistungen und eine attraktive Verg\u00fctung sind bei uns selbstverst\u00e4ndlich.[\/vc_column_text][vc_column_text css=&#8220;&#8220;]<\/p>\n<h3>Werden auch Sie Teil unseres erfolgreichen Teams!<\/h3>\n<p>Alle offenen Stellenausschreibungen gelten f\u00fcr m\/w\/d.<\/p>\n<p>&nbsp;<\/p>\n<div class=\"offers\">\n<h4>&gt; Offene Stellen<\/h4>\n\t\t\t<ul class=\"offers-list\">\n\t    \t        <li>\n\t        \t<a href=\"https:\/\/www.hofmann-naturstein.com\/de\/jobs-karriere\/offene-stellen\/maschinenbediener-maschinenbedienerin-gamburg-niklashausen\/\">CNC-Maschinenbediener<\/a>\n\t        <\/li>\n\t    \t\t<\/ul>\n\t    \t\n<div class=\"text-module\">\n<p>Initiativbewerbungen sind willkommen!<\/p>\n<\/div>\n<h4>&gt; Duale Ausbildung\/Studium<\/h4>\n\t\t\t<ul class=\"offers-list\">\n\t    \t        <li>\n\t        \t<a href=\"https:\/\/www.hofmann-naturstein.com\/de\/jobs-karriere\/duale-ausbildung-studium\/gepruefter-industriemeister\/\">zum gepr\u00fcften Industriemeister Naturwerkstein (IHK)<\/a>\n\t        <\/li>\n\t    \t        <li>\n\t        \t<a href=\"https:\/\/www.hofmann-naturstein.com\/de\/jobs-karriere\/duale-ausbildung-studium\/bwl-industrielles-servicemanagement\/\">Duales Studium: BWL Industrial Management (B. A.)<\/a>\n\t        <\/li>\n\t    \t        <li>\n\t        \t<a href=\"https:\/\/www.hofmann-naturstein.com\/de\/jobs-karriere\/duale-ausbildung-studium\/verbundstudium-bauingenieurwesen-naturwerksteinmechaniker\/\">Verbundstudium: Bauingenieurwesen \/ Naturwerksteinmechaniker<\/a>\n\t        <\/li>\n\t    \t\t<\/ul>\n\t    \t\n<h4>&gt; Ausbildung<\/h4>\n\t\t\t<ul class=\"offers-list\">\n\t    \t        <li>\n\t        \t<a href=\"https:\/\/www.hofmann-naturstein.com\/de\/jobs-karriere\/ausbildung\/technischer-systemplaner-m-w-d-fuer-2023\/\">Bauzeichner f\u00fcr 2026<\/a>\n\t        <\/li>\n\t    \t        <li>\n\t        \t<a href=\"https:\/\/www.hofmann-naturstein.com\/de\/jobs-karriere\/ausbildung\/ausbildung\/\">Industriekaufleute f\u00fcr 2026<\/a>\n\t        <\/li>\n\t    \t        <li>\n\t        \t<a href=\"https:\/\/www.hofmann-naturstein.com\/de\/jobs-karriere\/ausbildung\/naturwerksteinmechaniker-fachrichtung-steinmetztechnik-m-w-d\/\">Naturwerksteinmechaniker, Fachrichtung Steinmetztechnik f\u00fcr 2026<\/a>\n\t        <\/li>\n\t    \t        <li>\n\t        \t<a href=\"https:\/\/www.hofmann-naturstein.com\/de\/jobs-karriere\/ausbildung\/naturwerksteinmechaniker-fachrichtung-maschinenbearbeitungstechnik\/\">Naturwerksteinmechaniker, Fachrichtung Maschinenbearbeitungstechnik f\u00fcr 2026<\/a>\n\t        <\/li>\n\t    \t\t<\/ul>\n\t    \t\n<h4>&gt; Praktikum<\/h4>\n\t\t\t<ul class=\"offers-list\">\n\t    \t        <li>\n\t        \t<a href=\"https:\/\/www.hofmann-naturstein.com\/de\/jobs-karriere\/praktikum\/studenten-schueler\/\">Sch\u00fcler &#038; Studenten<\/a>\n\t        <\/li>\n\t    \t\t<\/ul>\n\t    \t\n<\/div>\n<p>[\/vc_column_text][vc_column_text css=&#8220;&#8220;]Sollten wir Ihr Interesse an einer Mitarbeit in unserem Unternehmen geweckt haben, freuen wir uns \u00fcber Ihre aussagekr\u00e4ftige Bewerbung unter Angabe Ihres fr\u00fchesten Eintrittstermins sowie Ihrer Gehaltsvorstellungen.<\/p>\n<p>HOFMANN NATURSTEIN GmbH &amp; Co. KG<br \/>\nPersonalabteilung<br \/>\nAnton-Hofmann-Allee 2<br \/>\n97956 Werbach-Gamburg<\/p>\n<p>Telefon +49 9348 81-937<br \/>\n<a href=\"mailto:bewerbung@hofmann-naturstein.com\">bewerbung@hofmann-naturstein.com<\/a>[\/vc_column_text][\/vc_column][\/vc_row][vc_row equal_height=&#8220;yes&#8220; el_class=&#8220;trenner&#8220;][vc_column][vc_separator][\/vc_column][\/vc_row]<\/p>\n<\/div>","protected":false},"excerpt":{"rendered":"<p>[vc_row equal_height=&#8220;yes&#8220;][vc_column width=&#8220;1\/2&#8243; css=&#8220;.vc_custom_1575973201606{padding-right: 50px !important;}&#8220;][vc_single_image image=&#8220;93592&#8243; img_size=&#8220;large&#8220;][\/vc_column][vc_column width=&#8220;1\/2&#8243;][vc_column_text] Karriere bei HOFMANN NATURSTEIN\u00a0 &nbsp; Wir geh\u00f6ren zu den f\u00fchrenden Unternehmen der europ\u00e4ischen Natursteinindustrie. Unser T\u00e4tigkeitsschwerpunkt liegt im Natursteinfassadenbau. Wir planen, produzieren und montieren Natursteinfassaden im Auftrag namhafter Architekten und Bauherren. Als inhabergef\u00fchrtes Familienunternehmen setzen wir auf flache Hierarchien mit kurzen Entscheidungswegen und eigenverantwortliches Arbeiten. Dadurch [&#8230;]<\/p>\n<p><a class=\"btn btn-secondary understrap-read-more-link\" href=\"https:\/\/www.hofmann-naturstein.com\/de\/jobs-karriere\/praktikum\/studenten-schueler\/\">Weiterlesen&#8230;<\/a><\/p>\n","protected":false},"author":1,"featured_media":0,"parent":0,"menu_order":0,"comment_status":"closed","ping_status":"closed","template":"page-templates\/blank-notitle.php","meta":{"_acf_changed":false,"footnotes":""},"class_list":["post-12256","page","type-page","status-publish","hentry"],"acf":[],"yoast_head":"<!-- This site is optimized with the Yoast SEO plugin v26.5 - https:\/\/yoast.com\/wordpress\/plugins\/seo\/ -->\n<title>Jobs &amp; Karriere - Vollendete Bauten mit Naturstein von HOFMANN NATURSTEIN<\/title>\n<meta name=\"description\" content=\"Karriere beim f\u00fchrenden Unternehmen der europ\u00e4ischen Natursteinindustrie. Wir planen, produzieren und montieren Natursteinfassaden im Auftrag namhafter Architekten und Bauherren. Jetzt bewerben!\" \/>\n<meta name=\"robots\" content=\"index, follow, max-snippet:-1, max-image-preview:large, max-video-preview:-1\" \/>\n<link rel=\"canonical\" href=\"https:\/\/www.hofmann-naturstein.com\/de\/jobs-karriere\/\" \/>\n<meta property=\"og:locale\" content=\"de_DE\" \/>\n<meta property=\"og:type\" content=\"article\" \/>\n<meta property=\"og:title\" content=\"Jobs &amp; Karriere - Vollendete Bauten mit Naturstein von HOFMANN NATURSTEIN\" \/>\n<meta property=\"og:description\" content=\"Karriere beim f\u00fchrenden Unternehmen der europ\u00e4ischen Natursteinindustrie. Wir planen, produzieren und montieren Natursteinfassaden im Auftrag namhafter Architekten und Bauherren. Jetzt bewerben!\" \/>\n<meta property=\"og:url\" content=\"https:\/\/www.hofmann-naturstein.com\/de\/jobs-karriere\/\" \/>\n<meta property=\"og:site_name\" content=\"Vollendete Bauten mit Naturstein von HOFMANN NATURSTEIN\" \/>\n<meta property=\"article:modified_time\" content=\"2025-04-17T13:20:32+00:00\" \/>\n<meta name=\"twitter:card\" content=\"summary_large_image\" \/>\n<meta name=\"twitter:label1\" content=\"Gesch\u00e4tzte Lesezeit\" \/>\n\t<meta name=\"twitter:data1\" content=\"2\u00a0Minuten\" \/>\n<script type=\"application\/ld+json\" class=\"yoast-schema-graph\">{\"@context\":\"https:\/\/schema.org\",\"@graph\":[{\"@type\":\"WebPage\",\"@id\":\"https:\/\/www.hofmann-naturstein.com\/de\/jobs-karriere\/\",\"url\":\"https:\/\/www.hofmann-naturstein.com\/de\/jobs-karriere\/\",\"name\":\"Jobs & Karriere - Vollendete Bauten mit Naturstein von HOFMANN NATURSTEIN\",\"isPartOf\":{\"@id\":\"https:\/\/www.hofmann-naturstein.com\/de\/#website\"},\"datePublished\":\"2019-12-09T18:11:53+00:00\",\"dateModified\":\"2025-04-17T13:20:32+00:00\",\"description\":\"Karriere beim f\u00fchrenden Unternehmen der europ\u00e4ischen Natursteinindustrie. Wir planen, produzieren und montieren Natursteinfassaden im Auftrag namhafter Architekten und Bauherren. Jetzt bewerben!\",\"breadcrumb\":{\"@id\":\"https:\/\/www.hofmann-naturstein.com\/de\/jobs-karriere\/#breadcrumb\"},\"inLanguage\":\"de\",\"potentialAction\":[{\"@type\":\"ReadAction\",\"target\":[\"https:\/\/www.hofmann-naturstein.com\/de\/jobs-karriere\/\"]}]},{\"@type\":\"BreadcrumbList\",\"@id\":\"https:\/\/www.hofmann-naturstein.com\/de\/jobs-karriere\/#breadcrumb\",\"itemListElement\":[{\"@type\":\"ListItem\",\"position\":1,\"name\":\"Startseite\",\"item\":\"https:\/\/www.hofmann-naturstein.com\/de\/\"},{\"@type\":\"ListItem\",\"position\":2,\"name\":\"Jobs &#038; Karriere\"}]},{\"@type\":\"WebSite\",\"@id\":\"https:\/\/www.hofmann-naturstein.com\/de\/#website\",\"url\":\"https:\/\/www.hofmann-naturstein.com\/de\/\",\"name\":\"Vollendete Bauten mit Naturstein von HOFMANN NATURSTEIN\",\"description\":\"\",\"publisher\":{\"@id\":\"https:\/\/www.hofmann-naturstein.com\/de\/#organization\"},\"potentialAction\":[{\"@type\":\"SearchAction\",\"target\":{\"@type\":\"EntryPoint\",\"urlTemplate\":\"https:\/\/www.hofmann-naturstein.com\/de\/?s={search_term_string}\"},\"query-input\":{\"@type\":\"PropertyValueSpecification\",\"valueRequired\":true,\"valueName\":\"search_term_string\"}}],\"inLanguage\":\"de\"},{\"@type\":\"Organization\",\"@id\":\"https:\/\/www.hofmann-naturstein.com\/de\/#organization\",\"name\":\"Vollendete Bauten mit Naturstein von HOFMANN NATURSTEIN\",\"url\":\"https:\/\/www.hofmann-naturstein.com\/de\/\",\"logo\":{\"@type\":\"ImageObject\",\"inLanguage\":\"de\",\"@id\":\"https:\/\/www.hofmann-naturstein.com\/de\/#\/schema\/logo\/image\/\",\"url\":\"https:\/\/www.hofmann-naturstein.com\/wp-content\/uploads\/2019\/11\/cropped-hofmann-naturstein-logo.png\",\"contentUrl\":\"https:\/\/www.hofmann-naturstein.com\/wp-content\/uploads\/2019\/11\/cropped-hofmann-naturstein-logo.png\",\"width\":490,\"height\":146,\"caption\":\"Vollendete Bauten mit Naturstein von HOFMANN NATURSTEIN\"},\"image\":{\"@id\":\"https:\/\/www.hofmann-naturstein.com\/de\/#\/schema\/logo\/image\/\"}}]}<\/script>\n<!-- \/ Yoast SEO plugin. -->","yoast_head_json":{"title":"Jobs & Karriere - Vollendete Bauten mit Naturstein von HOFMANN NATURSTEIN","description":"Karriere beim f\u00fchrenden Unternehmen der europ\u00e4ischen Natursteinindustrie. Wir planen, produzieren und montieren Natursteinfassaden im Auftrag namhafter Architekten und Bauherren. Jetzt bewerben!","robots":{"index":"index","follow":"follow","max-snippet":"max-snippet:-1","max-image-preview":"max-image-preview:large","max-video-preview":"max-video-preview:-1"},"canonical":"https:\/\/www.hofmann-naturstein.com\/de\/jobs-karriere\/","og_locale":"de_DE","og_type":"article","og_title":"Jobs & Karriere - Vollendete Bauten mit Naturstein von HOFMANN NATURSTEIN","og_description":"Karriere beim f\u00fchrenden Unternehmen der europ\u00e4ischen Natursteinindustrie. Wir planen, produzieren und montieren Natursteinfassaden im Auftrag namhafter Architekten und Bauherren. Jetzt bewerben!","og_url":"https:\/\/www.hofmann-naturstein.com\/de\/jobs-karriere\/","og_site_name":"Vollendete Bauten mit Naturstein von HOFMANN NATURSTEIN","article_modified_time":"2025-04-17T13:20:32+00:00","twitter_card":"summary_large_image","twitter_misc":{"Gesch\u00e4tzte Lesezeit":"2\u00a0Minuten"},"schema":{"@context":"https:\/\/schema.org","@graph":[{"@type":"WebPage","@id":"https:\/\/www.hofmann-naturstein.com\/de\/jobs-karriere\/","url":"https:\/\/www.hofmann-naturstein.com\/de\/jobs-karriere\/","name":"Jobs & Karriere - Vollendete Bauten mit Naturstein von HOFMANN NATURSTEIN","isPartOf":{"@id":"https:\/\/www.hofmann-naturstein.com\/de\/#website"},"datePublished":"2019-12-09T18:11:53+00:00","dateModified":"2025-04-17T13:20:32+00:00","description":"Karriere beim f\u00fchrenden Unternehmen der europ\u00e4ischen Natursteinindustrie. Wir planen, produzieren und montieren Natursteinfassaden im Auftrag namhafter Architekten und Bauherren. Jetzt bewerben!","breadcrumb":{"@id":"https:\/\/www.hofmann-naturstein.com\/de\/jobs-karriere\/#breadcrumb"},"inLanguage":"de","potentialAction":[{"@type":"ReadAction","target":["https:\/\/www.hofmann-naturstein.com\/de\/jobs-karriere\/"]}]},{"@type":"BreadcrumbList","@id":"https:\/\/www.hofmann-naturstein.com\/de\/jobs-karriere\/#breadcrumb","itemListElement":[{"@type":"ListItem","position":1,"name":"Startseite","item":"https:\/\/www.hofmann-naturstein.com\/de\/"},{"@type":"ListItem","position":2,"name":"Jobs &#038; Karriere"}]},{"@type":"WebSite","@id":"https:\/\/www.hofmann-naturstein.com\/de\/#website","url":"https:\/\/www.hofmann-naturstein.com\/de\/","name":"Vollendete Bauten mit Naturstein von HOFMANN NATURSTEIN","description":"","publisher":{"@id":"https:\/\/www.hofmann-naturstein.com\/de\/#organization"},"potentialAction":[{"@type":"SearchAction","target":{"@type":"EntryPoint","urlTemplate":"https:\/\/www.hofmann-naturstein.com\/de\/?s={search_term_string}"},"query-input":{"@type":"PropertyValueSpecification","valueRequired":true,"valueName":"search_term_string"}}],"inLanguage":"de"},{"@type":"Organization","@id":"https:\/\/www.hofmann-naturstein.com\/de\/#organization","name":"Vollendete Bauten mit Naturstein von HOFMANN NATURSTEIN","url":"https:\/\/www.hofmann-naturstein.com\/de\/","logo":{"@type":"ImageObject","inLanguage":"de","@id":"https:\/\/www.hofmann-naturstein.com\/de\/#\/schema\/logo\/image\/","url":"https:\/\/www.hofmann-naturstein.com\/wp-content\/uploads\/2019\/11\/cropped-hofmann-naturstein-logo.png","contentUrl":"https:\/\/www.hofmann-naturstein.com\/wp-content\/uploads\/2019\/11\/cropped-hofmann-naturstein-logo.png","width":490,"height":146,"caption":"Vollendete Bauten mit Naturstein von HOFMANN NATURSTEIN"},"image":{"@id":"https:\/\/www.hofmann-naturstein.com\/de\/#\/schema\/logo\/image\/"}}]}},"_links":{"self":[{"href":"https:\/\/www.hofmann-naturstein.com\/de\/wp-json\/wp\/v2\/pages\/12256","targetHints":{"allow":["GET"]}}],"collection":[{"href":"https:\/\/www.hofmann-naturstein.com\/de\/wp-json\/wp\/v2\/pages"}],"about":[{"href":"https:\/\/www.hofmann-naturstein.com\/de\/wp-json\/wp\/v2\/types\/page"}],"author":[{"embeddable":true,"href":"https:\/\/www.hofmann-naturstein.com\/de\/wp-json\/wp\/v2\/users\/1"}],"replies":[{"embeddable":true,"href":"https:\/\/www.hofmann-naturstein.com\/de\/wp-json\/wp\/v2\/comments?post=12256"}],"version-history":[{"count":18,"href":"https:\/\/www.hofmann-naturstein.com\/de\/wp-json\/wp\/v2\/pages\/12256\/revisions"}],"predecessor-version":[{"id":97214,"href":"https:\/\/www.hofmann-naturstein.com\/de\/wp-json\/wp\/v2\/pages\/12256\/revisions\/97214"}],"wp:attachment":[{"href":"https:\/\/www.hofmann-naturstein.com\/de\/wp-json\/wp\/v2\/media?parent=12256"}],"curies":[{"name":"wp","href":"https:\/\/api.w.org\/{rel}","templated":true}]}}