{"id":12322,"date":"2022-01-10T17:26:18","date_gmt":"2022-01-10T16:26:18","guid":{"rendered":"https:\/\/hofmann.dev.viableart.com\/jobs-karriere\/duale-ausbildung-studium\/duale-ausbildung-gepruefter-industriemeister-naturwerkstein-m-w-d\/"},"modified":"2025-04-17T15:13:18","modified_gmt":"2025-04-17T13:13:18","slug":"gepruefter-industriemeister","status":"publish","type":"page","link":"https:\/\/www.hofmann-naturstein.com\/de\/jobs-karriere\/duale-ausbildung-studium\/gepruefter-industriemeister\/","title":{"rendered":"zum gepr\u00fcften Industriemeister Naturwerkstein (IHK)"},"content":{"rendered":"<div class=\"wpb-content-wrapper\"><p>[vc_row equal_height=&#8220;yes&#8220;][vc_column width=&#8220;1\/2&#8243;][vc_column_text]\t<div class=\"img-wrapper-job\">\n\t\t<img decoding=\"async\" src=\"https:\/\/www.hofmann-naturstein.com\/de\/\/wp-content\/uploads\/AR_Durlacher_Allee_Karlsruhe_2021_Pinjo_021-683x1024.jpg\" alt=\"\">\n\t<\/div>\n\t<p>HOFMANN NATURSTEIN<br>GmbH &amp; Co. KG<br>Personalabteilung<br>Anton-Hofmann-Allee 2<br>97956 Werbach-Gamburg<br>Tel. (0 93 48) 81-9 37<br><a href=\"mailto:bewerbung@hofmann-naturstein.com\" class=\"job-btn\">bewerbung@hofmann-naturstein.com<\/a><br><a class=\"job-btn\" href=\"https:\/\/www.hofmann-naturstein.com\/de\/\">www.hofmann-naturstein.com<\/a><\/p>\n\t[\/vc_column_text][\/vc_column][vc_column width=&#8220;1\/2&#8243;][vc_column_text]<\/p>\n<h1>DUALE AUSBILDUNG: GEPR\u00dcFTER INDUSTRIEMEISTER NATURWERKSTEIN (IHK) M\/W\/D<\/h1>\n<h3>Dein Fachbereich<\/h3>\n<p>Als Industriemeister Naturwerkstein verstehst Du es, das Personal in der Produktion zu f\u00fchren und die innerbetrieblichen Arbeitsabl\u00e4ufe in ihrer Qualit\u00e4t zu sichern und zu optimieren. Du \u00fcberwachst die Fertigungsprozesse sowie die technischen Anlagen und sorgst daf\u00fcr, dass Produktionsziele bez\u00fcglich Menge und Qualit\u00e4t der Produkte, Terminierung und Wirtschaftlichkeit erreicht werden. Damit befindest Du Dich an der Schnittstelle von Planung und Produktion.<\/p>\n<h3>Deine Chance<\/h3>\n<p>Die fachrichtungs\u00fcbergreifenden Basisqualifikationen wird als Blended -Learning Kurs mit Pr\u00e4senzphasen in der IHK-Akademie N\u00fcrnberg angeboten. Das bedeutet, dass online von zu Hause oder aus dem B\u00fcro heraus die Kurse bearbeitet werden k\u00f6nnen. Das multimediale Lehrmaterial wird von der IHK-Akademie N\u00fcrnberg zur Verf\u00fcgung gestellt und ist auf eine online Anwendung optimiert. Gemeinsam mit den Fachdozenten werden Aufgaben und Ergebnisse \u00fcberpr\u00fcft und korrigiert.<\/p>\n<p>Der eint\u00e4gige Pr\u00e4senzunterricht findet alle drei bis vier Wochen statt, die Unterrichtstage sind freitags oder samstags. Am Ende dieses Ma\u00dfnahmenabschnittes ist eine Vollzeitwoche geplant. Die fach\u00fcbergreifenden Basisqualifikationen finden in der IHK-Akademie N\u00fcrnberg statt.<\/p>\n<p>Die handlungsspezifischen Qualifikationen finden in Blockwochen an der Staatlichen Berufsschule\u00a0 Eichst\u00e4tt statt. Den AdA-Kurs (Ausbildung der Ausbilder) absolvierst Du innerhalb eines Jahres und er ist f\u00fcr die Industriemeister aller Branchen gleich. Die Abschlusspr\u00fcfung des Meisterkurses erfolgt durch die IHK-Akademie N\u00fcrnberg.<\/p>\n<p>Die Ausbildungsdauer betr\u00e4gt 3 Jahre.<\/p>\n<h3>F\u00fcr den Meisterkurs solltest Du die Bereitschaft zur Entwicklung Deiner F\u00e4higkeiten in folgenden Bereichen mitbringen:<\/h3>\n<ul>\n<li>Teamf\u00fchrung<\/li>\n<li>einen Blick f\u00fcr die Optimierung innerbetriebliche Abl\u00e4ufe und Fertigungsprozesse<\/li>\n<li>Pr\u00fcfung und Kontrolle der Fertigungsprozesse und technischen Anlagen<\/li>\n<li>verantwortungsvolles Handeln in Sicherung und Terminierung von Produktqualit\u00e4t und Menge<\/li>\n<\/ul>\n<h3>Voraussetzung<\/h3>\n<ul>\n<li>eine erfolgreich abgeschlossene Ausbildung zum Naturwerksteinmechaniker \/ zur Naturwerksteinmechanikerin oder vergleichbare Ausbildung<\/li>\n<li>oder einschl\u00e4gige Berufserfahrung von mehreren Jahren in der Natursteinindustrie<\/li>\n<\/ul>\n<p>[\/vc_column_text][vc_column_text]\t<div class=\"back-to-offer-overview\">\n\t\t<a class=\"job-btn\" href=\"https:\/\/www.hofmann-naturstein.com\/de\/\/jobs-karriere\">zur\u00fcck zur \u00dcbersicht<\/a>\n\t<\/div>\n\t\n\t[\/vc_column_text][\/vc_column][\/vc_row][vc_row equal_height=&#8220;yes&#8220; el_class=&#8220;trenner&#8220;][vc_column][vc_separator][\/vc_column][\/vc_row]<\/p>\n<\/div>","protected":false},"excerpt":{"rendered":"<p>[vc_row equal_height=&#8220;yes&#8220;][vc_column width=&#8220;1\/2&#8243;][vc_column_text][\/vc_column_text][\/vc_column][vc_column width=&#8220;1\/2&#8243;][vc_column_text] DUALE AUSBILDUNG: GEPR\u00dcFTER INDUSTRIEMEISTER NATURWERKSTEIN (IHK) M\/W\/D Dein Fachbereich Als Industriemeister Naturwerkstein verstehst Du es, das Personal in der Produktion zu f\u00fchren und die innerbetrieblichen Arbeitsabl\u00e4ufe in ihrer Qualit\u00e4t zu sichern und zu optimieren. Du \u00fcberwachst die Fertigungsprozesse sowie die technischen Anlagen und sorgst daf\u00fcr, dass Produktionsziele bez\u00fcglich Menge und Qualit\u00e4t [&#8230;]<\/p>\n<p><a class=\"btn btn-secondary understrap-read-more-link\" href=\"https:\/\/www.hofmann-naturstein.com\/de\/jobs-karriere\/duale-ausbildung-studium\/gepruefter-industriemeister\/\">Weiterlesen&#8230;<\/a><\/p>\n","protected":false},"author":1,"featured_media":0,"parent":12292,"menu_order":0,"comment_status":"closed","ping_status":"closed","template":"page-templates\/jobs.php","meta":{"_acf_changed":false,"footnotes":""},"class_list":["post-12322","page","type-page","status-publish","hentry"],"acf":[],"yoast_head":"<!-- This site is optimized with the Yoast SEO plugin v26.5 - https:\/\/yoast.com\/wordpress\/plugins\/seo\/ -->\n<title>zum gepr\u00fcften Industriemeister Naturwerkstein (IHK) - Vollendete Bauten mit Naturstein von HOFMANN NATURSTEIN<\/title>\n<meta name=\"description\" content=\"Duale Ausbildung, gepr\u00fcfter Industriemeister\/Industriemeisterin, Naturwerkstein, industrielles Servicemanagement, Abschluss Bachelor\" \/>\n<meta name=\"robots\" content=\"index, follow, max-snippet:-1, max-image-preview:large, max-video-preview:-1\" \/>\n<link rel=\"canonical\" href=\"https:\/\/www.hofmann-naturstein.com\/de\/jobs-karriere\/duale-ausbildung-studium\/gepruefter-industriemeister\/\" \/>\n<meta property=\"og:locale\" content=\"de_DE\" \/>\n<meta property=\"og:type\" content=\"article\" \/>\n<meta property=\"og:title\" content=\"zum gepr\u00fcften Industriemeister Naturwerkstein (IHK) - Vollendete Bauten mit Naturstein von HOFMANN NATURSTEIN\" \/>\n<meta property=\"og:description\" content=\"Duale Ausbildung, gepr\u00fcfter Industriemeister\/Industriemeisterin, Naturwerkstein, industrielles Servicemanagement, Abschluss Bachelor\" \/>\n<meta property=\"og:url\" content=\"https:\/\/www.hofmann-naturstein.com\/de\/jobs-karriere\/duale-ausbildung-studium\/gepruefter-industriemeister\/\" \/>\n<meta property=\"og:site_name\" content=\"Vollendete Bauten mit Naturstein von HOFMANN NATURSTEIN\" \/>\n<meta property=\"article:modified_time\" content=\"2025-04-17T13:13:18+00:00\" \/>\n<meta name=\"twitter:card\" content=\"summary_large_image\" \/>\n<meta name=\"twitter:label1\" content=\"Gesch\u00e4tzte Lesezeit\" \/>\n\t<meta name=\"twitter:data1\" content=\"2\u00a0Minuten\" \/>\n<script type=\"application\/ld+json\" class=\"yoast-schema-graph\">{\"@context\":\"https:\/\/schema.org\",\"@graph\":[{\"@type\":\"WebPage\",\"@id\":\"https:\/\/www.hofmann-naturstein.com\/de\/jobs-karriere\/duale-ausbildung-studium\/gepruefter-industriemeister\/\",\"url\":\"https:\/\/www.hofmann-naturstein.com\/de\/jobs-karriere\/duale-ausbildung-studium\/gepruefter-industriemeister\/\",\"name\":\"zum gepr\u00fcften Industriemeister Naturwerkstein (IHK) - Vollendete Bauten mit Naturstein von HOFMANN NATURSTEIN\",\"isPartOf\":{\"@id\":\"https:\/\/www.hofmann-naturstein.com\/de\/#website\"},\"datePublished\":\"2022-01-10T16:26:18+00:00\",\"dateModified\":\"2025-04-17T13:13:18+00:00\",\"description\":\"Duale Ausbildung, gepr\u00fcfter Industriemeister\/Industriemeisterin, Naturwerkstein, industrielles Servicemanagement, Abschluss Bachelor\",\"breadcrumb\":{\"@id\":\"https:\/\/www.hofmann-naturstein.com\/de\/jobs-karriere\/duale-ausbildung-studium\/gepruefter-industriemeister\/#breadcrumb\"},\"inLanguage\":\"de\",\"potentialAction\":[{\"@type\":\"ReadAction\",\"target\":[\"https:\/\/www.hofmann-naturstein.com\/de\/jobs-karriere\/duale-ausbildung-studium\/gepruefter-industriemeister\/\"]}]},{\"@type\":\"BreadcrumbList\",\"@id\":\"https:\/\/www.hofmann-naturstein.com\/de\/jobs-karriere\/duale-ausbildung-studium\/gepruefter-industriemeister\/#breadcrumb\",\"itemListElement\":[{\"@type\":\"ListItem\",\"position\":1,\"name\":\"Startseite\",\"item\":\"https:\/\/www.hofmann-naturstein.com\/de\/\"},{\"@type\":\"ListItem\",\"position\":2,\"name\":\"Jobs &#038; Karriere\",\"item\":\"https:\/\/www.hofmann-naturstein.com\/de\/jobs-karriere\/\"},{\"@type\":\"ListItem\",\"position\":3,\"name\":\"Duales Studium\",\"item\":\"https:\/\/www.hofmann-naturstein.com\/de\/jobs-karriere\/duale-ausbildung-studium\/\"},{\"@type\":\"ListItem\",\"position\":4,\"name\":\"zum gepr\u00fcften Industriemeister Naturwerkstein (IHK)\"}]},{\"@type\":\"WebSite\",\"@id\":\"https:\/\/www.hofmann-naturstein.com\/de\/#website\",\"url\":\"https:\/\/www.hofmann-naturstein.com\/de\/\",\"name\":\"Vollendete Bauten mit Naturstein von HOFMANN NATURSTEIN\",\"description\":\"\",\"publisher\":{\"@id\":\"https:\/\/www.hofmann-naturstein.com\/de\/#organization\"},\"potentialAction\":[{\"@type\":\"SearchAction\",\"target\":{\"@type\":\"EntryPoint\",\"urlTemplate\":\"https:\/\/www.hofmann-naturstein.com\/de\/?s={search_term_string}\"},\"query-input\":{\"@type\":\"PropertyValueSpecification\",\"valueRequired\":true,\"valueName\":\"search_term_string\"}}],\"inLanguage\":\"de\"},{\"@type\":\"Organization\",\"@id\":\"https:\/\/www.hofmann-naturstein.com\/de\/#organization\",\"name\":\"Vollendete Bauten mit Naturstein von HOFMANN NATURSTEIN\",\"url\":\"https:\/\/www.hofmann-naturstein.com\/de\/\",\"logo\":{\"@type\":\"ImageObject\",\"inLanguage\":\"de\",\"@id\":\"https:\/\/www.hofmann-naturstein.com\/de\/#\/schema\/logo\/image\/\",\"url\":\"https:\/\/www.hofmann-naturstein.com\/wp-content\/uploads\/2019\/11\/cropped-hofmann-naturstein-logo.png\",\"contentUrl\":\"https:\/\/www.hofmann-naturstein.com\/wp-content\/uploads\/2019\/11\/cropped-hofmann-naturstein-logo.png\",\"width\":490,\"height\":146,\"caption\":\"Vollendete Bauten mit Naturstein von HOFMANN NATURSTEIN\"},\"image\":{\"@id\":\"https:\/\/www.hofmann-naturstein.com\/de\/#\/schema\/logo\/image\/\"}}]}<\/script>\n<!-- \/ Yoast SEO plugin. -->","yoast_head_json":{"title":"zum gepr\u00fcften Industriemeister Naturwerkstein (IHK) - Vollendete Bauten mit Naturstein von HOFMANN NATURSTEIN","description":"Duale Ausbildung, gepr\u00fcfter Industriemeister\/Industriemeisterin, Naturwerkstein, industrielles Servicemanagement, Abschluss Bachelor","robots":{"index":"index","follow":"follow","max-snippet":"max-snippet:-1","max-image-preview":"max-image-preview:large","max-video-preview":"max-video-preview:-1"},"canonical":"https:\/\/www.hofmann-naturstein.com\/de\/jobs-karriere\/duale-ausbildung-studium\/gepruefter-industriemeister\/","og_locale":"de_DE","og_type":"article","og_title":"zum gepr\u00fcften Industriemeister Naturwerkstein (IHK) - Vollendete Bauten mit Naturstein von HOFMANN NATURSTEIN","og_description":"Duale Ausbildung, gepr\u00fcfter Industriemeister\/Industriemeisterin, Naturwerkstein, industrielles Servicemanagement, Abschluss Bachelor","og_url":"https:\/\/www.hofmann-naturstein.com\/de\/jobs-karriere\/duale-ausbildung-studium\/gepruefter-industriemeister\/","og_site_name":"Vollendete Bauten mit Naturstein von HOFMANN NATURSTEIN","article_modified_time":"2025-04-17T13:13:18+00:00","twitter_card":"summary_large_image","twitter_misc":{"Gesch\u00e4tzte Lesezeit":"2\u00a0Minuten"},"schema":{"@context":"https:\/\/schema.org","@graph":[{"@type":"WebPage","@id":"https:\/\/www.hofmann-naturstein.com\/de\/jobs-karriere\/duale-ausbildung-studium\/gepruefter-industriemeister\/","url":"https:\/\/www.hofmann-naturstein.com\/de\/jobs-karriere\/duale-ausbildung-studium\/gepruefter-industriemeister\/","name":"zum gepr\u00fcften Industriemeister Naturwerkstein (IHK) - Vollendete Bauten mit Naturstein von HOFMANN NATURSTEIN","isPartOf":{"@id":"https:\/\/www.hofmann-naturstein.com\/de\/#website"},"datePublished":"2022-01-10T16:26:18+00:00","dateModified":"2025-04-17T13:13:18+00:00","description":"Duale Ausbildung, gepr\u00fcfter Industriemeister\/Industriemeisterin, Naturwerkstein, industrielles Servicemanagement, Abschluss Bachelor","breadcrumb":{"@id":"https:\/\/www.hofmann-naturstein.com\/de\/jobs-karriere\/duale-ausbildung-studium\/gepruefter-industriemeister\/#breadcrumb"},"inLanguage":"de","potentialAction":[{"@type":"ReadAction","target":["https:\/\/www.hofmann-naturstein.com\/de\/jobs-karriere\/duale-ausbildung-studium\/gepruefter-industriemeister\/"]}]},{"@type":"BreadcrumbList","@id":"https:\/\/www.hofmann-naturstein.com\/de\/jobs-karriere\/duale-ausbildung-studium\/gepruefter-industriemeister\/#breadcrumb","itemListElement":[{"@type":"ListItem","position":1,"name":"Startseite","item":"https:\/\/www.hofmann-naturstein.com\/de\/"},{"@type":"ListItem","position":2,"name":"Jobs &#038; Karriere","item":"https:\/\/www.hofmann-naturstein.com\/de\/jobs-karriere\/"},{"@type":"ListItem","position":3,"name":"Duales Studium","item":"https:\/\/www.hofmann-naturstein.com\/de\/jobs-karriere\/duale-ausbildung-studium\/"},{"@type":"ListItem","position":4,"name":"zum gepr\u00fcften Industriemeister Naturwerkstein (IHK)"}]},{"@type":"WebSite","@id":"https:\/\/www.hofmann-naturstein.com\/de\/#website","url":"https:\/\/www.hofmann-naturstein.com\/de\/","name":"Vollendete Bauten mit Naturstein von HOFMANN NATURSTEIN","description":"","publisher":{"@id":"https:\/\/www.hofmann-naturstein.com\/de\/#organization"},"potentialAction":[{"@type":"SearchAction","target":{"@type":"EntryPoint","urlTemplate":"https:\/\/www.hofmann-naturstein.com\/de\/?s={search_term_string}"},"query-input":{"@type":"PropertyValueSpecification","valueRequired":true,"valueName":"search_term_string"}}],"inLanguage":"de"},{"@type":"Organization","@id":"https:\/\/www.hofmann-naturstein.com\/de\/#organization","name":"Vollendete Bauten mit Naturstein von HOFMANN NATURSTEIN","url":"https:\/\/www.hofmann-naturstein.com\/de\/","logo":{"@type":"ImageObject","inLanguage":"de","@id":"https:\/\/www.hofmann-naturstein.com\/de\/#\/schema\/logo\/image\/","url":"https:\/\/www.hofmann-naturstein.com\/wp-content\/uploads\/2019\/11\/cropped-hofmann-naturstein-logo.png","contentUrl":"https:\/\/www.hofmann-naturstein.com\/wp-content\/uploads\/2019\/11\/cropped-hofmann-naturstein-logo.png","width":490,"height":146,"caption":"Vollendete Bauten mit Naturstein von HOFMANN NATURSTEIN"},"image":{"@id":"https:\/\/www.hofmann-naturstein.com\/de\/#\/schema\/logo\/image\/"}}]}},"_links":{"self":[{"href":"https:\/\/www.hofmann-naturstein.com\/de\/wp-json\/wp\/v2\/pages\/12322","targetHints":{"allow":["GET"]}}],"collection":[{"href":"https:\/\/www.hofmann-naturstein.com\/de\/wp-json\/wp\/v2\/pages"}],"about":[{"href":"https:\/\/www.hofmann-naturstein.com\/de\/wp-json\/wp\/v2\/types\/page"}],"author":[{"embeddable":true,"href":"https:\/\/www.hofmann-naturstein.com\/de\/wp-json\/wp\/v2\/users\/1"}],"replies":[{"embeddable":true,"href":"https:\/\/www.hofmann-naturstein.com\/de\/wp-json\/wp\/v2\/comments?post=12322"}],"version-history":[{"count":9,"href":"https:\/\/www.hofmann-naturstein.com\/de\/wp-json\/wp\/v2\/pages\/12322\/revisions"}],"predecessor-version":[{"id":97213,"href":"https:\/\/www.hofmann-naturstein.com\/de\/wp-json\/wp\/v2\/pages\/12322\/revisions\/97213"}],"up":[{"embeddable":true,"href":"https:\/\/www.hofmann-naturstein.com\/de\/wp-json\/wp\/v2\/pages\/12292"}],"wp:attachment":[{"href":"https:\/\/www.hofmann-naturstein.com\/de\/wp-json\/wp\/v2\/media?parent=12322"}],"curies":[{"name":"wp","href":"https:\/\/api.w.org\/{rel}","templated":true}]}}