{"id":12324,"date":"2022-01-10T17:26:18","date_gmt":"2022-01-10T16:26:18","guid":{"rendered":"https:\/\/hofmann.dev.viableart.com\/jobs-karriere\/duale-ausbildung-studium\/verbundstudium-bauingenieurwesen-b-eng-naturwerksteinmechaniker-m-w-d\/"},"modified":"2025-04-17T15:13:13","modified_gmt":"2025-04-17T13:13:13","slug":"verbundstudium-bauingenieurwesen-naturwerksteinmechaniker","status":"publish","type":"page","link":"https:\/\/www.hofmann-naturstein.com\/de\/jobs-karriere\/duale-ausbildung-studium\/verbundstudium-bauingenieurwesen-naturwerksteinmechaniker\/","title":{"rendered":"Verbundstudium: Bauingenieurwesen \/ Naturwerksteinmechaniker"},"content":{"rendered":"<div class=\"wpb-content-wrapper\"><p>[vc_row equal_height=&#8220;yes&#8220;][vc_column width=&#8220;1\/2&#8243;][vc_column_text]\t<div class=\"img-wrapper-job\">\n\t\t<img decoding=\"async\" src=\"https:\/\/www.hofmann-naturstein.com\/de\/\/wp-content\/uploads\/AR_Durlacher_Allee_Karlsruhe_2021_Pinjo_021-683x1024.jpg\" alt=\"\">\n\t<\/div>\n\t<p>HOFMANN NATURSTEIN<br>GmbH &amp; Co. KG<br>Personalabteilung<br>Anton-Hofmann-Allee 2<br>97956 Werbach-Gamburg<br>Tel. (0 93 48) 81-9 37<br><a href=\"mailto:bewerbung@hofmann-naturstein.com\" class=\"job-btn\">bewerbung@hofmann-naturstein.com<\/a><br><a class=\"job-btn\" href=\"https:\/\/www.hofmann-naturstein.com\/de\/\">www.hofmann-naturstein.com<\/a><\/p>\n\t[\/vc_column_text][\/vc_column][vc_column width=&#8220;1\/2&#8243;][vc_column_text]<\/p>\n<h1>VERBUNDSTUDIUM: BAUINGENIEURWESEN\/ NATURWERKSTEINMECHANIKER (B. Eng.) M\/W\/D<\/h1>\n<h3>Fachbereich<\/h3>\n<p>Nach dem ersten Ausbildungsjahr legst Du eine IHK-Zwischenpr\u00fcfung zum Naturwerksteinmechaniker ab und beginnst im Anschluss Dein Studium zum Bauingenieur. Neben Deiner Hochschulausbildung verbringst Du 27,5 Monate in unserem Unternehmen f\u00fcr Natursteinfassadensysteme und wirst an alle wichtigen Fachbereiche herangef\u00fchrt. Die theoretischen Lehrveranstaltungen finden zum einen an der Berufsschule Eichst\u00e4tt und zum anderen an der Technischen Hochschule N\u00fcrnberg statt.<\/p>\n<p>Die Ausbildungsdauer betr\u00e4gt 4.5 Jahre.<\/p>\n<h3>Deine Chance<\/h3>\n<p>Du lernst die Realisierung von anspruchsvollen Bauprojekten im Natursteinfassadenbau sowie die F\u00fchrung und Koordination der Fassadenarbeiten auf den Baustellen kennen.<\/p>\n<h3>Das solltest Du f\u00fcr Dein Studium mitbringen<\/h3>\n<ul>\n<li>handwerkliches Interesse<\/li>\n<li>Interesse am Bauingenieurwesen<\/li>\n<li>Interesse f\u00fcr computergesteuerte Technik und CNC-Maschinen<\/li>\n<li>eine sorgf\u00e4ltige Arbeitsweise<\/li>\n<\/ul>\n<h3>Voraussetzung<\/h3>\n<ul>\n<li>Abitur oder Fachabitur<\/li>\n<\/ul>\n<p>&nbsp;<\/p>\n<p>[\/vc_column_text][vc_column_text]\t<div class=\"back-to-offer-overview\">\n\t\t<a class=\"job-btn\" href=\"https:\/\/www.hofmann-naturstein.com\/de\/\/jobs-karriere\">zur\u00fcck zur \u00dcbersicht<\/a>\n\t<\/div>\n\t\n\t[\/vc_column_text][\/vc_column][\/vc_row][vc_row equal_height=&#8220;yes&#8220; el_class=&#8220;trenner&#8220;][vc_column][vc_separator][\/vc_column][\/vc_row]<\/p>\n<\/div>","protected":false},"excerpt":{"rendered":"<p>[vc_row equal_height=&#8220;yes&#8220;][vc_column width=&#8220;1\/2&#8243;][vc_column_text][\/vc_column_text][\/vc_column][vc_column width=&#8220;1\/2&#8243;][vc_column_text] VERBUNDSTUDIUM: BAUINGENIEURWESEN\/ NATURWERKSTEINMECHANIKER (B. Eng.) M\/W\/D Fachbereich Nach dem ersten Ausbildungsjahr legst Du eine IHK-Zwischenpr\u00fcfung zum Naturwerksteinmechaniker ab und beginnst im Anschluss Dein Studium zum Bauingenieur. Neben Deiner Hochschulausbildung verbringst Du 27,5 Monate in unserem Unternehmen f\u00fcr Natursteinfassadensysteme und wirst an alle wichtigen Fachbereiche herangef\u00fchrt. Die theoretischen Lehrveranstaltungen finden zum einen [&#8230;]<\/p>\n<p><a class=\"btn btn-secondary understrap-read-more-link\" href=\"https:\/\/www.hofmann-naturstein.com\/de\/jobs-karriere\/duale-ausbildung-studium\/verbundstudium-bauingenieurwesen-naturwerksteinmechaniker\/\">Weiterlesen&#8230;<\/a><\/p>\n","protected":false},"author":1,"featured_media":0,"parent":12292,"menu_order":0,"comment_status":"closed","ping_status":"closed","template":"page-templates\/jobs.php","meta":{"_acf_changed":false,"footnotes":""},"class_list":["post-12324","page","type-page","status-publish","hentry"],"acf":[],"yoast_head":"<!-- This site is optimized with the Yoast SEO plugin v26.5 - https:\/\/yoast.com\/wordpress\/plugins\/seo\/ -->\n<title>Verbundstudium: Bauingenieurwesen \/ Naturwerksteinmechaniker - Vollendete Bauten mit Naturstein von HOFMANN NATURSTEIN<\/title>\n<meta name=\"description\" content=\"Verbundstudium, Naturwerksteinmechaniker, Naturwerksteinmechanikerin, Bauingenieur, Bauingenieurin, Abschluss Bachelor of Engineering\" \/>\n<meta name=\"robots\" content=\"index, follow, max-snippet:-1, max-image-preview:large, max-video-preview:-1\" \/>\n<link rel=\"canonical\" href=\"https:\/\/www.hofmann-naturstein.com\/de\/jobs-karriere\/duale-ausbildung-studium\/verbundstudium-bauingenieurwesen-naturwerksteinmechaniker\/\" \/>\n<meta property=\"og:locale\" content=\"de_DE\" \/>\n<meta property=\"og:type\" content=\"article\" \/>\n<meta property=\"og:title\" content=\"Verbundstudium: Bauingenieurwesen \/ Naturwerksteinmechaniker - Vollendete Bauten mit Naturstein von HOFMANN NATURSTEIN\" \/>\n<meta property=\"og:description\" content=\"Verbundstudium, Naturwerksteinmechaniker, Naturwerksteinmechanikerin, Bauingenieur, Bauingenieurin, Abschluss Bachelor of Engineering\" \/>\n<meta property=\"og:url\" content=\"https:\/\/www.hofmann-naturstein.com\/de\/jobs-karriere\/duale-ausbildung-studium\/verbundstudium-bauingenieurwesen-naturwerksteinmechaniker\/\" \/>\n<meta property=\"og:site_name\" content=\"Vollendete Bauten mit Naturstein von HOFMANN NATURSTEIN\" \/>\n<meta property=\"article:modified_time\" content=\"2025-04-17T13:13:13+00:00\" \/>\n<meta name=\"twitter:card\" content=\"summary_large_image\" \/>\n<meta name=\"twitter:label1\" content=\"Gesch\u00e4tzte Lesezeit\" \/>\n\t<meta name=\"twitter:data1\" content=\"1\u00a0Minute\" \/>\n<script type=\"application\/ld+json\" class=\"yoast-schema-graph\">{\"@context\":\"https:\/\/schema.org\",\"@graph\":[{\"@type\":\"WebPage\",\"@id\":\"https:\/\/www.hofmann-naturstein.com\/de\/jobs-karriere\/duale-ausbildung-studium\/verbundstudium-bauingenieurwesen-naturwerksteinmechaniker\/\",\"url\":\"https:\/\/www.hofmann-naturstein.com\/de\/jobs-karriere\/duale-ausbildung-studium\/verbundstudium-bauingenieurwesen-naturwerksteinmechaniker\/\",\"name\":\"Verbundstudium: Bauingenieurwesen \/ Naturwerksteinmechaniker - Vollendete Bauten mit Naturstein von HOFMANN NATURSTEIN\",\"isPartOf\":{\"@id\":\"https:\/\/www.hofmann-naturstein.com\/de\/#website\"},\"datePublished\":\"2022-01-10T16:26:18+00:00\",\"dateModified\":\"2025-04-17T13:13:13+00:00\",\"description\":\"Verbundstudium, Naturwerksteinmechaniker, Naturwerksteinmechanikerin, Bauingenieur, Bauingenieurin, Abschluss Bachelor of Engineering\",\"breadcrumb\":{\"@id\":\"https:\/\/www.hofmann-naturstein.com\/de\/jobs-karriere\/duale-ausbildung-studium\/verbundstudium-bauingenieurwesen-naturwerksteinmechaniker\/#breadcrumb\"},\"inLanguage\":\"de\",\"potentialAction\":[{\"@type\":\"ReadAction\",\"target\":[\"https:\/\/www.hofmann-naturstein.com\/de\/jobs-karriere\/duale-ausbildung-studium\/verbundstudium-bauingenieurwesen-naturwerksteinmechaniker\/\"]}]},{\"@type\":\"BreadcrumbList\",\"@id\":\"https:\/\/www.hofmann-naturstein.com\/de\/jobs-karriere\/duale-ausbildung-studium\/verbundstudium-bauingenieurwesen-naturwerksteinmechaniker\/#breadcrumb\",\"itemListElement\":[{\"@type\":\"ListItem\",\"position\":1,\"name\":\"Startseite\",\"item\":\"https:\/\/www.hofmann-naturstein.com\/de\/\"},{\"@type\":\"ListItem\",\"position\":2,\"name\":\"Jobs &#038; Karriere\",\"item\":\"https:\/\/www.hofmann-naturstein.com\/de\/jobs-karriere\/\"},{\"@type\":\"ListItem\",\"position\":3,\"name\":\"Duales Studium\",\"item\":\"https:\/\/www.hofmann-naturstein.com\/de\/jobs-karriere\/duale-ausbildung-studium\/\"},{\"@type\":\"ListItem\",\"position\":4,\"name\":\"Verbundstudium: Bauingenieurwesen \/ Naturwerksteinmechaniker\"}]},{\"@type\":\"WebSite\",\"@id\":\"https:\/\/www.hofmann-naturstein.com\/de\/#website\",\"url\":\"https:\/\/www.hofmann-naturstein.com\/de\/\",\"name\":\"Vollendete Bauten mit Naturstein von HOFMANN NATURSTEIN\",\"description\":\"\",\"publisher\":{\"@id\":\"https:\/\/www.hofmann-naturstein.com\/de\/#organization\"},\"potentialAction\":[{\"@type\":\"SearchAction\",\"target\":{\"@type\":\"EntryPoint\",\"urlTemplate\":\"https:\/\/www.hofmann-naturstein.com\/de\/?s={search_term_string}\"},\"query-input\":{\"@type\":\"PropertyValueSpecification\",\"valueRequired\":true,\"valueName\":\"search_term_string\"}}],\"inLanguage\":\"de\"},{\"@type\":\"Organization\",\"@id\":\"https:\/\/www.hofmann-naturstein.com\/de\/#organization\",\"name\":\"Vollendete Bauten mit Naturstein von HOFMANN NATURSTEIN\",\"url\":\"https:\/\/www.hofmann-naturstein.com\/de\/\",\"logo\":{\"@type\":\"ImageObject\",\"inLanguage\":\"de\",\"@id\":\"https:\/\/www.hofmann-naturstein.com\/de\/#\/schema\/logo\/image\/\",\"url\":\"https:\/\/www.hofmann-naturstein.com\/wp-content\/uploads\/2019\/11\/cropped-hofmann-naturstein-logo.png\",\"contentUrl\":\"https:\/\/www.hofmann-naturstein.com\/wp-content\/uploads\/2019\/11\/cropped-hofmann-naturstein-logo.png\",\"width\":490,\"height\":146,\"caption\":\"Vollendete Bauten mit Naturstein von HOFMANN NATURSTEIN\"},\"image\":{\"@id\":\"https:\/\/www.hofmann-naturstein.com\/de\/#\/schema\/logo\/image\/\"}}]}<\/script>\n<!-- \/ Yoast SEO plugin. -->","yoast_head_json":{"title":"Verbundstudium: Bauingenieurwesen \/ Naturwerksteinmechaniker - Vollendete Bauten mit Naturstein von HOFMANN NATURSTEIN","description":"Verbundstudium, Naturwerksteinmechaniker, Naturwerksteinmechanikerin, Bauingenieur, Bauingenieurin, Abschluss Bachelor of Engineering","robots":{"index":"index","follow":"follow","max-snippet":"max-snippet:-1","max-image-preview":"max-image-preview:large","max-video-preview":"max-video-preview:-1"},"canonical":"https:\/\/www.hofmann-naturstein.com\/de\/jobs-karriere\/duale-ausbildung-studium\/verbundstudium-bauingenieurwesen-naturwerksteinmechaniker\/","og_locale":"de_DE","og_type":"article","og_title":"Verbundstudium: Bauingenieurwesen \/ Naturwerksteinmechaniker - Vollendete Bauten mit Naturstein von HOFMANN NATURSTEIN","og_description":"Verbundstudium, Naturwerksteinmechaniker, Naturwerksteinmechanikerin, Bauingenieur, Bauingenieurin, Abschluss Bachelor of Engineering","og_url":"https:\/\/www.hofmann-naturstein.com\/de\/jobs-karriere\/duale-ausbildung-studium\/verbundstudium-bauingenieurwesen-naturwerksteinmechaniker\/","og_site_name":"Vollendete Bauten mit Naturstein von HOFMANN NATURSTEIN","article_modified_time":"2025-04-17T13:13:13+00:00","twitter_card":"summary_large_image","twitter_misc":{"Gesch\u00e4tzte Lesezeit":"1\u00a0Minute"},"schema":{"@context":"https:\/\/schema.org","@graph":[{"@type":"WebPage","@id":"https:\/\/www.hofmann-naturstein.com\/de\/jobs-karriere\/duale-ausbildung-studium\/verbundstudium-bauingenieurwesen-naturwerksteinmechaniker\/","url":"https:\/\/www.hofmann-naturstein.com\/de\/jobs-karriere\/duale-ausbildung-studium\/verbundstudium-bauingenieurwesen-naturwerksteinmechaniker\/","name":"Verbundstudium: Bauingenieurwesen \/ Naturwerksteinmechaniker - Vollendete Bauten mit Naturstein von HOFMANN NATURSTEIN","isPartOf":{"@id":"https:\/\/www.hofmann-naturstein.com\/de\/#website"},"datePublished":"2022-01-10T16:26:18+00:00","dateModified":"2025-04-17T13:13:13+00:00","description":"Verbundstudium, Naturwerksteinmechaniker, Naturwerksteinmechanikerin, Bauingenieur, Bauingenieurin, Abschluss Bachelor of Engineering","breadcrumb":{"@id":"https:\/\/www.hofmann-naturstein.com\/de\/jobs-karriere\/duale-ausbildung-studium\/verbundstudium-bauingenieurwesen-naturwerksteinmechaniker\/#breadcrumb"},"inLanguage":"de","potentialAction":[{"@type":"ReadAction","target":["https:\/\/www.hofmann-naturstein.com\/de\/jobs-karriere\/duale-ausbildung-studium\/verbundstudium-bauingenieurwesen-naturwerksteinmechaniker\/"]}]},{"@type":"BreadcrumbList","@id":"https:\/\/www.hofmann-naturstein.com\/de\/jobs-karriere\/duale-ausbildung-studium\/verbundstudium-bauingenieurwesen-naturwerksteinmechaniker\/#breadcrumb","itemListElement":[{"@type":"ListItem","position":1,"name":"Startseite","item":"https:\/\/www.hofmann-naturstein.com\/de\/"},{"@type":"ListItem","position":2,"name":"Jobs &#038; Karriere","item":"https:\/\/www.hofmann-naturstein.com\/de\/jobs-karriere\/"},{"@type":"ListItem","position":3,"name":"Duales Studium","item":"https:\/\/www.hofmann-naturstein.com\/de\/jobs-karriere\/duale-ausbildung-studium\/"},{"@type":"ListItem","position":4,"name":"Verbundstudium: Bauingenieurwesen \/ Naturwerksteinmechaniker"}]},{"@type":"WebSite","@id":"https:\/\/www.hofmann-naturstein.com\/de\/#website","url":"https:\/\/www.hofmann-naturstein.com\/de\/","name":"Vollendete Bauten mit Naturstein von HOFMANN NATURSTEIN","description":"","publisher":{"@id":"https:\/\/www.hofmann-naturstein.com\/de\/#organization"},"potentialAction":[{"@type":"SearchAction","target":{"@type":"EntryPoint","urlTemplate":"https:\/\/www.hofmann-naturstein.com\/de\/?s={search_term_string}"},"query-input":{"@type":"PropertyValueSpecification","valueRequired":true,"valueName":"search_term_string"}}],"inLanguage":"de"},{"@type":"Organization","@id":"https:\/\/www.hofmann-naturstein.com\/de\/#organization","name":"Vollendete Bauten mit Naturstein von HOFMANN NATURSTEIN","url":"https:\/\/www.hofmann-naturstein.com\/de\/","logo":{"@type":"ImageObject","inLanguage":"de","@id":"https:\/\/www.hofmann-naturstein.com\/de\/#\/schema\/logo\/image\/","url":"https:\/\/www.hofmann-naturstein.com\/wp-content\/uploads\/2019\/11\/cropped-hofmann-naturstein-logo.png","contentUrl":"https:\/\/www.hofmann-naturstein.com\/wp-content\/uploads\/2019\/11\/cropped-hofmann-naturstein-logo.png","width":490,"height":146,"caption":"Vollendete Bauten mit Naturstein von HOFMANN NATURSTEIN"},"image":{"@id":"https:\/\/www.hofmann-naturstein.com\/de\/#\/schema\/logo\/image\/"}}]}},"_links":{"self":[{"href":"https:\/\/www.hofmann-naturstein.com\/de\/wp-json\/wp\/v2\/pages\/12324","targetHints":{"allow":["GET"]}}],"collection":[{"href":"https:\/\/www.hofmann-naturstein.com\/de\/wp-json\/wp\/v2\/pages"}],"about":[{"href":"https:\/\/www.hofmann-naturstein.com\/de\/wp-json\/wp\/v2\/types\/page"}],"author":[{"embeddable":true,"href":"https:\/\/www.hofmann-naturstein.com\/de\/wp-json\/wp\/v2\/users\/1"}],"replies":[{"embeddable":true,"href":"https:\/\/www.hofmann-naturstein.com\/de\/wp-json\/wp\/v2\/comments?post=12324"}],"version-history":[{"count":9,"href":"https:\/\/www.hofmann-naturstein.com\/de\/wp-json\/wp\/v2\/pages\/12324\/revisions"}],"predecessor-version":[{"id":97212,"href":"https:\/\/www.hofmann-naturstein.com\/de\/wp-json\/wp\/v2\/pages\/12324\/revisions\/97212"}],"up":[{"embeddable":true,"href":"https:\/\/www.hofmann-naturstein.com\/de\/wp-json\/wp\/v2\/pages\/12292"}],"wp:attachment":[{"href":"https:\/\/www.hofmann-naturstein.com\/de\/wp-json\/wp\/v2\/media?parent=12324"}],"curies":[{"name":"wp","href":"https:\/\/api.w.org\/{rel}","templated":true}]}}