{"id":12455,"date":"2019-12-12T11:41:59","date_gmt":"2019-12-12T10:41:59","guid":{"rendered":"https:\/\/hofmann.dev.viableart.com\/?page_id=12455"},"modified":"2020-11-10T13:42:33","modified_gmt":"2020-11-10T12:42:33","slug":"kontakt","status":"publish","type":"page","link":"https:\/\/www.hofmann-naturstein.com\/de\/kontakt\/","title":{"rendered":"Kontakt"},"content":{"rendered":"<div class=\"wpb-content-wrapper\"><p>[vc_row full_width=&#8220;stretch_row&#8220; equal_height=&#8220;yes&#8220; el_class=&#8220;section-title&#8220; css=&#8220;.vc_custom_1575550928058{margin-top: 0px !important;margin-bottom: 0px !important;padding-top: 0px !important;padding-bottom: 0px !important;background-color: #f2f2f2 !important;}&#8220;][vc_column][vc_column_text]<\/p>\n<h1>Kontakt<\/h1>\n<p>[\/vc_column_text][\/vc_column][\/vc_row][vc_row equal_height=&#8220;yes&#8220; css=&#8220;.vc_custom_1576147554281{margin-top: 0px !important;padding-bottom: 0px !important;}&#8220;][vc_column width=&#8220;1\/2&#8243;]<div class=\"va-gallery\"><ul class=\"gallery transparent\" lbid=\"1997477546\"><li class=\"item hide\"><a href=\"https:\/\/www.hofmann-naturstein.com\/wp-content\/uploads\/hofmann-anfahrtsplan.jpg\"><img loading=\"lazy\" decoding=\"async\" width=\"880\" height=\"672\" src=\"https:\/\/www.hofmann-naturstein.com\/wp-content\/uploads\/hofmann-anfahrtsplan.jpg\" class=\"attachment-full size-full\" alt=\"\" srcset=\"https:\/\/www.hofmann-naturstein.com\/wp-content\/uploads\/hofmann-anfahrtsplan.jpg 880w, https:\/\/www.hofmann-naturstein.com\/wp-content\/uploads\/hofmann-anfahrtsplan-300x229.jpg 300w, https:\/\/www.hofmann-naturstein.com\/wp-content\/uploads\/hofmann-anfahrtsplan-768x586.jpg 768w\" sizes=\"auto, (max-width: 880px) 100vw, 880px\" \/><\/a><\/li><\/ul><\/div>[\/vc_column][vc_column width=&#8220;1\/2&#8243;][vc_column_text]<\/p>\n<h3>Zentrale<\/h3>\n<p>HOFMANN NATURSTEIN GmbH &amp; Co. KG<\/p>\n<p>Anton-Hofmann-Allee 2<br \/>\n97956 Werbach-Gamburg<\/p>\n<p>Tel.: +49 9348 81-0<br \/>\nFax: +49 9348 81-48<br \/>\nE-Mail:\u00a0<a href=\"mailto:info@hofmann-naturstein.com\">info@hofmann-naturstein.com<\/a><br \/>\nwww.hofmann-naturstein.com<\/p>\n<p><a title=\"Kontaktformular\" href=\"https:\/\/www.hofmann-naturstein.com\/kontaktformular\/\">Zum Kontaktformular<\/a>[\/vc_column_text][vc_column_text css=&#8220;.vc_custom_1576147573836{padding-top: 32px !important;}&#8220;][\/vc_column_text][\/vc_column][\/vc_row][vc_row equal_height=&#8220;yes&#8220; el_class=&#8220;trenner&#8220;][vc_column][vc_column_text]<div class=\"top-link\"><a class=\"top-href\"><img decoding=\"async\" src=\"https:\/\/www.hofmann-naturstein.com\/wp-content\/themes\/hofmann\/img\/totop.gif\"><\/a><\/div><hr class=\"renner\">[\/vc_column_text][\/vc_column][\/vc_row][vc_row equal_height=&#8220;yes&#8220; css=&#8220;.vc_custom_1576147929050{padding-bottom: 10px !important;}&#8220;][vc_column css=&#8220;.vc_custom_1576148738500{margin-bottom: 0px !important;padding-bottom: 0px !important;}&#8220;][vc_column_text]<\/p>\n<h2 class=\"ap\">IHRE ANSPRECHPARTNER IM VERTRIEB<\/h2>\n<h3 class=\"ap\">Vereinbaren Sie eine Telefonberatung oder einen Vororttermin<\/h3>\n<p>[\/vc_column_text][\/vc_column][\/vc_row][vc_row equal_height=&#8220;yes&#8220; css=&#8220;.vc_custom_1576148292039{margin-top: 0px !important;margin-bottom: -52px !important;padding-top: 0px !important;padding-bottom: 0px !important;}&#8220; el_class=&#8220;kontakt-box&#8220;][vc_column width=&#8220;1\/2&#8243;][vc_row_inner css=&#8220;.vc_custom_1576148045312{margin-top: 0px !important;padding-top: 0px !important;}&#8220;][vc_column_inner width=&#8220;1\/3&#8243;][vc_single_image image=&#8220;7332&#8243; img_size=&#8220;medium&#8220;][\/vc_column_inner][vc_column_inner width=&#8220;2\/3&#8243;][vc_column_text]Dipl.-Ing.<br \/>\nFRIEDHELM ALT<\/p>\n<p>Leiter Vertrieb<br \/>\nTel.: +49 (0)9348 81-0<br \/>\nE-Mail:\u00a0<a href=\"mailto:friedhelm.alt@hofmann-naturstein.com\">friedhelm.alt@hofmann-naturstein.com<\/a><\/p>\n<p><a class=\"vcard\" href=\"\/wp-content\/uploads\/friedhelm-alt--3.vcf\">vCard laden<\/a>[\/vc_column_text][\/vc_column_inner][\/vc_row_inner][\/vc_column][vc_column width=&#8220;1\/2&#8243;][vc_row_inner css=&#8220;.vc_custom_1576148040138{margin-top: 0px !important;padding-top: 0px !important;}&#8220;][vc_column_inner width=&#8220;1\/3&#8243;][vc_single_image image=&#8220;11264&#8243; img_size=&#8220;medium&#8220;][\/vc_column_inner][vc_column_inner el_class=&#8220;ml-0&#8243; width=&#8220;2\/3&#8243; css=&#8220;.vc_custom_1576148684622{padding-left: 7.5px !important;}&#8220;][vc_column_text css=&#8220;.vc_custom_1576181578476{padding-left: 7.5px !important;}&#8220;]Dipl.-Ing.<br \/>\nSEBASTIAN UTZ<\/p>\n<p>Leiter Vertrieb<br \/>\nTel.: +49 (0)9348 81-0<br \/>\nE-Mail:\u00a0<a href=\"mailto:sebastian.utz@hofmann-naturstein.com\">sebastian.utz@hofmann-naturstein.com<\/a><\/p>\n<p><a class=\"vcard\" href=\"\/wp-content\/uploads\/sebastian-utz--2.vcf\">vCard laden<\/a>[\/vc_column_text][\/vc_column_inner][\/vc_row_inner][\/vc_column][\/vc_row][vc_row equal_height=&#8220;yes&#8220; el_class=&#8220;trenner&#8220;][vc_column][vc_column_text]<div class=\"top-link\"><a class=\"top-href\"><img decoding=\"async\" src=\"https:\/\/www.hofmann-naturstein.com\/wp-content\/themes\/hofmann\/img\/totop.gif\"><\/a><\/div><hr class=\"renner\">[\/vc_column_text][\/vc_column][\/vc_row][vc_row equal_height=&#8220;yes&#8220;][vc_column width=&#8220;1\/2&#8243;][vc_column_text]\t<div class=\"contact-list-tab niederlassungen-menu\">\n\t\t<h5>Inl\u00e4ndische Niederlassungen<\/h5>\n\t\t\t<ul class=\"\">\n\t    \t        <li niederlassung-menu=\"86614\">\n\t        \tBerlin\t        <\/li>\n\t    \t        <li niederlassung-menu=\"86615\">\n\t        \tFrankfurt\t        <\/li>\n\t    \t        <li niederlassung-menu=\"86616\">\n\t        \tK\u00f6ln\t        <\/li>\n\t    \t        <li niederlassung-menu=\"86617\">\n\t        \tM\u00fcnchen\t        <\/li>\n\t    \t\t<\/ul>\n\t    \t\t<h5>Auslandsniederlassungen<\/h5>\n\t\t\t<ul class=\"\">\n\t    \t        <li niederlassung-menu=\"86618\">\n\t        \tZ\u00fcrich, Schweiz\t        <\/li>\n\t    \t        <li niederlassung-menu=\"86619\">\n\t        \tKrakau, Polen\t        <\/li>\n\t    \t\t<\/ul>\n\t    \t\t<\/div>\n\t[\/vc_column_text][\/vc_column][vc_column width=&#8220;1\/2&#8243;][vc_column_text]<\/p>\n<h3>NIEDERLASSUNGEN<\/h3>\n<p>Mit eigenen Repr\u00e4sentanzen im In- und Ausland ist HOFMANN NATURSTEIN f\u00fcr nationale wie internationale Projekte der richtige Ansprechpartner. W\u00e4hlen Sie in der Liste die gew\u00fcnschte Niederlassung aus, um die komplette Kontaktadresse zu erhalten.[\/vc_column_text][vc_column_text]\t\t\t<ul class=\"niederlassung-content\">\n\t    \t        <li class=\"d-none\" niederlassung=\"86614\">\n\t        \t<p><strong>HOFMANN NATURSTEIN GmbH &amp; Co. KG<\/strong><br \/>Niederlassung Berlin<br \/>Ferdinand-Buisson-Stra\u00dfe 14<br \/>13127 Berlin<\/p>\n<p>Tel.: +49 (0)30 \/ 474997-0<br \/>Fax: +49 (0)30 \/ 474997-10<br \/>E-Mail: <a href=\"mailto:berlin@hofmann-naturstein.com\">berlin@hofmann-naturstein.com<\/a><\/p>\n<p>\u00a0<\/p>\n\t        <\/li>\n\t    \t        <li class=\"d-none\" niederlassung=\"86615\">\n\t        \t<p><strong>HOFMANN NATURSTEIN GmbH &amp; Co. KG<\/strong><br \/>Niederlassung Frankfurt a. M.<br \/>Anton-Hofmann-Allee 2<br \/>97956 Werbach-Gamburg<\/p>\n<p>Tel.: +49\u00a0(0)9348 \/ 81-905<br \/>Fax: +49 (0)9348 \/ 81-48<br \/>E-Mail: <a href=\"mailto:frankfurt@hofmann-naturstein.com\">frankfurt@hofmann-naturstein.com<\/a><\/p>\n<p>\u00a0<\/p>\n\t        <\/li>\n\t    \t        <li class=\"d-none\" niederlassung=\"86616\">\n\t        \t<p><strong>HOFMANN NATURSTEIN GmbH &amp; Co. KG<\/strong><br \/>Niederlassung K\u00f6ln<br \/>Wikinger Str.18<br \/>51107 K\u00f6ln<\/p>\n<p>Tel.: +49 (0)221 \/ 8804590<br \/>Fax: +49 (0)221 \/ 88045918<br \/>E-Mail: <a href=\"mailto:koeln@hofmann-naturstein.com\">koeln@hofmann-naturstein.com<\/a><\/p>\n<p>\u00a0<\/p>\n\t        <\/li>\n\t    \t        <li class=\"d-none\" niederlassung=\"86617\">\n\t        \t<p><strong>HOFMANN NATURSTEIN GmbH &amp; Co. KG<\/strong><br \/>Niederlassung M\u00fcnchen<br \/>Birkenleiten 33<br \/>81543 M\u00fcnchen<\/p>\n<p>Tel.: +49 (0)89 \/ 666 16890<br \/>Fax: +49 (0)89 \/ 666 168919<br \/>E-Mail: <a href=\"mailto:muenchen@hofmann-naturstein.com\">muenchen@hofmann-naturstein.com<\/a><\/p>\n<p>\u00a0<\/p>\n\t        <\/li>\n\t    \t        <li class=\"d-none\" niederlassung=\"86618\">\n\t        \t<p><strong>HOFMANN NATURSTEIN GmbH &amp; Co. KG<\/strong><br \/>\nNiederlassung Schweiz<br \/>\nEckardt &amp; Hofmann<br \/>\nNaturstein Bau AG<br \/>\nMaiacherstr. 44<br \/>\nCH-8604 Volketswil-Hegnau<\/p>\n<p>Tel.: +41\u00a0 449 47 20 20<br \/>\nE-Mail: steine@eckardt.ch<br \/>\n<a href=\"http:\/\/www.eckardt.ch\">www.eckardt.ch<\/a><\/p>\n\t        <\/li>\n\t    \t        <li class=\"d-none\" niederlassung=\"86619\">\n\t        \t<p><strong>HOFMANN NATURSTEIN GmbH &amp; Co. KG<\/strong><br \/>\nNiederlassung Polen<br \/>\nHofmann Natursteinwerke Polen GmbH Sp. z o.o.<br \/>\nul. Morawskiego 5<br \/>\n30-102 Krak\u00f3w<\/p>\n<p>Tel.: (0048 12) 42 22 589<br \/>\nFax: (0048 12) 42 29 094<br \/>\nE-Mail: hofmann@hofmann.com.pl<br \/>\n<a href=\"http:\/\/www.hofmann.com.pl\">www.hofmann.com.pl<\/a><\/p>\n\t        <\/li>\n\t    \t\t<\/ul>\n\t    \t[\/vc_column_text][\/vc_column][\/vc_row][vc_row equal_height=&#8220;yes&#8220; el_class=&#8220;trenner&#8220;][vc_column][vc_column_text]<div class=\"top-link\"><a class=\"top-href\"><img decoding=\"async\" src=\"https:\/\/www.hofmann-naturstein.com\/wp-content\/themes\/hofmann\/img\/totop.gif\"><\/a><\/div><hr class=\"renner\">[\/vc_column_text][\/vc_column][\/vc_row][vc_row equal_height=&#8220;yes&#8220;][vc_column width=&#8220;1\/2&#8243;][vc_column_text]\t<div class=\"contact-list-tab vertretung-menu\">\n\t\t<h5>Europa Vertretungen<\/h5>\n\t\t\t<ul class=\"\">\n\t    \t        <li vertretung-menu=\"86623\">\n\t        \tWien, \u00d6sterreich\t        <\/li>\n\t    \t        <li vertretung-menu=\"86624\">\n\t        \tLuxemburg\t        <\/li>\n\t    \t        <li vertretung-menu=\"86625\">\n\t        \tAmsterdam, Niederlande\t        <\/li>\n\t    \t        <li vertretung-menu=\"86626\">\n\t        \tParis, Frankreich\t        <\/li>\n\t    \t        <li vertretung-menu=\"86627\">\n\t        \tStockholm, Schweden\t        <\/li>\n\t    \t        <li vertretung-menu=\"86628\">\n\t        \tOslo, Norwegen\t        <\/li>\n\t    \t\t<\/ul>\n\t    \t\t<h5>Internationale Vertretungen<\/h5>\n\t\t\t<ul class=\"\">\n\t    \t        <li vertretung-menu=\"86629\">\n\t        \tTel Aviv, Israel\t        <\/li>\n\t    \t        <li vertretung-menu=\"86633\">\n\t        \tMumbai, Indien\t        <\/li>\n\t    \t\t<\/ul>\n\t    \t\t<\/div>\n\t[\/vc_column_text][\/vc_column][vc_column width=&#8220;1\/2&#8243;][vc_column_text]<\/p>\n<h3>VERTRETUNGEN<\/h3>\n<p>HOFMANN NATURSTEIN ist neben den eigenen Niederlassungen mit Vertretungen in weiteren L\u00e4ndern pr\u00e4sent, wie nebenstehend aufgef\u00fchrt. Kontakt erhalten Sie \u00fcber unsere Hauptverwaltung in Gamburg.[\/vc_column_text][vc_column_text]\t\t\t<ul class=\"vertretung-content\">\n\t    \t        <li class=\"d-none\" vertretung=\"86623\">\n\t        \t<p style=\"text-align: center;\"><img loading=\"lazy\" decoding=\"async\" src=\"\/redaxo\/index.php?tinymceimg=-city-tower-wien-02.jpg\" alt=\"\" width=\"181\" height=\"270\" \/><\/p>\n<p style=\"text-align: center;\">City Tower, Wien<\/p>\n\t        <\/li>\n\t    \t        <li class=\"d-none\" vertretung=\"86624\">\n\t        \t<p style=\"text-align: center;\"><img loading=\"lazy\" decoding=\"async\" src=\"\/redaxo\/index.php?tinymceimg=-hypobank-lux-02.jpg\" alt=\"\" width=\"382\" height=\"270\" \/><\/p>\n<p style=\"text-align: center;\">Hypobank International S.A., Luxemburg<\/p>\n\t        <\/li>\n\t    \t        <li class=\"d-none\" vertretung=\"86625\">\n\t        \t<p style=\"text-align: center;\"><img loading=\"lazy\" decoding=\"async\" src=\"\/files\/rembrandt-tower.jpg\" alt=\"Rembrandt Tower\" width=\"200\" height=\"270\" \/><\/p>\n<p style=\"text-align: center;\">Rembrandt-Tower, Amsterdam<\/p>\n\t        <\/li>\n\t    \t        <li class=\"d-none\" vertretung=\"86626\">\n\t        \t<p style=\"text-align: center;\"><img loading=\"lazy\" decoding=\"async\" src=\"\/files\/bahnhofsvorplatz-amiens.jpg\" alt=\"Bahnhofsvorplatz Amiens\" width=\"435\" height=\"270\" \/><\/p>\n<p style=\"text-align: center;\">Bahnhofsvorplatz, Amiens<\/p>\n\t        <\/li>\n\t    \t        <li class=\"d-none\" vertretung=\"86627\">\n\t        \t<p style=\"text-align: center;\"><img loading=\"lazy\" decoding=\"async\" src=\"\/files\/schwabinger-tor-muenchen.jpg\" alt=\"Schwabinger Tor M\u00fcnchen\" width=\"201\" height=\"269\" \/><\/p>\n<p style=\"text-align: center;\">Schwabinger Tor N10, M\u00fcnchen<\/p>\n\t        <\/li>\n\t    \t        <li class=\"d-none\" vertretung=\"86628\">\n\t        \t<p style=\"text-align: center;\"><img loading=\"lazy\" decoding=\"async\" src=\"\/files\/nationalmuseum-oslo.jpg\" alt=\"Nationalmuseum Oslo\" width=\"500\" height=\"270\" \/><\/p>\n<p style=\"text-align: center;\">Nationalmuseum, Oslo<\/p>\n\t        <\/li>\n\t    \t        <li class=\"d-none\" vertretung=\"86629\">\n\t        \t<p style=\"text-align: center;\"><img loading=\"lazy\" decoding=\"async\" src=\"\/files\/tel-aviv-zentrale-hofmann.jpg\" alt=\"Moshe Aviv Tower, Tel Aviv\" width=\"215\" height=\"270\" \/><\/p>\n<p style=\"text-align: center;\">Moshe Aviv Tower, Tel Aviv<\/p>\n\t        <\/li>\n\t    \t        <li class=\"d-none\" vertretung=\"86633\">\n\t        \t<p style=\"text-align: center;\"><img loading=\"lazy\" decoding=\"async\" src=\"\/files\/opernturm-frankfurt.jpg\" alt=\"Opernturm Frankfurt\" width=\"269\" height=\"403\" \/><\/p>\n<p style=\"text-align: center;\">Opernturm, Frankfurt<\/p>\n\t        <\/li>\n\t    \t\t<\/ul>\n\t    \t[\/vc_column_text][\/vc_column][\/vc_row][vc_row equal_height=&#8220;yes&#8220; el_class=&#8220;trenner&#8220;][vc_column][vc_column_text]<div class=\"top-link\"><a class=\"top-href\"><img decoding=\"async\" src=\"https:\/\/www.hofmann-naturstein.com\/wp-content\/themes\/hofmann\/img\/totop.gif\"><\/a><\/div><hr class=\"renner\">[\/vc_column_text][\/vc_column][\/vc_row]<\/p>\n<\/div>","protected":false},"excerpt":{"rendered":"<p>[vc_row full_width=&#8220;stretch_row&#8220; equal_height=&#8220;yes&#8220; el_class=&#8220;section-title&#8220; css=&#8220;.vc_custom_1575550928058{margin-top: 0px !important;margin-bottom: 0px !important;padding-top: 0px !important;padding-bottom: 0px !important;background-color: #f2f2f2 !important;}&#8220;][vc_column][vc_column_text] Kontakt [\/vc_column_text][\/vc_column][\/vc_row][vc_row equal_height=&#8220;yes&#8220; css=&#8220;.vc_custom_1576147554281{margin-top: 0px !important;padding-bottom: 0px !important;}&#8220;][vc_column width=&#8220;1\/2&#8243;][\/vc_column][vc_column width=&#8220;1\/2&#8243;][vc_column_text] Zentrale HOFMANN NATURSTEIN GmbH &amp; Co. KG Anton-Hofmann-Allee 2 97956 Werbach-Gamburg Tel.: +49 9348 81-0 Fax: +49 9348 81-48 E-Mail:\u00a0info@hofmann-naturstein.com www.hofmann-naturstein.com Zum Kontaktformular[\/vc_column_text][vc_column_text css=&#8220;.vc_custom_1576147573836{padding-top: 32px !important;}&#8220;][\/vc_column_text][\/vc_column][\/vc_row][vc_row equal_height=&#8220;yes&#8220; el_class=&#8220;trenner&#8220;][vc_column][vc_column_text][\/vc_column_text][\/vc_column][\/vc_row][vc_row equal_height=&#8220;yes&#8220; css=&#8220;.vc_custom_1576147929050{padding-bottom: [&#8230;]<\/p>\n<p><a class=\"btn btn-secondary understrap-read-more-link\" href=\"https:\/\/www.hofmann-naturstein.com\/de\/niederlassung\/mumbai-indien\/\">Weiterlesen&#8230;<\/a><\/p>\n","protected":false},"author":1,"featured_media":0,"parent":0,"menu_order":0,"comment_status":"closed","ping_status":"closed","template":"page-templates\/blank-notitle.php","meta":{"_acf_changed":false,"footnotes":""},"class_list":["post-12455","page","type-page","status-publish","hentry"],"acf":[],"yoast_head":"<!-- This site is optimized with the Yoast SEO plugin v26.5 - https:\/\/yoast.com\/wordpress\/plugins\/seo\/ -->\n<title>Kontakt - Vollendete Bauten mit Naturstein von HOFMANN NATURSTEIN<\/title>\n<meta name=\"description\" content=\"Der richtige Ansprechpartner f\u00fcr nationale wie internationale Projekte. Hofmann Naturstein. Hier finden Sie Kontaktdaten zu unseren verschiedene Niederlassungen.\" \/>\n<meta name=\"robots\" content=\"index, follow, max-snippet:-1, max-image-preview:large, max-video-preview:-1\" \/>\n<link rel=\"canonical\" href=\"https:\/\/www.hofmann-naturstein.com\/de\/kontakt\/\" \/>\n<meta property=\"og:locale\" content=\"de_DE\" \/>\n<meta property=\"og:type\" content=\"article\" \/>\n<meta property=\"og:title\" content=\"Kontakt - Vollendete Bauten mit Naturstein von HOFMANN NATURSTEIN\" \/>\n<meta property=\"og:description\" content=\"Der richtige Ansprechpartner f\u00fcr nationale wie internationale Projekte. Hofmann Naturstein. Hier finden Sie Kontaktdaten zu unseren verschiedene Niederlassungen.\" \/>\n<meta property=\"og:url\" content=\"https:\/\/www.hofmann-naturstein.com\/de\/kontakt\/\" \/>\n<meta property=\"og:site_name\" content=\"Vollendete Bauten mit Naturstein von HOFMANN NATURSTEIN\" \/>\n<meta property=\"article:modified_time\" content=\"2020-11-10T12:42:33+00:00\" \/>\n<meta name=\"twitter:card\" content=\"summary_large_image\" \/>\n<meta name=\"twitter:label1\" content=\"Gesch\u00e4tzte Lesezeit\" \/>\n\t<meta name=\"twitter:data1\" content=\"3\u00a0Minuten\" \/>\n<script type=\"application\/ld+json\" class=\"yoast-schema-graph\">{\"@context\":\"https:\/\/schema.org\",\"@graph\":[{\"@type\":\"WebPage\",\"@id\":\"https:\/\/www.hofmann-naturstein.com\/de\/kontakt\/\",\"url\":\"https:\/\/www.hofmann-naturstein.com\/de\/kontakt\/\",\"name\":\"Kontakt - Vollendete Bauten mit Naturstein von HOFMANN NATURSTEIN\",\"isPartOf\":{\"@id\":\"https:\/\/www.hofmann-naturstein.com\/de\/#website\"},\"datePublished\":\"2019-12-12T10:41:59+00:00\",\"dateModified\":\"2020-11-10T12:42:33+00:00\",\"description\":\"Der richtige Ansprechpartner f\u00fcr nationale wie internationale Projekte. Hofmann Naturstein. Hier finden Sie Kontaktdaten zu unseren verschiedene Niederlassungen.\",\"breadcrumb\":{\"@id\":\"https:\/\/www.hofmann-naturstein.com\/de\/kontakt\/#breadcrumb\"},\"inLanguage\":\"de\",\"potentialAction\":[{\"@type\":\"ReadAction\",\"target\":[\"https:\/\/www.hofmann-naturstein.com\/de\/kontakt\/\"]}]},{\"@type\":\"BreadcrumbList\",\"@id\":\"https:\/\/www.hofmann-naturstein.com\/de\/kontakt\/#breadcrumb\",\"itemListElement\":[{\"@type\":\"ListItem\",\"position\":1,\"name\":\"Startseite\",\"item\":\"https:\/\/www.hofmann-naturstein.com\/de\/\"},{\"@type\":\"ListItem\",\"position\":2,\"name\":\"Kontakt\"}]},{\"@type\":\"WebSite\",\"@id\":\"https:\/\/www.hofmann-naturstein.com\/de\/#website\",\"url\":\"https:\/\/www.hofmann-naturstein.com\/de\/\",\"name\":\"Vollendete Bauten mit Naturstein von HOFMANN NATURSTEIN\",\"description\":\"\",\"publisher\":{\"@id\":\"https:\/\/www.hofmann-naturstein.com\/de\/#organization\"},\"potentialAction\":[{\"@type\":\"SearchAction\",\"target\":{\"@type\":\"EntryPoint\",\"urlTemplate\":\"https:\/\/www.hofmann-naturstein.com\/de\/?s={search_term_string}\"},\"query-input\":{\"@type\":\"PropertyValueSpecification\",\"valueRequired\":true,\"valueName\":\"search_term_string\"}}],\"inLanguage\":\"de\"},{\"@type\":\"Organization\",\"@id\":\"https:\/\/www.hofmann-naturstein.com\/de\/#organization\",\"name\":\"Vollendete Bauten mit Naturstein von HOFMANN NATURSTEIN\",\"url\":\"https:\/\/www.hofmann-naturstein.com\/de\/\",\"logo\":{\"@type\":\"ImageObject\",\"inLanguage\":\"de\",\"@id\":\"https:\/\/www.hofmann-naturstein.com\/de\/#\/schema\/logo\/image\/\",\"url\":\"https:\/\/www.hofmann-naturstein.com\/wp-content\/uploads\/2019\/11\/cropped-hofmann-naturstein-logo.png\",\"contentUrl\":\"https:\/\/www.hofmann-naturstein.com\/wp-content\/uploads\/2019\/11\/cropped-hofmann-naturstein-logo.png\",\"width\":490,\"height\":146,\"caption\":\"Vollendete Bauten mit Naturstein von HOFMANN NATURSTEIN\"},\"image\":{\"@id\":\"https:\/\/www.hofmann-naturstein.com\/de\/#\/schema\/logo\/image\/\"}}]}<\/script>\n<!-- \/ Yoast SEO plugin. -->","yoast_head_json":{"title":"Kontakt - Vollendete Bauten mit Naturstein von HOFMANN NATURSTEIN","description":"Der richtige Ansprechpartner f\u00fcr nationale wie internationale Projekte. Hofmann Naturstein. Hier finden Sie Kontaktdaten zu unseren verschiedene Niederlassungen.","robots":{"index":"index","follow":"follow","max-snippet":"max-snippet:-1","max-image-preview":"max-image-preview:large","max-video-preview":"max-video-preview:-1"},"canonical":"https:\/\/www.hofmann-naturstein.com\/de\/kontakt\/","og_locale":"de_DE","og_type":"article","og_title":"Kontakt - Vollendete Bauten mit Naturstein von HOFMANN NATURSTEIN","og_description":"Der richtige Ansprechpartner f\u00fcr nationale wie internationale Projekte. Hofmann Naturstein. Hier finden Sie Kontaktdaten zu unseren verschiedene Niederlassungen.","og_url":"https:\/\/www.hofmann-naturstein.com\/de\/kontakt\/","og_site_name":"Vollendete Bauten mit Naturstein von HOFMANN NATURSTEIN","article_modified_time":"2020-11-10T12:42:33+00:00","twitter_card":"summary_large_image","twitter_misc":{"Gesch\u00e4tzte Lesezeit":"3\u00a0Minuten"},"schema":{"@context":"https:\/\/schema.org","@graph":[{"@type":"WebPage","@id":"https:\/\/www.hofmann-naturstein.com\/de\/kontakt\/","url":"https:\/\/www.hofmann-naturstein.com\/de\/kontakt\/","name":"Kontakt - Vollendete Bauten mit Naturstein von HOFMANN NATURSTEIN","isPartOf":{"@id":"https:\/\/www.hofmann-naturstein.com\/de\/#website"},"datePublished":"2019-12-12T10:41:59+00:00","dateModified":"2020-11-10T12:42:33+00:00","description":"Der richtige Ansprechpartner f\u00fcr nationale wie internationale Projekte. Hofmann Naturstein. Hier finden Sie Kontaktdaten zu unseren verschiedene Niederlassungen.","breadcrumb":{"@id":"https:\/\/www.hofmann-naturstein.com\/de\/kontakt\/#breadcrumb"},"inLanguage":"de","potentialAction":[{"@type":"ReadAction","target":["https:\/\/www.hofmann-naturstein.com\/de\/kontakt\/"]}]},{"@type":"BreadcrumbList","@id":"https:\/\/www.hofmann-naturstein.com\/de\/kontakt\/#breadcrumb","itemListElement":[{"@type":"ListItem","position":1,"name":"Startseite","item":"https:\/\/www.hofmann-naturstein.com\/de\/"},{"@type":"ListItem","position":2,"name":"Kontakt"}]},{"@type":"WebSite","@id":"https:\/\/www.hofmann-naturstein.com\/de\/#website","url":"https:\/\/www.hofmann-naturstein.com\/de\/","name":"Vollendete Bauten mit Naturstein von HOFMANN NATURSTEIN","description":"","publisher":{"@id":"https:\/\/www.hofmann-naturstein.com\/de\/#organization"},"potentialAction":[{"@type":"SearchAction","target":{"@type":"EntryPoint","urlTemplate":"https:\/\/www.hofmann-naturstein.com\/de\/?s={search_term_string}"},"query-input":{"@type":"PropertyValueSpecification","valueRequired":true,"valueName":"search_term_string"}}],"inLanguage":"de"},{"@type":"Organization","@id":"https:\/\/www.hofmann-naturstein.com\/de\/#organization","name":"Vollendete Bauten mit Naturstein von HOFMANN NATURSTEIN","url":"https:\/\/www.hofmann-naturstein.com\/de\/","logo":{"@type":"ImageObject","inLanguage":"de","@id":"https:\/\/www.hofmann-naturstein.com\/de\/#\/schema\/logo\/image\/","url":"https:\/\/www.hofmann-naturstein.com\/wp-content\/uploads\/2019\/11\/cropped-hofmann-naturstein-logo.png","contentUrl":"https:\/\/www.hofmann-naturstein.com\/wp-content\/uploads\/2019\/11\/cropped-hofmann-naturstein-logo.png","width":490,"height":146,"caption":"Vollendete Bauten mit Naturstein von HOFMANN NATURSTEIN"},"image":{"@id":"https:\/\/www.hofmann-naturstein.com\/de\/#\/schema\/logo\/image\/"}}]}},"_links":{"self":[{"href":"https:\/\/www.hofmann-naturstein.com\/de\/wp-json\/wp\/v2\/pages\/12455","targetHints":{"allow":["GET"]}}],"collection":[{"href":"https:\/\/www.hofmann-naturstein.com\/de\/wp-json\/wp\/v2\/pages"}],"about":[{"href":"https:\/\/www.hofmann-naturstein.com\/de\/wp-json\/wp\/v2\/types\/page"}],"author":[{"embeddable":true,"href":"https:\/\/www.hofmann-naturstein.com\/de\/wp-json\/wp\/v2\/users\/1"}],"replies":[{"embeddable":true,"href":"https:\/\/www.hofmann-naturstein.com\/de\/wp-json\/wp\/v2\/comments?post=12455"}],"version-history":[{"count":29,"href":"https:\/\/www.hofmann-naturstein.com\/de\/wp-json\/wp\/v2\/pages\/12455\/revisions"}],"predecessor-version":[{"id":90060,"href":"https:\/\/www.hofmann-naturstein.com\/de\/wp-json\/wp\/v2\/pages\/12455\/revisions\/90060"}],"wp:attachment":[{"href":"https:\/\/www.hofmann-naturstein.com\/de\/wp-json\/wp\/v2\/media?parent=12455"}],"curies":[{"name":"wp","href":"https:\/\/api.w.org\/{rel}","templated":true}]}}