{"id":92798,"date":"2020-02-25T13:14:11","date_gmt":"2020-02-25T12:14:11","guid":{"rendered":"https:\/\/hofmann.dev.viableart.com\/?page_id=92798"},"modified":"2020-02-25T13:25:19","modified_gmt":"2020-02-25T12:25:19","slug":"fassadenverkleidung","status":"publish","type":"page","link":"https:\/\/www.hofmann-naturstein.com\/de\/fassadenverkleidung\/","title":{"rendered":"Fassadenverkleidung"},"content":{"rendered":"<div class=\"wpb-content-wrapper\"><p>[vc_row full_width=&#8220;stretch_row&#8220; equal_height=&#8220;yes&#8220; el_class=&#8220;section-title&#8220; css=&#8220;.vc_custom_1575550928058{margin-top: 0px !important;margin-bottom: 0px !important;padding-top: 0px !important;padding-bottom: 0px !important;background-color: #f2f2f2 !important;}&#8220;][vc_column][vc_column_text]<\/p>\n<h1>Fassadenverkleidung<\/h1>\n<p>[\/vc_column_text][\/vc_column][\/vc_row][vc_row equal_height=&#8220;yes&#8220; css=&#8220;.vc_custom_1575552090778{margin-top: 0px !important;}&#8220;][vc_column width=&#8220;1\/2&#8243;]<div class=\"va-gallery\"><ul class=\"gallery \" lbid=\"361820777\"><li class=\"item hide\"><a href=\"https:\/\/www.hofmann-naturstein.com\/wp-content\/uploads\/fassadenverkleidung-hersteller.jpg\"><img loading=\"lazy\" decoding=\"async\" width=\"400\" height=\"267\" src=\"https:\/\/www.hofmann-naturstein.com\/wp-content\/uploads\/fassadenverkleidung-hersteller.jpg\" class=\"attachment-full size-full\" alt=\"\" srcset=\"https:\/\/www.hofmann-naturstein.com\/wp-content\/uploads\/fassadenverkleidung-hersteller.jpg 400w, https:\/\/www.hofmann-naturstein.com\/wp-content\/uploads\/fassadenverkleidung-hersteller-300x200.jpg 300w\" sizes=\"auto, (max-width: 400px) 100vw, 400px\" \/> <span class=\"title\">Maintor Palazzi, Frankfurt am Main<\/span><\/a><\/li><\/ul><\/div>[\/vc_column][vc_column width=&#8220;1\/2&#8243;][vc_column_text]<\/p>\n<h2>HOFMANN NATURSTEIN \u2013 EUROPAS F\u00dcHRENDER HERSTELLER F\u00dcR FASSADENVERKLEIDUNG<\/h2>\n<p>&nbsp;<\/p>\n<p><strong>Fassadenverkleidung mit Platten aus Naturstein sowie dazugeh\u00f6rige Verankerungssysteme<\/strong><\/p>\n<p>Natursteinfassaden sind daf\u00fcr bekannt besonders langlebig zu sein. Um dies zu gew\u00e4hrleisten spielen verschiedene Faktoren bei der Umsetzung eine Rolle. Die kontrollierte Qualit\u00e4t der gew\u00e4hlten Steine, ihre fachgerechte Verarbeitung, ihre Montage und auch die daf\u00fcr verwendeten Verankerungssysteme.<\/p>\n<h3><\/h3>\n<p><strong>M\u00f6gliche Verankerungssysteme f\u00fcr Fassadenelemente aus Naturstein sind:<\/strong><\/p>\n<ul>\n<li>Edelstahl-Gleitm\u00f6rtelanker<\/li>\n<li>Anschraubanker<\/li>\n<li>Anschwei\u00dfanker<\/li>\n<li>Unterkonstruktionen<\/li>\n<\/ul>\n<p>Je nach Objektbeschaffenheit und Bauweise ist auch eine Kombination der unterschiedlichen Verankerungssysteme m\u00f6glich. Gerne beraten wir Sie bei Ihrer Entscheidung durch unsere hauseigenen Ingenieurb\u00fcros.<br \/>\nTechnisch unterscheidet man zwischen Traganker und Halteanker<\/p>\n<p><strong>Traganker<\/strong><\/p>\n<p>Traganker besitzen die Eigenschaft, das Eigengewicht der Fassadenelemente \u00fcber Querkr\u00e4fte und Windlasten \u00fcber L\u00e4ngskr\u00e4fte in den Verankerungsgrund oder die Unterkonstruktion zu leiten.<\/p>\n<p><strong>Halteanker<\/strong><\/p>\n<p>Halteanker von Fassadenplatten hingegen leiten ausschlie\u00dflich die Windlasten \u00fcber L\u00e4ngs- und teilweise auch \u00fcber Querkr\u00e4fte in den Verankerungsgrund bzw. die Unterkonstruktion. Informationen zur technischen Umsetzung und den Eigenschaften der verschiedenen Verankerungssysteme senden wir Ihnen gerne auf Anfrage zu.[\/vc_column_text][\/vc_column][\/vc_row][vc_row equal_height=&#8220;yes&#8220; el_class=&#8220;trenner&#8220;][vc_column][vc_column_text]<div class=\"top-link\"><a class=\"top-href\"><img decoding=\"async\" src=\"https:\/\/www.hofmann-naturstein.com\/wp-content\/themes\/hofmann\/img\/totop.gif\"><\/a><\/div><hr class=\"renner\">[\/vc_column_text][\/vc_column][\/vc_row][vc_row equal_height=&#8220;yes&#8220;][vc_column width=&#8220;1\/2&#8243;]<div class=\"va-gallery\"><ul class=\"gallery \" lbid=\"366756178\"><li class=\"item hide\"><a href=\"https:\/\/www.hofmann-naturstein.com\/wp-content\/uploads\/fassadenverkleidung-massivbau.jpg\"><img loading=\"lazy\" decoding=\"async\" width=\"400\" height=\"283\" src=\"https:\/\/www.hofmann-naturstein.com\/wp-content\/uploads\/fassadenverkleidung-massivbau.jpg\" class=\"attachment-full size-full\" alt=\"\" srcset=\"https:\/\/www.hofmann-naturstein.com\/wp-content\/uploads\/fassadenverkleidung-massivbau.jpg 400w, https:\/\/www.hofmann-naturstein.com\/wp-content\/uploads\/fassadenverkleidung-massivbau-300x212.jpg 300w\" sizes=\"auto, (max-width: 400px) 100vw, 400px\" \/> <span class=\"title\">Palais Vest, Recklingshausen<\/span><\/a><\/li><\/ul><\/div>[\/vc_column][vc_column width=&#8220;1\/2&#8243;][vc_column_text]<\/p>\n<h2>AUSTAUSCH VON FASSADENPLATTEN UND RESTAURIERUNGEN BEI GEB\u00c4UDEREVITALISIERUNGEN<\/h2>\n<h3><\/h3>\n<p>Hofmann Naturstein realisiert Ihre Projekte mit Ihnen von Anfang an, steht Ihnen aber auch bei Geb\u00e4uderevitalisierungs- bzw. Sanierungsma\u00dfnahmen mit Erfahrung und Kompetenz zur Seite. Im Zuge des Lebenszyklus eines Geb\u00e4udes mit Natursteinfassade kann es aus verschiedenen Gr\u00fcnden zu Besch\u00e4digungen einzelner Platten kommen. In diesem Fall muss die betroffene Fassadenplatte vorsichtig, ohne benachbarte Fassadenelemente zu besch\u00e4digen, entnommen und ausgetauscht werden.<\/p>\n<p>Bei Sanierungsma\u00dfnahmen im Bereich \u201eFassadenverkleidung Massivbau\u201c geht es oftmals \u00fcber den Austausch einzelner Fassadenelemente hinaus. Insbesondere bei alten und historischen Geb\u00e4uden ist zus\u00e4tzlich traditionelles Steinmetzhandwerk gefordert, um den urspr\u00fcnglichen Charakter des Geb\u00e4udes wieder herstellen zu k\u00f6nnen.<\/p>\n<p>Als zertifizierter und ausgezeichneter Ausbildungsbetrieb vereinen wir auch dies in unserem Leistungsspektrum. Bei uns erhalten sie sowohl traditionelles Steinmetzhandwerk, als auch hochmoderne 5-Achs Fertigungstechnik.<br \/>\nDie bei uns erh\u00e4ltlichen Leistungen im Bereich Naturstein-Massivbau, Fassadenverkleidung-Massivbau Restaurierungen und Bauen im Bestand sind:<\/p>\n<ul>\n<li>massive Steine<\/li>\n<li>Blockstufen und Abdeckungen<\/li>\n<li>Mauerwerk nach DIN 1053<\/li>\n<li>S\u00e4ulen, Umrahmungen, Gesimse und Kapitellen<\/li>\n<\/ul>\n<p>Eine unserer Referenzen aus dem Gesch\u00e4ftsfeld \u201eRestaurierungen\u201c sind die\u00a0<a href=\"https:\/\/www.hofmann-naturstein.com\/referenz\/schloss-arkaden\/\" target=\"_blank\" rel=\"noopener noreferrer\">Schloss-Arkaden in Braunschweig<\/a>.<\/p>\n<p>Bei spezifischen\u00a0<a href=\"https:\/\/www.hofmann-naturstein.com\/kontakt\/\" target=\"_blank\" rel=\"noopener noreferrer\">Fragen zur Realisierung<\/a>\u00a0Ihres Projektes steht Ihnen Hofmann Naturstein \u2013 Europas f\u00fchrender Hersteller f\u00fcr Natursteine \u2013 gerne zur Verf\u00fcgung.[\/vc_column_text][\/vc_column][\/vc_row][vc_row equal_height=&#8220;yes&#8220; el_class=&#8220;trenner&#8220;][vc_column][vc_column_text]<div class=\"top-link\"><a class=\"top-href\"><img decoding=\"async\" src=\"https:\/\/www.hofmann-naturstein.com\/wp-content\/themes\/hofmann\/img\/totop.gif\"><\/a><\/div><hr class=\"renner\">[\/vc_column_text][\/vc_column][\/vc_row]<\/p>\n<\/div>","protected":false},"excerpt":{"rendered":"<p>[vc_row full_width=&#8220;stretch_row&#8220; equal_height=&#8220;yes&#8220; el_class=&#8220;section-title&#8220; css=&#8220;.vc_custom_1575550928058{margin-top: 0px !important;margin-bottom: 0px !important;padding-top: 0px !important;padding-bottom: 0px !important;background-color: #f2f2f2 !important;}&#8220;][vc_column][vc_column_text] Fassadenverkleidung [\/vc_column_text][\/vc_column][\/vc_row][vc_row equal_height=&#8220;yes&#8220; css=&#8220;.vc_custom_1575552090778{margin-top: 0px !important;}&#8220;][vc_column width=&#8220;1\/2&#8243;][\/vc_column][vc_column width=&#8220;1\/2&#8243;][vc_column_text] HOFMANN NATURSTEIN \u2013 EUROPAS F\u00dcHRENDER HERSTELLER F\u00dcR FASSADENVERKLEIDUNG &nbsp; Fassadenverkleidung mit Platten aus Naturstein sowie dazugeh\u00f6rige Verankerungssysteme Natursteinfassaden sind daf\u00fcr bekannt besonders langlebig zu sein. Um dies zu gew\u00e4hrleisten spielen verschiedene Faktoren [&#8230;]<\/p>\n<p><a class=\"btn btn-secondary understrap-read-more-link\" href=\"https:\/\/www.hofmann-naturstein.com\/de\/fassadenverkleidung\/\">Weiterlesen&#8230;<\/a><\/p>\n","protected":false},"author":1,"featured_media":0,"parent":0,"menu_order":0,"comment_status":"closed","ping_status":"closed","template":"page-templates\/blank-landingpage.php","meta":{"_acf_changed":false,"footnotes":""},"class_list":["post-92798","page","type-page","status-publish","hentry"],"acf":[],"yoast_head":"<!-- This site is optimized with the Yoast SEO plugin v26.5 - https:\/\/yoast.com\/wordpress\/plugins\/seo\/ -->\n<title>Fassadenverkleidung - Vollendete Bauten mit Naturstein von HOFMANN NATURSTEIN<\/title>\n<meta name=\"robots\" content=\"index, follow, max-snippet:-1, max-image-preview:large, max-video-preview:-1\" \/>\n<link rel=\"canonical\" href=\"https:\/\/www.hofmann-naturstein.com\/de\/fassadenverkleidung\/\" \/>\n<meta property=\"og:locale\" content=\"de_DE\" \/>\n<meta property=\"og:type\" content=\"article\" \/>\n<meta property=\"og:title\" content=\"Fassadenverkleidung - Vollendete Bauten mit Naturstein von HOFMANN NATURSTEIN\" \/>\n<meta property=\"og:description\" content=\"[vc_row full_width=&#8220;stretch_row&#8220; equal_height=&#8220;yes&#8220; el_class=&#8220;section-title&#8220; css=&#8220;.vc_custom_1575550928058{margin-top: 0px !important;margin-bottom: 0px !important;padding-top: 0px !important;padding-bottom: 0px !important;background-color: #f2f2f2 !important;}&#8220;][vc_column][vc_column_text] Fassadenverkleidung [\/vc_column_text][\/vc_column][\/vc_row][vc_row equal_height=&#8220;yes&#8220; css=&#8220;.vc_custom_1575552090778{margin-top: 0px !important;}&#8220;][vc_column width=&#8220;1\/2&#8243;][\/vc_column][vc_column width=&#8220;1\/2&#8243;][vc_column_text] HOFMANN NATURSTEIN \u2013 EUROPAS F\u00dcHRENDER HERSTELLER F\u00dcR FASSADENVERKLEIDUNG &nbsp; Fassadenverkleidung mit Platten aus Naturstein sowie dazugeh\u00f6rige Verankerungssysteme Natursteinfassaden sind daf\u00fcr bekannt besonders langlebig zu sein. Um dies zu gew\u00e4hrleisten spielen verschiedene Faktoren [...]Weiterlesen...\" \/>\n<meta property=\"og:url\" content=\"https:\/\/www.hofmann-naturstein.com\/de\/fassadenverkleidung\/\" \/>\n<meta property=\"og:site_name\" content=\"Vollendete Bauten mit Naturstein von HOFMANN NATURSTEIN\" \/>\n<meta property=\"article:modified_time\" content=\"2020-02-25T12:25:19+00:00\" \/>\n<meta name=\"twitter:card\" content=\"summary_large_image\" \/>\n<meta name=\"twitter:label1\" content=\"Gesch\u00e4tzte Lesezeit\" \/>\n\t<meta name=\"twitter:data1\" content=\"3\u00a0Minuten\" \/>\n<script type=\"application\/ld+json\" class=\"yoast-schema-graph\">{\"@context\":\"https:\/\/schema.org\",\"@graph\":[{\"@type\":\"WebPage\",\"@id\":\"https:\/\/www.hofmann-naturstein.com\/de\/fassadenverkleidung\/\",\"url\":\"https:\/\/www.hofmann-naturstein.com\/de\/fassadenverkleidung\/\",\"name\":\"Fassadenverkleidung - Vollendete Bauten mit Naturstein von HOFMANN NATURSTEIN\",\"isPartOf\":{\"@id\":\"https:\/\/www.hofmann-naturstein.com\/de\/#website\"},\"datePublished\":\"2020-02-25T12:14:11+00:00\",\"dateModified\":\"2020-02-25T12:25:19+00:00\",\"breadcrumb\":{\"@id\":\"https:\/\/www.hofmann-naturstein.com\/de\/fassadenverkleidung\/#breadcrumb\"},\"inLanguage\":\"de\",\"potentialAction\":[{\"@type\":\"ReadAction\",\"target\":[\"https:\/\/www.hofmann-naturstein.com\/de\/fassadenverkleidung\/\"]}]},{\"@type\":\"BreadcrumbList\",\"@id\":\"https:\/\/www.hofmann-naturstein.com\/de\/fassadenverkleidung\/#breadcrumb\",\"itemListElement\":[{\"@type\":\"ListItem\",\"position\":1,\"name\":\"Startseite\",\"item\":\"https:\/\/www.hofmann-naturstein.com\/de\/\"},{\"@type\":\"ListItem\",\"position\":2,\"name\":\"Fassadenverkleidung\"}]},{\"@type\":\"WebSite\",\"@id\":\"https:\/\/www.hofmann-naturstein.com\/de\/#website\",\"url\":\"https:\/\/www.hofmann-naturstein.com\/de\/\",\"name\":\"Vollendete Bauten mit Naturstein von HOFMANN NATURSTEIN\",\"description\":\"\",\"publisher\":{\"@id\":\"https:\/\/www.hofmann-naturstein.com\/de\/#organization\"},\"potentialAction\":[{\"@type\":\"SearchAction\",\"target\":{\"@type\":\"EntryPoint\",\"urlTemplate\":\"https:\/\/www.hofmann-naturstein.com\/de\/?s={search_term_string}\"},\"query-input\":{\"@type\":\"PropertyValueSpecification\",\"valueRequired\":true,\"valueName\":\"search_term_string\"}}],\"inLanguage\":\"de\"},{\"@type\":\"Organization\",\"@id\":\"https:\/\/www.hofmann-naturstein.com\/de\/#organization\",\"name\":\"Vollendete Bauten mit Naturstein von HOFMANN NATURSTEIN\",\"url\":\"https:\/\/www.hofmann-naturstein.com\/de\/\",\"logo\":{\"@type\":\"ImageObject\",\"inLanguage\":\"de\",\"@id\":\"https:\/\/www.hofmann-naturstein.com\/de\/#\/schema\/logo\/image\/\",\"url\":\"https:\/\/www.hofmann-naturstein.com\/wp-content\/uploads\/2019\/11\/cropped-hofmann-naturstein-logo.png\",\"contentUrl\":\"https:\/\/www.hofmann-naturstein.com\/wp-content\/uploads\/2019\/11\/cropped-hofmann-naturstein-logo.png\",\"width\":490,\"height\":146,\"caption\":\"Vollendete Bauten mit Naturstein von HOFMANN NATURSTEIN\"},\"image\":{\"@id\":\"https:\/\/www.hofmann-naturstein.com\/de\/#\/schema\/logo\/image\/\"}}]}<\/script>\n<!-- \/ Yoast SEO plugin. -->","yoast_head_json":{"title":"Fassadenverkleidung - Vollendete Bauten mit Naturstein von HOFMANN NATURSTEIN","robots":{"index":"index","follow":"follow","max-snippet":"max-snippet:-1","max-image-preview":"max-image-preview:large","max-video-preview":"max-video-preview:-1"},"canonical":"https:\/\/www.hofmann-naturstein.com\/de\/fassadenverkleidung\/","og_locale":"de_DE","og_type":"article","og_title":"Fassadenverkleidung - Vollendete Bauten mit Naturstein von HOFMANN NATURSTEIN","og_description":"[vc_row full_width=&#8220;stretch_row&#8220; equal_height=&#8220;yes&#8220; el_class=&#8220;section-title&#8220; css=&#8220;.vc_custom_1575550928058{margin-top: 0px !important;margin-bottom: 0px !important;padding-top: 0px !important;padding-bottom: 0px !important;background-color: #f2f2f2 !important;}&#8220;][vc_column][vc_column_text] Fassadenverkleidung [\/vc_column_text][\/vc_column][\/vc_row][vc_row equal_height=&#8220;yes&#8220; css=&#8220;.vc_custom_1575552090778{margin-top: 0px !important;}&#8220;][vc_column width=&#8220;1\/2&#8243;][\/vc_column][vc_column width=&#8220;1\/2&#8243;][vc_column_text] HOFMANN NATURSTEIN \u2013 EUROPAS F\u00dcHRENDER HERSTELLER F\u00dcR FASSADENVERKLEIDUNG &nbsp; Fassadenverkleidung mit Platten aus Naturstein sowie dazugeh\u00f6rige Verankerungssysteme Natursteinfassaden sind daf\u00fcr bekannt besonders langlebig zu sein. Um dies zu gew\u00e4hrleisten spielen verschiedene Faktoren [...]Weiterlesen...","og_url":"https:\/\/www.hofmann-naturstein.com\/de\/fassadenverkleidung\/","og_site_name":"Vollendete Bauten mit Naturstein von HOFMANN NATURSTEIN","article_modified_time":"2020-02-25T12:25:19+00:00","twitter_card":"summary_large_image","twitter_misc":{"Gesch\u00e4tzte Lesezeit":"3\u00a0Minuten"},"schema":{"@context":"https:\/\/schema.org","@graph":[{"@type":"WebPage","@id":"https:\/\/www.hofmann-naturstein.com\/de\/fassadenverkleidung\/","url":"https:\/\/www.hofmann-naturstein.com\/de\/fassadenverkleidung\/","name":"Fassadenverkleidung - Vollendete Bauten mit Naturstein von HOFMANN NATURSTEIN","isPartOf":{"@id":"https:\/\/www.hofmann-naturstein.com\/de\/#website"},"datePublished":"2020-02-25T12:14:11+00:00","dateModified":"2020-02-25T12:25:19+00:00","breadcrumb":{"@id":"https:\/\/www.hofmann-naturstein.com\/de\/fassadenverkleidung\/#breadcrumb"},"inLanguage":"de","potentialAction":[{"@type":"ReadAction","target":["https:\/\/www.hofmann-naturstein.com\/de\/fassadenverkleidung\/"]}]},{"@type":"BreadcrumbList","@id":"https:\/\/www.hofmann-naturstein.com\/de\/fassadenverkleidung\/#breadcrumb","itemListElement":[{"@type":"ListItem","position":1,"name":"Startseite","item":"https:\/\/www.hofmann-naturstein.com\/de\/"},{"@type":"ListItem","position":2,"name":"Fassadenverkleidung"}]},{"@type":"WebSite","@id":"https:\/\/www.hofmann-naturstein.com\/de\/#website","url":"https:\/\/www.hofmann-naturstein.com\/de\/","name":"Vollendete Bauten mit Naturstein von HOFMANN NATURSTEIN","description":"","publisher":{"@id":"https:\/\/www.hofmann-naturstein.com\/de\/#organization"},"potentialAction":[{"@type":"SearchAction","target":{"@type":"EntryPoint","urlTemplate":"https:\/\/www.hofmann-naturstein.com\/de\/?s={search_term_string}"},"query-input":{"@type":"PropertyValueSpecification","valueRequired":true,"valueName":"search_term_string"}}],"inLanguage":"de"},{"@type":"Organization","@id":"https:\/\/www.hofmann-naturstein.com\/de\/#organization","name":"Vollendete Bauten mit Naturstein von HOFMANN NATURSTEIN","url":"https:\/\/www.hofmann-naturstein.com\/de\/","logo":{"@type":"ImageObject","inLanguage":"de","@id":"https:\/\/www.hofmann-naturstein.com\/de\/#\/schema\/logo\/image\/","url":"https:\/\/www.hofmann-naturstein.com\/wp-content\/uploads\/2019\/11\/cropped-hofmann-naturstein-logo.png","contentUrl":"https:\/\/www.hofmann-naturstein.com\/wp-content\/uploads\/2019\/11\/cropped-hofmann-naturstein-logo.png","width":490,"height":146,"caption":"Vollendete Bauten mit Naturstein von HOFMANN NATURSTEIN"},"image":{"@id":"https:\/\/www.hofmann-naturstein.com\/de\/#\/schema\/logo\/image\/"}}]}},"_links":{"self":[{"href":"https:\/\/www.hofmann-naturstein.com\/de\/wp-json\/wp\/v2\/pages\/92798","targetHints":{"allow":["GET"]}}],"collection":[{"href":"https:\/\/www.hofmann-naturstein.com\/de\/wp-json\/wp\/v2\/pages"}],"about":[{"href":"https:\/\/www.hofmann-naturstein.com\/de\/wp-json\/wp\/v2\/types\/page"}],"author":[{"embeddable":true,"href":"https:\/\/www.hofmann-naturstein.com\/de\/wp-json\/wp\/v2\/users\/1"}],"replies":[{"embeddable":true,"href":"https:\/\/www.hofmann-naturstein.com\/de\/wp-json\/wp\/v2\/comments?post=92798"}],"version-history":[{"count":8,"href":"https:\/\/www.hofmann-naturstein.com\/de\/wp-json\/wp\/v2\/pages\/92798\/revisions"}],"predecessor-version":[{"id":92810,"href":"https:\/\/www.hofmann-naturstein.com\/de\/wp-json\/wp\/v2\/pages\/92798\/revisions\/92810"}],"wp:attachment":[{"href":"https:\/\/www.hofmann-naturstein.com\/de\/wp-json\/wp\/v2\/media?parent=92798"}],"curies":[{"name":"wp","href":"https:\/\/api.w.org\/{rel}","templated":true}]}}