{"id":92812,"date":"2020-02-25T13:38:31","date_gmt":"2020-02-25T12:38:31","guid":{"rendered":"https:\/\/hofmann.dev.viableart.com\/?page_id=92812"},"modified":"2020-02-25T13:38:40","modified_gmt":"2020-02-25T12:38:40","slug":"natursteinfassade","status":"publish","type":"page","link":"https:\/\/www.hofmann-naturstein.com\/de\/natursteinfassade\/","title":{"rendered":"Natursteinfassade"},"content":{"rendered":"<div class=\"wpb-content-wrapper\"><p>[vc_row full_width=&#8220;stretch_row&#8220; equal_height=&#8220;yes&#8220; el_class=&#8220;section-title&#8220; css=&#8220;.vc_custom_1575550928058{margin-top: 0px !important;margin-bottom: 0px !important;padding-top: 0px !important;padding-bottom: 0px !important;background-color: #f2f2f2 !important;}&#8220;][vc_column][vc_column_text]<\/p>\n<h1>Natursteinfassade<\/h1>\n<p>[\/vc_column_text][\/vc_column][\/vc_row][vc_row equal_height=&#8220;yes&#8220; css=&#8220;.vc_custom_1575552090778{margin-top: 0px !important;}&#8220;][vc_column width=&#8220;1\/2&#8243;]<div class=\"va-gallery\"><ul class=\"gallery \" lbid=\"340291161\"><li class=\"item hide\"><a href=\"https:\/\/www.hofmann-naturstein.com\/wp-content\/uploads\/fassadenplatten-hersteller-naturstein.jpg\"><img loading=\"lazy\" decoding=\"async\" width=\"440\" height=\"330\" src=\"https:\/\/www.hofmann-naturstein.com\/wp-content\/uploads\/fassadenplatten-hersteller-naturstein.jpg\" class=\"attachment-full size-full\" alt=\"Hauptverwaltung Gamburg\" srcset=\"https:\/\/www.hofmann-naturstein.com\/wp-content\/uploads\/fassadenplatten-hersteller-naturstein.jpg 440w, https:\/\/www.hofmann-naturstein.com\/wp-content\/uploads\/fassadenplatten-hersteller-naturstein-300x225.jpg 300w\" sizes=\"auto, (max-width: 440px) 100vw, 440px\" \/> <span class=\"title\">Hauptverwaltung Gamburg<\/span><\/a><\/li><\/ul><\/div>[\/vc_column][vc_column width=&#8220;1\/2&#8243;][vc_column_text]<\/p>\n<h2>HOFMANN NATURSTEIN \u2013 EUROPAS F\u00dcHRENDER HERSTELLER F\u00dcR NATURSTEIN FASSADENSYSTEME<\/h2>\n<h2><\/h2>\n<p>Das Familienunternehmen Hofmann Naturstein, mit Unternehmenshauptsitz in Gamburg, wurde 1945 von Anton und Dorothea Hofmann gegr\u00fcndet und z\u00e4hlt heute zu Europas f\u00fchrenden Unternehmen f\u00fcr Naturstein Fassadenbekleidungen. Die Natursteine werden in eigenen Steinbr\u00fcchen sowie in Vertragssteinbr\u00fcchen gewonnen, deren Qualit\u00e4t durch eine kontinuierlichen Kontrolle unserer Geologen gew\u00e4hrleitet wird.<\/p>\n<p>Hofmann Naturstein steht f\u00fcr herausragende Qualit\u00e4t und ma\u00dfgeschneiderte architektonische L\u00f6sungen aus einer Hand. So konnten weltweit renommierte Architekten und Bauherren als zufriedene Kunden gewonnen und j\u00e4hrlich ca. 100 gr\u00f6\u00dfere Bauvorhaben realisiert werden.<\/p>\n<p>Sie erhalten von Hofmann Naturstein Komplettl\u00f6sungen aus einer Hand. Angefangen bei der Individuellen Beratung durch unsere Vertriebsingenieure \u00fcber die Planung durch hauseigene Ingenieure, objekt- und ma\u00dfbezogene Steingewinnung f\u00fcr Ihr Bauvorhaben, eine werkseigene Verarbeitung, sowie die angeschlossene Logistik und Montage inklusive der Bauleitung durch Fachingenieure und regelm\u00e4\u00dfige Inspektionen, Wartungen.<\/p>\n<p>Sie m\u00f6chten sich gerne einen \u00dcberblick \u00fcber unsere Projekte und Leistungen verschaffen?<\/p>\n<p>In unserem\u00a0<a href=\"\/Referenzen\/Referenzbuch\/\" target=\"_blank\" rel=\"noopener noreferrer\">Referenzbuch<\/a>\u00a0finden Sie ausgew\u00e4hlte Projekte, welche erfolgreich mit einer Fassadenverkleidung von Hofmann Naturstein realisiert wurden.[\/vc_column_text][\/vc_column][\/vc_row][vc_row equal_height=&#8220;yes&#8220; el_class=&#8220;trenner&#8220;][vc_column][vc_column_text]<div class=\"top-link\"><a class=\"top-href\"><img decoding=\"async\" src=\"https:\/\/www.hofmann-naturstein.com\/wp-content\/themes\/hofmann\/img\/totop.gif\"><\/a><\/div><hr class=\"renner\">[\/vc_column_text][\/vc_column][\/vc_row][vc_row equal_height=&#8220;yes&#8220;][vc_column width=&#8220;1\/2&#8243;]<div class=\"va-gallery\"><ul class=\"gallery \" lbid=\"1687571901\"><li class=\"item hide\"><a href=\"https:\/\/www.hofmann-naturstein.com\/wp-content\/uploads\/opernturm-frankfurt-querformat-1.jpg\"><img loading=\"lazy\" decoding=\"async\" width=\"2048\" height=\"1536\" src=\"https:\/\/www.hofmann-naturstein.com\/wp-content\/uploads\/opernturm-frankfurt-querformat-1.jpg\" class=\"attachment-full size-full\" alt=\"\" srcset=\"https:\/\/www.hofmann-naturstein.com\/wp-content\/uploads\/opernturm-frankfurt-querformat-1.jpg 2048w, https:\/\/www.hofmann-naturstein.com\/wp-content\/uploads\/opernturm-frankfurt-querformat-1-300x225.jpg 300w, https:\/\/www.hofmann-naturstein.com\/wp-content\/uploads\/opernturm-frankfurt-querformat-1-1024x768.jpg 1024w, https:\/\/www.hofmann-naturstein.com\/wp-content\/uploads\/opernturm-frankfurt-querformat-1-768x576.jpg 768w, https:\/\/www.hofmann-naturstein.com\/wp-content\/uploads\/opernturm-frankfurt-querformat-1-1536x1152.jpg 1536w\" sizes=\"auto, (max-width: 2048px) 100vw, 2048px\" \/> <span class=\"title\">Frankfurter Opernturm: Hervorragende \u00d6kobilanz dank Natursteinfassade<\/span><\/a><\/li><\/ul><\/div>[\/vc_column][vc_column width=&#8220;1\/2&#8243;][vc_column_text]<\/p>\n<h2>VERBESSERN SIE DIE \u00d6KOBILANZ MIT EINER VORGEH\u00c4NGTEN, HINTERL\u00dcFTETEN NATURSTEINFASSADE<\/h2>\n<p>&nbsp;<\/p>\n<p>Natursteinfassaden sind nachhaltiger und umweltfreundlicher als beispielsweise Glasfassaden. Und besonders bei Gro\u00dfprojekten erm\u00f6glicht die vorgeh\u00e4ngte, hinterl\u00fcftete Natursteinfassade langfristig gesehen immense Kosteneinsparungen.<\/p>\n<p>Anhand eines von uns realisierten Projektes, dem Opernturm Frankfurt, m\u00f6chten wir Ihnen ausgew\u00e4hlte \u00f6konomische und \u00f6kologische Einsparpotenziale aufzeigen:<\/p>\n<p><strong>\u00d6konomische Vorteile:<\/strong><\/p>\n<p>1. Das nun folgende Rechenbeispiel orientiert sich an den gesamten Lebenszyklus-Kosten basierend auf\u00a0<strong>14,7 m\u00b2 Fassaden-Ausschnittfl\u00e4che<\/strong>. Inkludiert sind folgende Kostenpunkte:<\/p>\n<ul>\n<li>Herstellungskosten<\/li>\n<li>Nutzungsenergie<\/li>\n<li>Reinigung<\/li>\n<li>Wartung<\/li>\n<li>Instandsetzung<\/li>\n<\/ul>\n<p>Natursteinfassade-Kosten im Vergleich zu den Kosten einer Glasfassade bezogen auf 14,7 m\u00b2:<\/p>\n<p>Natursteinfassade-Kosten: 21.266 \u20ac<br \/>\nGlasfassade-Kosten: 37.517 \u20ac<br \/>\n<strong>Differenz: 16.251 \u20ac<\/strong><\/p>\n<p><strong>Bei einer Gesamtfassadenfl\u00e4che von 60.000 m\u00b2 und einer Lebensdauer von 50 Jahren betragen die Kosten einer Glasfassade umgerechnet 40,9 Mio. \u20ac mehr, als die einer Natursteinfassade.<\/strong><\/p>\n<p>Die Beispielrechnung zeigt eindr\u00fccklich die wirtschaftlichen Vorteile einer Natursteinfassade.<\/p>\n<p><strong>2. \u00d6konomische Vorteile durch die richtige D\u00e4mmung und einen daraus resultierend geringeren Energiebedarf<\/strong><\/p>\n<p>Vorgeh\u00e4ngte und hinterl\u00fcftete Natursteinfassaden reduzieren den Energiebedarf eines Geb\u00e4udes erheblich.<\/p>\n<p>Auch der Energiebedarf selbst ist vergleichsweise geringer. So liegt der Prim\u00e4rbedarf eines Geb\u00e4udes mit Natursteinfassade zwischen 100 &amp; 150 kWh\/m\u00b2a, der eines Glasgeb\u00e4udes bei circa 300 und 700 kWh\/m\u00b2a. Der Wert schwankt je nach D\u00e4mmstoffdicke und dem verwendeten Material f\u00fcr die D\u00e4mmung.<\/p>\n<p>&nbsp;<\/p>\n<p><strong>\u00d6kologische Vorteile einer vorgeh\u00e4ngten und hinterl\u00fcfteten Natursteinfassade<\/strong><\/p>\n<p>Verglichen mit einer Glasfassade bietet eine Natursteinfassade auch unter \u00f6kologischer Gesichtspunkten wesentliche Vorteile. An dieser Stelle m\u00f6chten wir Ihnen drei Beispiele nennen, die sich erheblich auf unsere Umwelt auswirken.<\/p>\n<p>Glasfassaden versus Natursteinfassaden:<\/p>\n<ul>\n<li>Treibhauspotenzial: mehr als 2,5-fach<\/li>\n<li>Ozonabbau-Potenzial: mehr als 1,5-fach<\/li>\n<li>Versauerungs-Potenzial: mehr als 3,0-fach<\/li>\n<\/ul>\n<p>&nbsp;<\/p>\n<p>Die gesamte Studie zur \u00d6kobilanz am Fallbeispiel finden Sie hier:\u00a0<a href=\"https:\/\/www.hofmann-naturstein.com\/referenz\/opernturm\/\" target=\"_blank\" rel=\"noopener noreferrer\">Opernturm Frankfurt<\/a><\/p>\n<p>F\u00fcr weitere Informationen oder Fragen k\u00f6nnen Sie uns gerne pers\u00f6nlich oder per E-Mail\u00a0<a href=\"https:\/\/www.hofmann-naturstein.com\/kontakt\/\" target=\"_blank\" rel=\"noopener noreferrer\">kontaktieren<\/a>[\/vc_column_text][\/vc_column][\/vc_row][vc_row equal_height=&#8220;yes&#8220; el_class=&#8220;trenner&#8220;][vc_column][vc_column_text]<div class=\"top-link\"><a class=\"top-href\"><img decoding=\"async\" src=\"https:\/\/www.hofmann-naturstein.com\/wp-content\/themes\/hofmann\/img\/totop.gif\"><\/a><\/div><hr class=\"renner\">[\/vc_column_text][\/vc_column][\/vc_row]<\/p>\n<\/div>","protected":false},"excerpt":{"rendered":"<p>[vc_row full_width=&#8220;stretch_row&#8220; equal_height=&#8220;yes&#8220; el_class=&#8220;section-title&#8220; css=&#8220;.vc_custom_1575550928058{margin-top: 0px !important;margin-bottom: 0px !important;padding-top: 0px !important;padding-bottom: 0px !important;background-color: #f2f2f2 !important;}&#8220;][vc_column][vc_column_text] Natursteinfassade [\/vc_column_text][\/vc_column][\/vc_row][vc_row equal_height=&#8220;yes&#8220; css=&#8220;.vc_custom_1575552090778{margin-top: 0px !important;}&#8220;][vc_column width=&#8220;1\/2&#8243;][\/vc_column][vc_column width=&#8220;1\/2&#8243;][vc_column_text] HOFMANN NATURSTEIN \u2013 EUROPAS F\u00dcHRENDER HERSTELLER F\u00dcR NATURSTEIN FASSADENSYSTEME Das Familienunternehmen Hofmann Naturstein, mit Unternehmenshauptsitz in Gamburg, wurde 1945 von Anton und Dorothea Hofmann gegr\u00fcndet und z\u00e4hlt heute zu Europas f\u00fchrenden Unternehmen [&#8230;]<\/p>\n<p><a class=\"btn btn-secondary understrap-read-more-link\" href=\"https:\/\/www.hofmann-naturstein.com\/de\/natursteinfassade\/\">Weiterlesen&#8230;<\/a><\/p>\n","protected":false},"author":1,"featured_media":0,"parent":0,"menu_order":0,"comment_status":"closed","ping_status":"closed","template":"page-templates\/blank-landingpage.php","meta":{"_acf_changed":false,"footnotes":""},"class_list":["post-92812","page","type-page","status-publish","hentry"],"acf":[],"yoast_head":"<!-- This site is optimized with the Yoast SEO plugin v26.5 - https:\/\/yoast.com\/wordpress\/plugins\/seo\/ -->\n<title>Natursteinfassade - Vollendete Bauten mit Naturstein von HOFMANN NATURSTEIN<\/title>\n<meta name=\"robots\" content=\"index, follow, max-snippet:-1, max-image-preview:large, max-video-preview:-1\" \/>\n<link rel=\"canonical\" href=\"https:\/\/www.hofmann-naturstein.com\/de\/natursteinfassade\/\" \/>\n<meta property=\"og:locale\" content=\"de_DE\" \/>\n<meta property=\"og:type\" content=\"article\" \/>\n<meta property=\"og:title\" content=\"Natursteinfassade - Vollendete Bauten mit Naturstein von HOFMANN NATURSTEIN\" \/>\n<meta property=\"og:description\" content=\"[vc_row full_width=&#8220;stretch_row&#8220; equal_height=&#8220;yes&#8220; el_class=&#8220;section-title&#8220; css=&#8220;.vc_custom_1575550928058{margin-top: 0px !important;margin-bottom: 0px !important;padding-top: 0px !important;padding-bottom: 0px !important;background-color: #f2f2f2 !important;}&#8220;][vc_column][vc_column_text] Natursteinfassade [\/vc_column_text][\/vc_column][\/vc_row][vc_row equal_height=&#8220;yes&#8220; css=&#8220;.vc_custom_1575552090778{margin-top: 0px !important;}&#8220;][vc_column width=&#8220;1\/2&#8243;][\/vc_column][vc_column width=&#8220;1\/2&#8243;][vc_column_text] HOFMANN NATURSTEIN \u2013 EUROPAS F\u00dcHRENDER HERSTELLER F\u00dcR NATURSTEIN FASSADENSYSTEME Das Familienunternehmen Hofmann Naturstein, mit Unternehmenshauptsitz in Gamburg, wurde 1945 von Anton und Dorothea Hofmann gegr\u00fcndet und z\u00e4hlt heute zu Europas f\u00fchrenden Unternehmen [...]Weiterlesen...\" \/>\n<meta property=\"og:url\" content=\"https:\/\/www.hofmann-naturstein.com\/de\/natursteinfassade\/\" \/>\n<meta property=\"og:site_name\" content=\"Vollendete Bauten mit Naturstein von HOFMANN NATURSTEIN\" \/>\n<meta property=\"article:modified_time\" content=\"2020-02-25T12:38:40+00:00\" \/>\n<meta name=\"twitter:card\" content=\"summary_large_image\" \/>\n<meta name=\"twitter:label1\" content=\"Gesch\u00e4tzte Lesezeit\" \/>\n\t<meta name=\"twitter:data1\" content=\"3\u00a0Minuten\" \/>\n<script type=\"application\/ld+json\" class=\"yoast-schema-graph\">{\"@context\":\"https:\/\/schema.org\",\"@graph\":[{\"@type\":\"WebPage\",\"@id\":\"https:\/\/www.hofmann-naturstein.com\/de\/natursteinfassade\/\",\"url\":\"https:\/\/www.hofmann-naturstein.com\/de\/natursteinfassade\/\",\"name\":\"Natursteinfassade - Vollendete Bauten mit Naturstein von HOFMANN NATURSTEIN\",\"isPartOf\":{\"@id\":\"https:\/\/www.hofmann-naturstein.com\/de\/#website\"},\"datePublished\":\"2020-02-25T12:38:31+00:00\",\"dateModified\":\"2020-02-25T12:38:40+00:00\",\"breadcrumb\":{\"@id\":\"https:\/\/www.hofmann-naturstein.com\/de\/natursteinfassade\/#breadcrumb\"},\"inLanguage\":\"de\",\"potentialAction\":[{\"@type\":\"ReadAction\",\"target\":[\"https:\/\/www.hofmann-naturstein.com\/de\/natursteinfassade\/\"]}]},{\"@type\":\"BreadcrumbList\",\"@id\":\"https:\/\/www.hofmann-naturstein.com\/de\/natursteinfassade\/#breadcrumb\",\"itemListElement\":[{\"@type\":\"ListItem\",\"position\":1,\"name\":\"Startseite\",\"item\":\"https:\/\/www.hofmann-naturstein.com\/de\/\"},{\"@type\":\"ListItem\",\"position\":2,\"name\":\"Natursteinfassade\"}]},{\"@type\":\"WebSite\",\"@id\":\"https:\/\/www.hofmann-naturstein.com\/de\/#website\",\"url\":\"https:\/\/www.hofmann-naturstein.com\/de\/\",\"name\":\"Vollendete Bauten mit Naturstein von HOFMANN NATURSTEIN\",\"description\":\"\",\"publisher\":{\"@id\":\"https:\/\/www.hofmann-naturstein.com\/de\/#organization\"},\"potentialAction\":[{\"@type\":\"SearchAction\",\"target\":{\"@type\":\"EntryPoint\",\"urlTemplate\":\"https:\/\/www.hofmann-naturstein.com\/de\/?s={search_term_string}\"},\"query-input\":{\"@type\":\"PropertyValueSpecification\",\"valueRequired\":true,\"valueName\":\"search_term_string\"}}],\"inLanguage\":\"de\"},{\"@type\":\"Organization\",\"@id\":\"https:\/\/www.hofmann-naturstein.com\/de\/#organization\",\"name\":\"Vollendete Bauten mit Naturstein von HOFMANN NATURSTEIN\",\"url\":\"https:\/\/www.hofmann-naturstein.com\/de\/\",\"logo\":{\"@type\":\"ImageObject\",\"inLanguage\":\"de\",\"@id\":\"https:\/\/www.hofmann-naturstein.com\/de\/#\/schema\/logo\/image\/\",\"url\":\"https:\/\/www.hofmann-naturstein.com\/wp-content\/uploads\/2019\/11\/cropped-hofmann-naturstein-logo.png\",\"contentUrl\":\"https:\/\/www.hofmann-naturstein.com\/wp-content\/uploads\/2019\/11\/cropped-hofmann-naturstein-logo.png\",\"width\":490,\"height\":146,\"caption\":\"Vollendete Bauten mit Naturstein von HOFMANN NATURSTEIN\"},\"image\":{\"@id\":\"https:\/\/www.hofmann-naturstein.com\/de\/#\/schema\/logo\/image\/\"}}]}<\/script>\n<!-- \/ Yoast SEO plugin. -->","yoast_head_json":{"title":"Natursteinfassade - Vollendete Bauten mit Naturstein von HOFMANN NATURSTEIN","robots":{"index":"index","follow":"follow","max-snippet":"max-snippet:-1","max-image-preview":"max-image-preview:large","max-video-preview":"max-video-preview:-1"},"canonical":"https:\/\/www.hofmann-naturstein.com\/de\/natursteinfassade\/","og_locale":"de_DE","og_type":"article","og_title":"Natursteinfassade - Vollendete Bauten mit Naturstein von HOFMANN NATURSTEIN","og_description":"[vc_row full_width=&#8220;stretch_row&#8220; equal_height=&#8220;yes&#8220; el_class=&#8220;section-title&#8220; css=&#8220;.vc_custom_1575550928058{margin-top: 0px !important;margin-bottom: 0px !important;padding-top: 0px !important;padding-bottom: 0px !important;background-color: #f2f2f2 !important;}&#8220;][vc_column][vc_column_text] Natursteinfassade [\/vc_column_text][\/vc_column][\/vc_row][vc_row equal_height=&#8220;yes&#8220; css=&#8220;.vc_custom_1575552090778{margin-top: 0px !important;}&#8220;][vc_column width=&#8220;1\/2&#8243;][\/vc_column][vc_column width=&#8220;1\/2&#8243;][vc_column_text] HOFMANN NATURSTEIN \u2013 EUROPAS F\u00dcHRENDER HERSTELLER F\u00dcR NATURSTEIN FASSADENSYSTEME Das Familienunternehmen Hofmann Naturstein, mit Unternehmenshauptsitz in Gamburg, wurde 1945 von Anton und Dorothea Hofmann gegr\u00fcndet und z\u00e4hlt heute zu Europas f\u00fchrenden Unternehmen [...]Weiterlesen...","og_url":"https:\/\/www.hofmann-naturstein.com\/de\/natursteinfassade\/","og_site_name":"Vollendete Bauten mit Naturstein von HOFMANN NATURSTEIN","article_modified_time":"2020-02-25T12:38:40+00:00","twitter_card":"summary_large_image","twitter_misc":{"Gesch\u00e4tzte Lesezeit":"3\u00a0Minuten"},"schema":{"@context":"https:\/\/schema.org","@graph":[{"@type":"WebPage","@id":"https:\/\/www.hofmann-naturstein.com\/de\/natursteinfassade\/","url":"https:\/\/www.hofmann-naturstein.com\/de\/natursteinfassade\/","name":"Natursteinfassade - Vollendete Bauten mit Naturstein von HOFMANN NATURSTEIN","isPartOf":{"@id":"https:\/\/www.hofmann-naturstein.com\/de\/#website"},"datePublished":"2020-02-25T12:38:31+00:00","dateModified":"2020-02-25T12:38:40+00:00","breadcrumb":{"@id":"https:\/\/www.hofmann-naturstein.com\/de\/natursteinfassade\/#breadcrumb"},"inLanguage":"de","potentialAction":[{"@type":"ReadAction","target":["https:\/\/www.hofmann-naturstein.com\/de\/natursteinfassade\/"]}]},{"@type":"BreadcrumbList","@id":"https:\/\/www.hofmann-naturstein.com\/de\/natursteinfassade\/#breadcrumb","itemListElement":[{"@type":"ListItem","position":1,"name":"Startseite","item":"https:\/\/www.hofmann-naturstein.com\/de\/"},{"@type":"ListItem","position":2,"name":"Natursteinfassade"}]},{"@type":"WebSite","@id":"https:\/\/www.hofmann-naturstein.com\/de\/#website","url":"https:\/\/www.hofmann-naturstein.com\/de\/","name":"Vollendete Bauten mit Naturstein von HOFMANN NATURSTEIN","description":"","publisher":{"@id":"https:\/\/www.hofmann-naturstein.com\/de\/#organization"},"potentialAction":[{"@type":"SearchAction","target":{"@type":"EntryPoint","urlTemplate":"https:\/\/www.hofmann-naturstein.com\/de\/?s={search_term_string}"},"query-input":{"@type":"PropertyValueSpecification","valueRequired":true,"valueName":"search_term_string"}}],"inLanguage":"de"},{"@type":"Organization","@id":"https:\/\/www.hofmann-naturstein.com\/de\/#organization","name":"Vollendete Bauten mit Naturstein von HOFMANN NATURSTEIN","url":"https:\/\/www.hofmann-naturstein.com\/de\/","logo":{"@type":"ImageObject","inLanguage":"de","@id":"https:\/\/www.hofmann-naturstein.com\/de\/#\/schema\/logo\/image\/","url":"https:\/\/www.hofmann-naturstein.com\/wp-content\/uploads\/2019\/11\/cropped-hofmann-naturstein-logo.png","contentUrl":"https:\/\/www.hofmann-naturstein.com\/wp-content\/uploads\/2019\/11\/cropped-hofmann-naturstein-logo.png","width":490,"height":146,"caption":"Vollendete Bauten mit Naturstein von HOFMANN NATURSTEIN"},"image":{"@id":"https:\/\/www.hofmann-naturstein.com\/de\/#\/schema\/logo\/image\/"}}]}},"_links":{"self":[{"href":"https:\/\/www.hofmann-naturstein.com\/de\/wp-json\/wp\/v2\/pages\/92812","targetHints":{"allow":["GET"]}}],"collection":[{"href":"https:\/\/www.hofmann-naturstein.com\/de\/wp-json\/wp\/v2\/pages"}],"about":[{"href":"https:\/\/www.hofmann-naturstein.com\/de\/wp-json\/wp\/v2\/types\/page"}],"author":[{"embeddable":true,"href":"https:\/\/www.hofmann-naturstein.com\/de\/wp-json\/wp\/v2\/users\/1"}],"replies":[{"embeddable":true,"href":"https:\/\/www.hofmann-naturstein.com\/de\/wp-json\/wp\/v2\/comments?post=92812"}],"version-history":[{"count":1,"href":"https:\/\/www.hofmann-naturstein.com\/de\/wp-json\/wp\/v2\/pages\/92812\/revisions"}],"predecessor-version":[{"id":92813,"href":"https:\/\/www.hofmann-naturstein.com\/de\/wp-json\/wp\/v2\/pages\/92812\/revisions\/92813"}],"wp:attachment":[{"href":"https:\/\/www.hofmann-naturstein.com\/de\/wp-json\/wp\/v2\/media?parent=92812"}],"curies":[{"name":"wp","href":"https:\/\/api.w.org\/{rel}","templated":true}]}}