{"id":92818,"date":"2020-02-25T13:45:59","date_gmt":"2020-02-25T12:45:59","guid":{"rendered":"https:\/\/hofmann.dev.viableart.com\/?page_id=92818"},"modified":"2020-02-25T13:45:59","modified_gmt":"2020-02-25T12:45:59","slug":"aussenfassade-aus-sandstein","status":"publish","type":"page","link":"https:\/\/www.hofmann-naturstein.com\/de\/aussenfassade-aus-sandstein\/","title":{"rendered":"Au\u00dfenfassade aus Sandstein"},"content":{"rendered":"<div class=\"wpb-content-wrapper\"><p>[vc_row full_width=&#8220;stretch_row&#8220; equal_height=&#8220;yes&#8220; el_class=&#8220;section-title&#8220; css=&#8220;.vc_custom_1575550928058{margin-top: 0px !important;margin-bottom: 0px !important;padding-top: 0px !important;padding-bottom: 0px !important;background-color: #f2f2f2 !important;}&#8220;][vc_column][vc_column_text]<\/p>\n<h1>Au\u00dfenfassade aus Sandstein<\/h1>\n<p>[\/vc_column_text][\/vc_column][\/vc_row][vc_row equal_height=&#8220;yes&#8220; css=&#8220;.vc_custom_1575552090778{margin-top: 0px !important;}&#8220;][vc_column width=&#8220;1\/2&#8243;]<div class=\"va-gallery\"><ul class=\"gallery \" lbid=\"1303921483\"><li class=\"item hide\"><a href=\"https:\/\/www.hofmann-naturstein.com\/wp-content\/uploads\/schloss-arkaden-braunschweig-hofmann-1024x768.jpg\"><img loading=\"lazy\" decoding=\"async\" width=\"1024\" height=\"768\" src=\"https:\/\/www.hofmann-naturstein.com\/wp-content\/uploads\/schloss-arkaden-braunschweig-hofmann-1024x768.jpg\" class=\"attachment-full size-full\" alt=\"\" srcset=\"https:\/\/www.hofmann-naturstein.com\/wp-content\/uploads\/schloss-arkaden-braunschweig-hofmann-1024x768.jpg 1024w, https:\/\/www.hofmann-naturstein.com\/wp-content\/uploads\/schloss-arkaden-braunschweig-hofmann-1024x768-300x225.jpg 300w, https:\/\/www.hofmann-naturstein.com\/wp-content\/uploads\/schloss-arkaden-braunschweig-hofmann-1024x768-768x576.jpg 768w\" sizes=\"auto, (max-width: 1024px) 100vw, 1024px\" \/> <span class=\"title\">Schloss-Arkaden, Braunschweig<\/span><\/a><\/li><\/ul><\/div>[\/vc_column][vc_column width=&#8220;1\/2&#8243;][vc_column_text]<\/p>\n<h2>DIE VORTEILE EINER AUSSENFASSADE AUS SANDSTEIN<\/h2>\n<h2><\/h2>\n<p>Als Sandstein bezeichnet man ein klassisches Sedimentgestein. In der Architektur ist Sandstein bereits seit Jahrtausenden ein sehr weit verbreitetes und beliebtes Baumaterial. Besonders im Fassadenbau, aber auch bei der Erstellung von Skulpturen, dem Bau von Sakralbauten oder f\u00fcr dekorative Ornamente im Bereich der Innenarchitektur. Natursteinfassaden aus Sandstein finden Sie an vielen historischen Geb\u00e4uden vor. Dazu z\u00e4hlen unter anderem der ber\u00fchmte Berliner Dom, das Brandenburger Tor und der Dresdner Zwinger.<\/p>\n<p>Auch das Berliner Stadtschloss, die Schlo\u00dfarkaden in Braunschweig und die britische Botschaft in Berlin sind mit einer Au\u00dfenfassade aus Sandstein verkleidet. Sie z\u00e4hlen zu den vielen namenhaften Referenzen von Hofmann Naturstein.<br \/>\nEine \u00dcbersicht \u00fcber die Referenzen einer Fassadenverkleidung aus Sandstein von Hofmann Naturstein finden Sie hier:<\/p>\n<p><a href=\"https:\/\/www.hofmann-naturstein.com\/referenzen\/\" target=\"_blank\" rel=\"noopener noreferrer\">\u00dcbersicht Referenzen<\/a>[\/vc_column_text][\/vc_column][\/vc_row][vc_row equal_height=&#8220;yes&#8220; el_class=&#8220;trenner&#8220;][vc_column][vc_column_text]<div class=\"top-link\"><a class=\"top-href\"><img decoding=\"async\" src=\"https:\/\/www.hofmann-naturstein.com\/wp-content\/themes\/hofmann\/img\/totop.gif\"><\/a><\/div><hr class=\"renner\">[\/vc_column_text][\/vc_column][\/vc_row][vc_row equal_height=&#8220;yes&#8220;][vc_column width=&#8220;1\/2&#8243;]<div class=\"va-gallery\"><ul class=\"gallery \" lbid=\"824226052\"><li class=\"item hide\"><a href=\"https:\/\/www.hofmann-naturstein.com\/wp-content\/uploads\/sam-frankfurt-02-1024x1536.jpg\"><img loading=\"lazy\" decoding=\"async\" width=\"1024\" height=\"1536\" src=\"https:\/\/www.hofmann-naturstein.com\/wp-content\/uploads\/sam-frankfurt-02-1024x1536.jpg\" class=\"attachment-full size-full\" alt=\"\" srcset=\"https:\/\/www.hofmann-naturstein.com\/wp-content\/uploads\/sam-frankfurt-02-1024x1536.jpg 1024w, https:\/\/www.hofmann-naturstein.com\/wp-content\/uploads\/sam-frankfurt-02-1024x1536-200x300.jpg 200w, https:\/\/www.hofmann-naturstein.com\/wp-content\/uploads\/sam-frankfurt-02-1024x1536-683x1024.jpg 683w, https:\/\/www.hofmann-naturstein.com\/wp-content\/uploads\/sam-frankfurt-02-1024x1536-768x1152.jpg 768w\" sizes=\"auto, (max-width: 1024px) 100vw, 1024px\" \/> <span class=\"title\">SAM - Stadthaus am Main, Frankfurt a.M.<\/span><\/a><\/li><\/ul><\/div>[\/vc_column][vc_column width=&#8220;1\/2&#8243;][vc_column_text]<\/p>\n<h2>VERWENDUNG VON SANDSTEIN ALS AUSSENFASSADE<\/h2>\n<h2><\/h2>\n<p>Nicht jeder Sandstein eignet sich zur Verwendung als Fassadenmaterial. Besonders Sandsteine mit einem hohen Quarzanteil und einer kieseligen Bindung eignen sich zur Gestaltung einer Fassade.<\/p>\n<p>All diese erforderlichen Qualit\u00e4tsmerkmale finden Sie in den Sandsteinen von Hofmann Naturstein. Seit mehr als 70 Jahren sind wir auf den Abbau und die Verarbeitung von Natursteinen spezialisiert und k\u00f6nnen auf weltweite Referenzprojekte verweisen. F\u00fcr die Beratung zur Gestaltung der Au\u00dfenfassade Ihres Bauprojektes, mit einer Fassade aus Sandstein, stehen wir Ihnen gerne zur Verf\u00fcgung. Einen \u00dcberblick \u00fcber die m\u00f6glichen Varianten einer Fassade aus Sandstein finden Sie hier:<\/p>\n<p><a href=\"https:\/\/www.hofmann-naturstein.com\/naturstein\/\" target=\"_blank\" rel=\"noopener noreferrer\">\u00dcbersicht Sandstein<\/a>[\/vc_column_text][\/vc_column][\/vc_row][vc_row equal_height=&#8220;yes&#8220; el_class=&#8220;trenner&#8220;][vc_column][vc_column_text]<div class=\"top-link\"><a class=\"top-href\"><img decoding=\"async\" src=\"https:\/\/www.hofmann-naturstein.com\/wp-content\/themes\/hofmann\/img\/totop.gif\"><\/a><\/div><hr class=\"renner\">[\/vc_column_text][\/vc_column][\/vc_row]<\/p>\n<\/div>","protected":false},"excerpt":{"rendered":"<p>[vc_row full_width=&#8220;stretch_row&#8220; equal_height=&#8220;yes&#8220; el_class=&#8220;section-title&#8220; css=&#8220;.vc_custom_1575550928058{margin-top: 0px !important;margin-bottom: 0px !important;padding-top: 0px !important;padding-bottom: 0px !important;background-color: #f2f2f2 !important;}&#8220;][vc_column][vc_column_text] Au\u00dfenfassade aus Sandstein [\/vc_column_text][\/vc_column][\/vc_row][vc_row equal_height=&#8220;yes&#8220; css=&#8220;.vc_custom_1575552090778{margin-top: 0px !important;}&#8220;][vc_column width=&#8220;1\/2&#8243;][\/vc_column][vc_column width=&#8220;1\/2&#8243;][vc_column_text] DIE VORTEILE EINER AUSSENFASSADE AUS SANDSTEIN Als Sandstein bezeichnet man ein klassisches Sedimentgestein. In der Architektur ist Sandstein bereits seit Jahrtausenden ein sehr weit verbreitetes und beliebtes Baumaterial. Besonders im [&#8230;]<\/p>\n<p><a class=\"btn btn-secondary understrap-read-more-link\" href=\"https:\/\/www.hofmann-naturstein.com\/de\/aussenfassade-aus-sandstein\/\">Weiterlesen&#8230;<\/a><\/p>\n","protected":false},"author":1,"featured_media":0,"parent":0,"menu_order":0,"comment_status":"closed","ping_status":"closed","template":"page-templates\/blank-landingpage.php","meta":{"_acf_changed":false,"footnotes":""},"class_list":["post-92818","page","type-page","status-publish","hentry"],"acf":[],"yoast_head":"<!-- This site is optimized with the Yoast SEO plugin v26.5 - https:\/\/yoast.com\/wordpress\/plugins\/seo\/ -->\n<title>Au\u00dfenfassade aus Sandstein - Vollendete Bauten mit Naturstein von HOFMANN NATURSTEIN<\/title>\n<meta name=\"robots\" content=\"index, follow, max-snippet:-1, max-image-preview:large, max-video-preview:-1\" \/>\n<link rel=\"canonical\" href=\"https:\/\/www.hofmann-naturstein.com\/de\/aussenfassade-aus-sandstein\/\" \/>\n<meta property=\"og:locale\" content=\"de_DE\" \/>\n<meta property=\"og:type\" content=\"article\" \/>\n<meta property=\"og:title\" content=\"Au\u00dfenfassade aus Sandstein - Vollendete Bauten mit Naturstein von HOFMANN NATURSTEIN\" \/>\n<meta property=\"og:description\" content=\"[vc_row full_width=&#8220;stretch_row&#8220; equal_height=&#8220;yes&#8220; el_class=&#8220;section-title&#8220; css=&#8220;.vc_custom_1575550928058{margin-top: 0px !important;margin-bottom: 0px !important;padding-top: 0px !important;padding-bottom: 0px !important;background-color: #f2f2f2 !important;}&#8220;][vc_column][vc_column_text] Au\u00dfenfassade aus Sandstein [\/vc_column_text][\/vc_column][\/vc_row][vc_row equal_height=&#8220;yes&#8220; css=&#8220;.vc_custom_1575552090778{margin-top: 0px !important;}&#8220;][vc_column width=&#8220;1\/2&#8243;][\/vc_column][vc_column width=&#8220;1\/2&#8243;][vc_column_text] DIE VORTEILE EINER AUSSENFASSADE AUS SANDSTEIN Als Sandstein bezeichnet man ein klassisches Sedimentgestein. In der Architektur ist Sandstein bereits seit Jahrtausenden ein sehr weit verbreitetes und beliebtes Baumaterial. Besonders im [...]Weiterlesen...\" \/>\n<meta property=\"og:url\" content=\"https:\/\/www.hofmann-naturstein.com\/de\/aussenfassade-aus-sandstein\/\" \/>\n<meta property=\"og:site_name\" content=\"Vollendete Bauten mit Naturstein von HOFMANN NATURSTEIN\" \/>\n<meta name=\"twitter:card\" content=\"summary_large_image\" \/>\n<meta name=\"twitter:label1\" content=\"Gesch\u00e4tzte Lesezeit\" \/>\n\t<meta name=\"twitter:data1\" content=\"2\u00a0Minuten\" \/>\n<script type=\"application\/ld+json\" class=\"yoast-schema-graph\">{\"@context\":\"https:\/\/schema.org\",\"@graph\":[{\"@type\":\"WebPage\",\"@id\":\"https:\/\/www.hofmann-naturstein.com\/de\/aussenfassade-aus-sandstein\/\",\"url\":\"https:\/\/www.hofmann-naturstein.com\/de\/aussenfassade-aus-sandstein\/\",\"name\":\"Au\u00dfenfassade aus Sandstein - Vollendete Bauten mit Naturstein von HOFMANN NATURSTEIN\",\"isPartOf\":{\"@id\":\"https:\/\/www.hofmann-naturstein.com\/de\/#website\"},\"datePublished\":\"2020-02-25T12:45:59+00:00\",\"breadcrumb\":{\"@id\":\"https:\/\/www.hofmann-naturstein.com\/de\/aussenfassade-aus-sandstein\/#breadcrumb\"},\"inLanguage\":\"de\",\"potentialAction\":[{\"@type\":\"ReadAction\",\"target\":[\"https:\/\/www.hofmann-naturstein.com\/de\/aussenfassade-aus-sandstein\/\"]}]},{\"@type\":\"BreadcrumbList\",\"@id\":\"https:\/\/www.hofmann-naturstein.com\/de\/aussenfassade-aus-sandstein\/#breadcrumb\",\"itemListElement\":[{\"@type\":\"ListItem\",\"position\":1,\"name\":\"Startseite\",\"item\":\"https:\/\/www.hofmann-naturstein.com\/de\/\"},{\"@type\":\"ListItem\",\"position\":2,\"name\":\"Au\u00dfenfassade aus Sandstein\"}]},{\"@type\":\"WebSite\",\"@id\":\"https:\/\/www.hofmann-naturstein.com\/de\/#website\",\"url\":\"https:\/\/www.hofmann-naturstein.com\/de\/\",\"name\":\"Vollendete Bauten mit Naturstein von HOFMANN NATURSTEIN\",\"description\":\"\",\"publisher\":{\"@id\":\"https:\/\/www.hofmann-naturstein.com\/de\/#organization\"},\"potentialAction\":[{\"@type\":\"SearchAction\",\"target\":{\"@type\":\"EntryPoint\",\"urlTemplate\":\"https:\/\/www.hofmann-naturstein.com\/de\/?s={search_term_string}\"},\"query-input\":{\"@type\":\"PropertyValueSpecification\",\"valueRequired\":true,\"valueName\":\"search_term_string\"}}],\"inLanguage\":\"de\"},{\"@type\":\"Organization\",\"@id\":\"https:\/\/www.hofmann-naturstein.com\/de\/#organization\",\"name\":\"Vollendete Bauten mit Naturstein von HOFMANN NATURSTEIN\",\"url\":\"https:\/\/www.hofmann-naturstein.com\/de\/\",\"logo\":{\"@type\":\"ImageObject\",\"inLanguage\":\"de\",\"@id\":\"https:\/\/www.hofmann-naturstein.com\/de\/#\/schema\/logo\/image\/\",\"url\":\"https:\/\/www.hofmann-naturstein.com\/wp-content\/uploads\/2019\/11\/cropped-hofmann-naturstein-logo.png\",\"contentUrl\":\"https:\/\/www.hofmann-naturstein.com\/wp-content\/uploads\/2019\/11\/cropped-hofmann-naturstein-logo.png\",\"width\":490,\"height\":146,\"caption\":\"Vollendete Bauten mit Naturstein von HOFMANN NATURSTEIN\"},\"image\":{\"@id\":\"https:\/\/www.hofmann-naturstein.com\/de\/#\/schema\/logo\/image\/\"}}]}<\/script>\n<!-- \/ Yoast SEO plugin. -->","yoast_head_json":{"title":"Au\u00dfenfassade aus Sandstein - Vollendete Bauten mit Naturstein von HOFMANN NATURSTEIN","robots":{"index":"index","follow":"follow","max-snippet":"max-snippet:-1","max-image-preview":"max-image-preview:large","max-video-preview":"max-video-preview:-1"},"canonical":"https:\/\/www.hofmann-naturstein.com\/de\/aussenfassade-aus-sandstein\/","og_locale":"de_DE","og_type":"article","og_title":"Au\u00dfenfassade aus Sandstein - Vollendete Bauten mit Naturstein von HOFMANN NATURSTEIN","og_description":"[vc_row full_width=&#8220;stretch_row&#8220; equal_height=&#8220;yes&#8220; el_class=&#8220;section-title&#8220; css=&#8220;.vc_custom_1575550928058{margin-top: 0px !important;margin-bottom: 0px !important;padding-top: 0px !important;padding-bottom: 0px !important;background-color: #f2f2f2 !important;}&#8220;][vc_column][vc_column_text] Au\u00dfenfassade aus Sandstein [\/vc_column_text][\/vc_column][\/vc_row][vc_row equal_height=&#8220;yes&#8220; css=&#8220;.vc_custom_1575552090778{margin-top: 0px !important;}&#8220;][vc_column width=&#8220;1\/2&#8243;][\/vc_column][vc_column width=&#8220;1\/2&#8243;][vc_column_text] DIE VORTEILE EINER AUSSENFASSADE AUS SANDSTEIN Als Sandstein bezeichnet man ein klassisches Sedimentgestein. In der Architektur ist Sandstein bereits seit Jahrtausenden ein sehr weit verbreitetes und beliebtes Baumaterial. Besonders im [...]Weiterlesen...","og_url":"https:\/\/www.hofmann-naturstein.com\/de\/aussenfassade-aus-sandstein\/","og_site_name":"Vollendete Bauten mit Naturstein von HOFMANN NATURSTEIN","twitter_card":"summary_large_image","twitter_misc":{"Gesch\u00e4tzte Lesezeit":"2\u00a0Minuten"},"schema":{"@context":"https:\/\/schema.org","@graph":[{"@type":"WebPage","@id":"https:\/\/www.hofmann-naturstein.com\/de\/aussenfassade-aus-sandstein\/","url":"https:\/\/www.hofmann-naturstein.com\/de\/aussenfassade-aus-sandstein\/","name":"Au\u00dfenfassade aus Sandstein - Vollendete Bauten mit Naturstein von HOFMANN NATURSTEIN","isPartOf":{"@id":"https:\/\/www.hofmann-naturstein.com\/de\/#website"},"datePublished":"2020-02-25T12:45:59+00:00","breadcrumb":{"@id":"https:\/\/www.hofmann-naturstein.com\/de\/aussenfassade-aus-sandstein\/#breadcrumb"},"inLanguage":"de","potentialAction":[{"@type":"ReadAction","target":["https:\/\/www.hofmann-naturstein.com\/de\/aussenfassade-aus-sandstein\/"]}]},{"@type":"BreadcrumbList","@id":"https:\/\/www.hofmann-naturstein.com\/de\/aussenfassade-aus-sandstein\/#breadcrumb","itemListElement":[{"@type":"ListItem","position":1,"name":"Startseite","item":"https:\/\/www.hofmann-naturstein.com\/de\/"},{"@type":"ListItem","position":2,"name":"Au\u00dfenfassade aus Sandstein"}]},{"@type":"WebSite","@id":"https:\/\/www.hofmann-naturstein.com\/de\/#website","url":"https:\/\/www.hofmann-naturstein.com\/de\/","name":"Vollendete Bauten mit Naturstein von HOFMANN NATURSTEIN","description":"","publisher":{"@id":"https:\/\/www.hofmann-naturstein.com\/de\/#organization"},"potentialAction":[{"@type":"SearchAction","target":{"@type":"EntryPoint","urlTemplate":"https:\/\/www.hofmann-naturstein.com\/de\/?s={search_term_string}"},"query-input":{"@type":"PropertyValueSpecification","valueRequired":true,"valueName":"search_term_string"}}],"inLanguage":"de"},{"@type":"Organization","@id":"https:\/\/www.hofmann-naturstein.com\/de\/#organization","name":"Vollendete Bauten mit Naturstein von HOFMANN NATURSTEIN","url":"https:\/\/www.hofmann-naturstein.com\/de\/","logo":{"@type":"ImageObject","inLanguage":"de","@id":"https:\/\/www.hofmann-naturstein.com\/de\/#\/schema\/logo\/image\/","url":"https:\/\/www.hofmann-naturstein.com\/wp-content\/uploads\/2019\/11\/cropped-hofmann-naturstein-logo.png","contentUrl":"https:\/\/www.hofmann-naturstein.com\/wp-content\/uploads\/2019\/11\/cropped-hofmann-naturstein-logo.png","width":490,"height":146,"caption":"Vollendete Bauten mit Naturstein von HOFMANN NATURSTEIN"},"image":{"@id":"https:\/\/www.hofmann-naturstein.com\/de\/#\/schema\/logo\/image\/"}}]}},"_links":{"self":[{"href":"https:\/\/www.hofmann-naturstein.com\/de\/wp-json\/wp\/v2\/pages\/92818","targetHints":{"allow":["GET"]}}],"collection":[{"href":"https:\/\/www.hofmann-naturstein.com\/de\/wp-json\/wp\/v2\/pages"}],"about":[{"href":"https:\/\/www.hofmann-naturstein.com\/de\/wp-json\/wp\/v2\/types\/page"}],"author":[{"embeddable":true,"href":"https:\/\/www.hofmann-naturstein.com\/de\/wp-json\/wp\/v2\/users\/1"}],"replies":[{"embeddable":true,"href":"https:\/\/www.hofmann-naturstein.com\/de\/wp-json\/wp\/v2\/comments?post=92818"}],"version-history":[{"count":1,"href":"https:\/\/www.hofmann-naturstein.com\/de\/wp-json\/wp\/v2\/pages\/92818\/revisions"}],"predecessor-version":[{"id":92819,"href":"https:\/\/www.hofmann-naturstein.com\/de\/wp-json\/wp\/v2\/pages\/92818\/revisions\/92819"}],"wp:attachment":[{"href":"https:\/\/www.hofmann-naturstein.com\/de\/wp-json\/wp\/v2\/media?parent=92818"}],"curies":[{"name":"wp","href":"https:\/\/api.w.org\/{rel}","templated":true}]}}