{"id":92821,"date":"2020-02-25T13:48:40","date_gmt":"2020-02-25T12:48:40","guid":{"rendered":"https:\/\/hofmann.dev.viableart.com\/?page_id=92821"},"modified":"2021-04-07T16:23:39","modified_gmt":"2021-04-07T14:23:39","slug":"aussenfassade-aus-naturstein","status":"publish","type":"page","link":"https:\/\/www.hofmann-naturstein.com\/de\/aussenfassade-aus-naturstein\/","title":{"rendered":"Au\u00dfenfassade aus Naturstein"},"content":{"rendered":"<div class=\"wpb-content-wrapper\"><p>[vc_row full_width=&#8220;stretch_row&#8220; equal_height=&#8220;yes&#8220; el_class=&#8220;section-title&#8220; css=&#8220;.vc_custom_1575550928058{margin-top: 0px !important;margin-bottom: 0px !important;padding-top: 0px !important;padding-bottom: 0px !important;background-color: #f2f2f2 !important;}&#8220;][vc_column][vc_column_text]<\/p>\n<h1>Au\u00dfenfassade aus Naturstein<\/h1>\n<p>[\/vc_column_text][\/vc_column][\/vc_row][vc_row equal_height=&#8220;yes&#8220; css=&#8220;.vc_custom_1575552090778{margin-top: 0px !important;}&#8220;][vc_column width=&#8220;1\/2&#8243;]<div class=\"va-gallery\"><ul class=\"gallery \" lbid=\"405970887\"><li class=\"item hide\"><a href=\"https:\/\/www.hofmann-naturstein.com\/wp-content\/uploads\/koe-bogen-duesseldorf-hofmann-naturstein-1.jpg\"><img loading=\"lazy\" decoding=\"async\" width=\"1895\" height=\"1035\" src=\"https:\/\/www.hofmann-naturstein.com\/wp-content\/uploads\/koe-bogen-duesseldorf-hofmann-naturstein-1.jpg\" class=\"attachment-full size-full\" alt=\"\" srcset=\"https:\/\/www.hofmann-naturstein.com\/wp-content\/uploads\/koe-bogen-duesseldorf-hofmann-naturstein-1.jpg 1895w, https:\/\/www.hofmann-naturstein.com\/wp-content\/uploads\/koe-bogen-duesseldorf-hofmann-naturstein-1-300x164.jpg 300w, https:\/\/www.hofmann-naturstein.com\/wp-content\/uploads\/koe-bogen-duesseldorf-hofmann-naturstein-1-1024x559.jpg 1024w, https:\/\/www.hofmann-naturstein.com\/wp-content\/uploads\/koe-bogen-duesseldorf-hofmann-naturstein-1-768x419.jpg 768w, https:\/\/www.hofmann-naturstein.com\/wp-content\/uploads\/koe-bogen-duesseldorf-hofmann-naturstein-1-1536x839.jpg 1536w\" sizes=\"auto, (max-width: 1895px) 100vw, 1895px\" \/> <span class=\"title\">K\u00f6-Bogen, D\u00fcsseldorf<\/span><\/a><\/li><\/ul><\/div>[\/vc_column][vc_column width=&#8220;1\/2&#8243;][vc_column_text]<\/p>\n<h2>MEHR ENERGIEEFFIZIENZ MIT EINER AUSSENFASSADE AUS NATURSTEIN<\/h2>\n<h2><\/h2>\n<p>Au\u00dfenfassaden aus Naturstein weisen auf eine sehr lange Historie zur\u00fcck und werden bereits seit Jahrtausenden als Baumaterial verwendet. Insbesondere deshalb, da sie sich als besonders best\u00e4ndig, langlebig und widerstandf\u00e4hig bewiesen haben. Heutzutage gewinnen Fassaden aus Naturstein, im Zuge der Nachhaltigkeit, immer mehr an Bedeutung. Vorgeh\u00e4ngte hinterl\u00fcftete Fassaden (VHF) erf\u00fcllen f\u00fcr ein Geb\u00e4ude gleich in mehrfacher Hinsicht eine Schutzfunktion. Nach au\u00dfen sch\u00fctzt sie das Geb\u00e4ude vor Witterungseinfl\u00fcssen; eine dahinterliegende Luftschicht trennt die Au\u00dfenfassade von der \u00e4u\u00dferen D\u00e4mmschicht des Geb\u00e4udes und sch\u00fctzt so beispielsweise vor Feuchtigkeitssch\u00e4den. Eine <a href=\"https:\/\/www.hofmann-naturstein.com\/de\/leistungen\/\">vorgeh\u00e4ngte hinterl\u00fcftete Natursteinfassade<\/a> setzt sich nach DIN18516-3 aus folgenden Elementen zusammen:<\/p>\n<ul>\n<li>Fassadenbekleidung<\/li>\n<li>Hinterl\u00fcftungszone<\/li>\n<li>D\u00e4mmung<\/li>\n<li>Unterkonstruktion<\/li>\n<\/ul>\n<p>Die Voraussetzung f\u00fcr eine VHF ist ein statisch tragender Verankerungsgrund des Geb\u00e4udes. Im Rahmen der Fassadengestaltung nimmt der Baustoff Naturstein eine pr\u00e4destinierte Rolle ein. Insbesondere im Sinne des wachsenden Umweltbewusstseins und der dringenden Notwendigkeit der Energieeffizienz. Auch bauphysikalisch gestaltet sich die Verwendung einer Natursteinfassade optimal und tr\u00e4gt eintr\u00e4glich zur Senkung der Betriebskosten bei.[\/vc_column_text][\/vc_column][\/vc_row][vc_row equal_height=&#8220;yes&#8220; el_class=&#8220;trenner&#8220;][vc_column][vc_column_text]<div class=\"top-link\"><a class=\"top-href\"><img decoding=\"async\" src=\"https:\/\/www.hofmann-naturstein.com\/wp-content\/themes\/hofmann\/img\/totop.gif\"><\/a><\/div><hr class=\"renner\">[\/vc_column_text][\/vc_column][\/vc_row][vc_row equal_height=&#8220;yes&#8220;][vc_column width=&#8220;1\/2&#8243;]<div class=\"va-gallery\"><ul class=\"gallery \" lbid=\"428564997\"><li class=\"item hide\"><a href=\"https:\/\/www.hofmann-naturstein.com\/wp-content\/uploads\/mk6-berlin-01.1-1.jpg\"><img loading=\"lazy\" decoding=\"async\" width=\"1920\" height=\"1437\" src=\"https:\/\/www.hofmann-naturstein.com\/wp-content\/uploads\/mk6-berlin-01.1-1.jpg\" class=\"attachment-full size-full\" alt=\"\" srcset=\"https:\/\/www.hofmann-naturstein.com\/wp-content\/uploads\/mk6-berlin-01.1-1.jpg 1920w, https:\/\/www.hofmann-naturstein.com\/wp-content\/uploads\/mk6-berlin-01.1-1-300x225.jpg 300w, https:\/\/www.hofmann-naturstein.com\/wp-content\/uploads\/mk6-berlin-01.1-1-1024x766.jpg 1024w, https:\/\/www.hofmann-naturstein.com\/wp-content\/uploads\/mk6-berlin-01.1-1-768x575.jpg 768w, https:\/\/www.hofmann-naturstein.com\/wp-content\/uploads\/mk6-berlin-01.1-1-1536x1150.jpg 1536w\" sizes=\"auto, (max-width: 1920px) 100vw, 1920px\" \/> <span class=\"title\">MK 6, Berlin<\/span><\/a><\/li><\/ul><\/div>[\/vc_column][vc_column width=&#8220;1\/2&#8243;][vc_column_text]<\/p>\n<h2>VERKLEIDEN SIE DIE FASSADE IHRES GEB\u00c4UDES MIT HOCHWERTIGEN NATURSTEINPLATTEN<\/h2>\n<h2><\/h2>\n<p>Natursteine entstanden vor Milliarden von Jahren bei der Planetenbildung und weisen von Natur aus eine extreme Widerstandskraft auf Wir von Hofmann Naturstein beziehen all unsere Steine von herausragender Qualit\u00e4t aus eigenen, erstklassigen Steinbr\u00fcchen. Die anschlie\u00dfende Weiterverarbeitung findet ausschlie\u00dflich in den firmeneigenen Produktionsst\u00e4tten statt. Die Natursteine werden dort projektbezogen verarbeitet. Unser Sortiment umfasst Granit, Sand- und Kalksteine von besonders hoher Qualit\u00e4t. Eine \u00dcbersicht \u00fcber unsere Natursteine finden Sie hier:<\/p>\n<p><a href=\"https:\/\/www.hofmann-naturstein.com\/natursteine\/\" target=\"_blank\" rel=\"noopener noreferrer\">Natursteine \u00dcbersicht<\/a><\/p>\n<p>Eine \u00dcbersicht \u00fcber unsere Referenzen finden Sie hier:<\/p>\n<p><a href=\"https:\/\/www.hofmann-naturstein.com\/referenzen\/\" target=\"_blank\" rel=\"noopener noreferrer\">Referenzen \u00dcbersicht<\/a><\/p>\n<p>Fassaden aus Naturstein gewinnen zunehmend an Bedeutung. Gerne beraten wir Sie umfassend bei der Planung Ihres Bauvorhabens.<\/p>\n<p>Zu unserem Leistungsspektrum z\u00e4hlt unter anderem:<\/p>\n<ul>\n<li>Beratung (Hilfe bei der Steinauswahl, geologische Beratung, Musterservice, Vorbemessung, technische Beratung, Ausschreibungsunterst\u00fctzung, Musterfassaden)<\/li>\n<li>Ingenieursleistungen (Technische Planung, Werk- und Montageplanung,<br \/>\nFassadentechnik, Platten- und Ankerstatik)<\/li>\n<li>Produktion und Verarbeitung (Abbau in eigenen Steinbr\u00fcchen, Verarbeitung in eigene Werken, 3-D Fr\u00e4sen und Mehrachsmaschinen, Steinmetzabteilung, werkseitige Montage von Elementfassaden, Zwischenlagerung bei Gro\u00dfprojekten)<\/li>\n<li>Montage und Bauleitung (Projektmanagement, Baumanagement durch lokale Niederlassungen, Montage durch eigene Versetzer, D\u00e4mmstoffe, Verankerungsmittel, Transport &amp; Logistik)<\/li>\n<li>Fassadenmanagement (Inspektionsservice, Wartung, Fassadenkontrolle,<br \/>\nRevitalisierung, Altfassaden- Demontage im Betrieb, nachtr\u00e4glicher Explosionsschutz, Reinigung)<\/li>\n<\/ul>\n<p>[\/vc_column_text][\/vc_column][\/vc_row][vc_row equal_height=&#8220;yes&#8220; el_class=&#8220;trenner&#8220;][vc_column][vc_column_text]<div class=\"top-link\"><a class=\"top-href\"><img decoding=\"async\" src=\"https:\/\/www.hofmann-naturstein.com\/wp-content\/themes\/hofmann\/img\/totop.gif\"><\/a><\/div><hr class=\"renner\">[\/vc_column_text][\/vc_column][\/vc_row]<\/p>\n<\/div>","protected":false},"excerpt":{"rendered":"<p>[vc_row full_width=&#8220;stretch_row&#8220; equal_height=&#8220;yes&#8220; el_class=&#8220;section-title&#8220; css=&#8220;.vc_custom_1575550928058{margin-top: 0px !important;margin-bottom: 0px !important;padding-top: 0px !important;padding-bottom: 0px !important;background-color: #f2f2f2 !important;}&#8220;][vc_column][vc_column_text] Au\u00dfenfassade aus Naturstein [\/vc_column_text][\/vc_column][\/vc_row][vc_row equal_height=&#8220;yes&#8220; css=&#8220;.vc_custom_1575552090778{margin-top: 0px !important;}&#8220;][vc_column width=&#8220;1\/2&#8243;][\/vc_column][vc_column width=&#8220;1\/2&#8243;][vc_column_text] MEHR ENERGIEEFFIZIENZ MIT EINER AUSSENFASSADE AUS NATURSTEIN Au\u00dfenfassaden aus Naturstein weisen auf eine sehr lange Historie zur\u00fcck und werden bereits seit Jahrtausenden als Baumaterial verwendet. Insbesondere deshalb, da sie sich [&#8230;]<\/p>\n<p><a class=\"btn btn-secondary understrap-read-more-link\" href=\"https:\/\/www.hofmann-naturstein.com\/de\/aussenfassade-aus-naturstein\/\">Weiterlesen&#8230;<\/a><\/p>\n","protected":false},"author":1,"featured_media":0,"parent":0,"menu_order":0,"comment_status":"closed","ping_status":"closed","template":"page-templates\/blank-landingpage.php","meta":{"_acf_changed":false,"footnotes":""},"class_list":["post-92821","page","type-page","status-publish","hentry"],"acf":[],"yoast_head":"<!-- This site is optimized with the Yoast SEO plugin v26.5 - https:\/\/yoast.com\/wordpress\/plugins\/seo\/ -->\n<title>Au\u00dfenfassade aus Naturstein - Vollendete Bauten mit Naturstein von HOFMANN NATURSTEIN<\/title>\n<meta name=\"robots\" content=\"index, follow, max-snippet:-1, max-image-preview:large, max-video-preview:-1\" \/>\n<link rel=\"canonical\" href=\"https:\/\/www.hofmann-naturstein.com\/de\/aussenfassade-aus-naturstein\/\" \/>\n<meta property=\"og:locale\" content=\"de_DE\" \/>\n<meta property=\"og:type\" content=\"article\" \/>\n<meta property=\"og:title\" content=\"Au\u00dfenfassade aus Naturstein - Vollendete Bauten mit Naturstein von HOFMANN NATURSTEIN\" \/>\n<meta property=\"og:description\" content=\"[vc_row full_width=&#8220;stretch_row&#8220; equal_height=&#8220;yes&#8220; el_class=&#8220;section-title&#8220; css=&#8220;.vc_custom_1575550928058{margin-top: 0px !important;margin-bottom: 0px !important;padding-top: 0px !important;padding-bottom: 0px !important;background-color: #f2f2f2 !important;}&#8220;][vc_column][vc_column_text] Au\u00dfenfassade aus Naturstein [\/vc_column_text][\/vc_column][\/vc_row][vc_row equal_height=&#8220;yes&#8220; css=&#8220;.vc_custom_1575552090778{margin-top: 0px !important;}&#8220;][vc_column width=&#8220;1\/2&#8243;][\/vc_column][vc_column width=&#8220;1\/2&#8243;][vc_column_text] MEHR ENERGIEEFFIZIENZ MIT EINER AUSSENFASSADE AUS NATURSTEIN Au\u00dfenfassaden aus Naturstein weisen auf eine sehr lange Historie zur\u00fcck und werden bereits seit Jahrtausenden als Baumaterial verwendet. Insbesondere deshalb, da sie sich [...]Weiterlesen...\" \/>\n<meta property=\"og:url\" content=\"https:\/\/www.hofmann-naturstein.com\/de\/aussenfassade-aus-naturstein\/\" \/>\n<meta property=\"og:site_name\" content=\"Vollendete Bauten mit Naturstein von HOFMANN NATURSTEIN\" \/>\n<meta property=\"article:modified_time\" content=\"2021-04-07T14:23:39+00:00\" \/>\n<meta name=\"twitter:card\" content=\"summary_large_image\" \/>\n<meta name=\"twitter:label1\" content=\"Gesch\u00e4tzte Lesezeit\" \/>\n\t<meta name=\"twitter:data1\" content=\"3\u00a0Minuten\" \/>\n<script type=\"application\/ld+json\" class=\"yoast-schema-graph\">{\"@context\":\"https:\/\/schema.org\",\"@graph\":[{\"@type\":\"WebPage\",\"@id\":\"https:\/\/www.hofmann-naturstein.com\/de\/aussenfassade-aus-naturstein\/\",\"url\":\"https:\/\/www.hofmann-naturstein.com\/de\/aussenfassade-aus-naturstein\/\",\"name\":\"Au\u00dfenfassade aus Naturstein - Vollendete Bauten mit Naturstein von HOFMANN NATURSTEIN\",\"isPartOf\":{\"@id\":\"https:\/\/www.hofmann-naturstein.com\/de\/#website\"},\"datePublished\":\"2020-02-25T12:48:40+00:00\",\"dateModified\":\"2021-04-07T14:23:39+00:00\",\"breadcrumb\":{\"@id\":\"https:\/\/www.hofmann-naturstein.com\/de\/aussenfassade-aus-naturstein\/#breadcrumb\"},\"inLanguage\":\"de\",\"potentialAction\":[{\"@type\":\"ReadAction\",\"target\":[\"https:\/\/www.hofmann-naturstein.com\/de\/aussenfassade-aus-naturstein\/\"]}]},{\"@type\":\"BreadcrumbList\",\"@id\":\"https:\/\/www.hofmann-naturstein.com\/de\/aussenfassade-aus-naturstein\/#breadcrumb\",\"itemListElement\":[{\"@type\":\"ListItem\",\"position\":1,\"name\":\"Startseite\",\"item\":\"https:\/\/www.hofmann-naturstein.com\/de\/\"},{\"@type\":\"ListItem\",\"position\":2,\"name\":\"Au\u00dfenfassade aus Naturstein\"}]},{\"@type\":\"WebSite\",\"@id\":\"https:\/\/www.hofmann-naturstein.com\/de\/#website\",\"url\":\"https:\/\/www.hofmann-naturstein.com\/de\/\",\"name\":\"Vollendete Bauten mit Naturstein von HOFMANN NATURSTEIN\",\"description\":\"\",\"publisher\":{\"@id\":\"https:\/\/www.hofmann-naturstein.com\/de\/#organization\"},\"potentialAction\":[{\"@type\":\"SearchAction\",\"target\":{\"@type\":\"EntryPoint\",\"urlTemplate\":\"https:\/\/www.hofmann-naturstein.com\/de\/?s={search_term_string}\"},\"query-input\":{\"@type\":\"PropertyValueSpecification\",\"valueRequired\":true,\"valueName\":\"search_term_string\"}}],\"inLanguage\":\"de\"},{\"@type\":\"Organization\",\"@id\":\"https:\/\/www.hofmann-naturstein.com\/de\/#organization\",\"name\":\"Vollendete Bauten mit Naturstein von HOFMANN NATURSTEIN\",\"url\":\"https:\/\/www.hofmann-naturstein.com\/de\/\",\"logo\":{\"@type\":\"ImageObject\",\"inLanguage\":\"de\",\"@id\":\"https:\/\/www.hofmann-naturstein.com\/de\/#\/schema\/logo\/image\/\",\"url\":\"https:\/\/www.hofmann-naturstein.com\/wp-content\/uploads\/2019\/11\/cropped-hofmann-naturstein-logo.png\",\"contentUrl\":\"https:\/\/www.hofmann-naturstein.com\/wp-content\/uploads\/2019\/11\/cropped-hofmann-naturstein-logo.png\",\"width\":490,\"height\":146,\"caption\":\"Vollendete Bauten mit Naturstein von HOFMANN NATURSTEIN\"},\"image\":{\"@id\":\"https:\/\/www.hofmann-naturstein.com\/de\/#\/schema\/logo\/image\/\"}}]}<\/script>\n<!-- \/ Yoast SEO plugin. -->","yoast_head_json":{"title":"Au\u00dfenfassade aus Naturstein - Vollendete Bauten mit Naturstein von HOFMANN NATURSTEIN","robots":{"index":"index","follow":"follow","max-snippet":"max-snippet:-1","max-image-preview":"max-image-preview:large","max-video-preview":"max-video-preview:-1"},"canonical":"https:\/\/www.hofmann-naturstein.com\/de\/aussenfassade-aus-naturstein\/","og_locale":"de_DE","og_type":"article","og_title":"Au\u00dfenfassade aus Naturstein - Vollendete Bauten mit Naturstein von HOFMANN NATURSTEIN","og_description":"[vc_row full_width=&#8220;stretch_row&#8220; equal_height=&#8220;yes&#8220; el_class=&#8220;section-title&#8220; css=&#8220;.vc_custom_1575550928058{margin-top: 0px !important;margin-bottom: 0px !important;padding-top: 0px !important;padding-bottom: 0px !important;background-color: #f2f2f2 !important;}&#8220;][vc_column][vc_column_text] Au\u00dfenfassade aus Naturstein [\/vc_column_text][\/vc_column][\/vc_row][vc_row equal_height=&#8220;yes&#8220; css=&#8220;.vc_custom_1575552090778{margin-top: 0px !important;}&#8220;][vc_column width=&#8220;1\/2&#8243;][\/vc_column][vc_column width=&#8220;1\/2&#8243;][vc_column_text] MEHR ENERGIEEFFIZIENZ MIT EINER AUSSENFASSADE AUS NATURSTEIN Au\u00dfenfassaden aus Naturstein weisen auf eine sehr lange Historie zur\u00fcck und werden bereits seit Jahrtausenden als Baumaterial verwendet. Insbesondere deshalb, da sie sich [...]Weiterlesen...","og_url":"https:\/\/www.hofmann-naturstein.com\/de\/aussenfassade-aus-naturstein\/","og_site_name":"Vollendete Bauten mit Naturstein von HOFMANN NATURSTEIN","article_modified_time":"2021-04-07T14:23:39+00:00","twitter_card":"summary_large_image","twitter_misc":{"Gesch\u00e4tzte Lesezeit":"3\u00a0Minuten"},"schema":{"@context":"https:\/\/schema.org","@graph":[{"@type":"WebPage","@id":"https:\/\/www.hofmann-naturstein.com\/de\/aussenfassade-aus-naturstein\/","url":"https:\/\/www.hofmann-naturstein.com\/de\/aussenfassade-aus-naturstein\/","name":"Au\u00dfenfassade aus Naturstein - Vollendete Bauten mit Naturstein von HOFMANN NATURSTEIN","isPartOf":{"@id":"https:\/\/www.hofmann-naturstein.com\/de\/#website"},"datePublished":"2020-02-25T12:48:40+00:00","dateModified":"2021-04-07T14:23:39+00:00","breadcrumb":{"@id":"https:\/\/www.hofmann-naturstein.com\/de\/aussenfassade-aus-naturstein\/#breadcrumb"},"inLanguage":"de","potentialAction":[{"@type":"ReadAction","target":["https:\/\/www.hofmann-naturstein.com\/de\/aussenfassade-aus-naturstein\/"]}]},{"@type":"BreadcrumbList","@id":"https:\/\/www.hofmann-naturstein.com\/de\/aussenfassade-aus-naturstein\/#breadcrumb","itemListElement":[{"@type":"ListItem","position":1,"name":"Startseite","item":"https:\/\/www.hofmann-naturstein.com\/de\/"},{"@type":"ListItem","position":2,"name":"Au\u00dfenfassade aus Naturstein"}]},{"@type":"WebSite","@id":"https:\/\/www.hofmann-naturstein.com\/de\/#website","url":"https:\/\/www.hofmann-naturstein.com\/de\/","name":"Vollendete Bauten mit Naturstein von HOFMANN NATURSTEIN","description":"","publisher":{"@id":"https:\/\/www.hofmann-naturstein.com\/de\/#organization"},"potentialAction":[{"@type":"SearchAction","target":{"@type":"EntryPoint","urlTemplate":"https:\/\/www.hofmann-naturstein.com\/de\/?s={search_term_string}"},"query-input":{"@type":"PropertyValueSpecification","valueRequired":true,"valueName":"search_term_string"}}],"inLanguage":"de"},{"@type":"Organization","@id":"https:\/\/www.hofmann-naturstein.com\/de\/#organization","name":"Vollendete Bauten mit Naturstein von HOFMANN NATURSTEIN","url":"https:\/\/www.hofmann-naturstein.com\/de\/","logo":{"@type":"ImageObject","inLanguage":"de","@id":"https:\/\/www.hofmann-naturstein.com\/de\/#\/schema\/logo\/image\/","url":"https:\/\/www.hofmann-naturstein.com\/wp-content\/uploads\/2019\/11\/cropped-hofmann-naturstein-logo.png","contentUrl":"https:\/\/www.hofmann-naturstein.com\/wp-content\/uploads\/2019\/11\/cropped-hofmann-naturstein-logo.png","width":490,"height":146,"caption":"Vollendete Bauten mit Naturstein von HOFMANN NATURSTEIN"},"image":{"@id":"https:\/\/www.hofmann-naturstein.com\/de\/#\/schema\/logo\/image\/"}}]}},"_links":{"self":[{"href":"https:\/\/www.hofmann-naturstein.com\/de\/wp-json\/wp\/v2\/pages\/92821","targetHints":{"allow":["GET"]}}],"collection":[{"href":"https:\/\/www.hofmann-naturstein.com\/de\/wp-json\/wp\/v2\/pages"}],"about":[{"href":"https:\/\/www.hofmann-naturstein.com\/de\/wp-json\/wp\/v2\/types\/page"}],"author":[{"embeddable":true,"href":"https:\/\/www.hofmann-naturstein.com\/de\/wp-json\/wp\/v2\/users\/1"}],"replies":[{"embeddable":true,"href":"https:\/\/www.hofmann-naturstein.com\/de\/wp-json\/wp\/v2\/comments?post=92821"}],"version-history":[{"count":2,"href":"https:\/\/www.hofmann-naturstein.com\/de\/wp-json\/wp\/v2\/pages\/92821\/revisions"}],"predecessor-version":[{"id":93384,"href":"https:\/\/www.hofmann-naturstein.com\/de\/wp-json\/wp\/v2\/pages\/92821\/revisions\/93384"}],"wp:attachment":[{"href":"https:\/\/www.hofmann-naturstein.com\/de\/wp-json\/wp\/v2\/media?parent=92821"}],"curies":[{"name":"wp","href":"https:\/\/api.w.org\/{rel}","templated":true}]}}