{"id":92827,"date":"2020-02-25T13:56:21","date_gmt":"2020-02-25T12:56:21","guid":{"rendered":"https:\/\/hofmann.dev.viableart.com\/?page_id=92827"},"modified":"2020-02-25T13:56:21","modified_gmt":"2020-02-25T12:56:21","slug":"aussenfassade-aus-granit","status":"publish","type":"page","link":"https:\/\/www.hofmann-naturstein.com\/de\/aussenfassade-aus-granit\/","title":{"rendered":"Au\u00dfenfassade aus Granit"},"content":{"rendered":"<div class=\"wpb-content-wrapper\"><p>[vc_row full_width=&#8220;stretch_row&#8220; equal_height=&#8220;yes&#8220; el_class=&#8220;section-title&#8220; css=&#8220;.vc_custom_1575550928058{margin-top: 0px !important;margin-bottom: 0px !important;padding-top: 0px !important;padding-bottom: 0px !important;background-color: #f2f2f2 !important;}&#8220;][vc_column][vc_column_text]<\/p>\n<h1>Au\u00dfenfassade aus Granit<\/h1>\n<p>[\/vc_column_text][\/vc_column][\/vc_row][vc_row equal_height=&#8220;yes&#8220; css=&#8220;.vc_custom_1575552090778{margin-top: 0px !important;}&#8220;][vc_column width=&#8220;1\/2&#8243;]<div class=\"va-gallery\"><ul class=\"gallery \" lbid=\"909028746\"><li class=\"item hide\"><a href=\"https:\/\/www.hofmann-naturstein.com\/wp-content\/uploads\/naturstein-hagenholzstrasse-zuerich-768x485.jpg\"><img loading=\"lazy\" decoding=\"async\" width=\"768\" height=\"485\" src=\"https:\/\/www.hofmann-naturstein.com\/wp-content\/uploads\/naturstein-hagenholzstrasse-zuerich-768x485.jpg\" class=\"attachment-full size-full\" alt=\"\" srcset=\"https:\/\/www.hofmann-naturstein.com\/wp-content\/uploads\/naturstein-hagenholzstrasse-zuerich-768x485.jpg 768w, https:\/\/www.hofmann-naturstein.com\/wp-content\/uploads\/naturstein-hagenholzstrasse-zuerich-768x485-300x189.jpg 300w\" sizes=\"auto, (max-width: 768px) 100vw, 768px\" \/> <span class=\"title\">Hochhausensemble Hagenholzstrasse, Z\u00fcrich<\/span><\/a><\/li><\/ul><\/div>[\/vc_column][vc_column width=&#8220;1\/2&#8243;][vc_column_text]<\/p>\n<h2>EINE AUSSENFASSADE AUS GRANIT VON HOFMANN NATURSTEIN<\/h2>\n<h2><\/h2>\n<p>Natursteinfassaden haben eine sehr lange Tradition bei der Gestaltung besonders repr\u00e4sentativer Geb\u00e4ude. Ein weiterer Grund der Verwendung bereits in der Antike war das Bewusstsein \u00fcber die die Witterungsbest\u00e4ndigkeit von Naturstein. Daher setzte und setzt man ihn besonders gerne beim Bau von Geb\u00e4uden und Br\u00fccken ein.<\/p>\n<p>Natursteine sind bereits vor Millionen von Jahren entstanden und m\u00fcssen anders als Werkstoffe wie Aluminium, Stahl oder Glas nicht erst hergestellt, sondern nur abgebaut werden. Ihre Entstehung im Zuge der planetarischen Entwicklungsgeschichte unterstreicht ihre Widerstandsf\u00e4higkeit, und macht ihre Beliebtheit in der Verwendung als Baustoff deutlich. Lediglich f\u00fcr die individuelle Formatierung und Oberfl\u00e4chenbearbeitung von Naturstein ist noch ein geringer Energieaufwand notwendig, was ein weiterer Grund f\u00fcr die besonders positive \u00d6kobilanz ist. Granitplatten sind, genauso wie Sand-oder Kalkstein, besonders beliebt bei der Gestaltung der Au\u00dfenwand eines Geb\u00e4udes[\/vc_column_text][\/vc_column][\/vc_row][vc_row equal_height=&#8220;yes&#8220; el_class=&#8220;trenner&#8220;][vc_column][vc_column_text]<div class=\"top-link\"><a class=\"top-href\"><img decoding=\"async\" src=\"https:\/\/www.hofmann-naturstein.com\/wp-content\/themes\/hofmann\/img\/totop.gif\"><\/a><\/div><hr class=\"renner\">[\/vc_column_text][\/vc_column][\/vc_row][vc_row equal_height=&#8220;yes&#8220;][vc_column width=&#8220;1\/2&#8243;]<div class=\"va-gallery\"><ul class=\"gallery \" lbid=\"1356354347\"><li class=\"item hide\"><a href=\"https:\/\/www.hofmann-naturstein.com\/wp-content\/uploads\/chg-meridian-weingarten-1.jpg\"><img loading=\"lazy\" decoding=\"async\" width=\"2372\" height=\"1581\" src=\"https:\/\/www.hofmann-naturstein.com\/wp-content\/uploads\/chg-meridian-weingarten-1.jpg\" class=\"attachment-full size-full\" alt=\"\" srcset=\"https:\/\/www.hofmann-naturstein.com\/wp-content\/uploads\/chg-meridian-weingarten-1.jpg 2372w, https:\/\/www.hofmann-naturstein.com\/wp-content\/uploads\/chg-meridian-weingarten-1-300x200.jpg 300w, https:\/\/www.hofmann-naturstein.com\/wp-content\/uploads\/chg-meridian-weingarten-1-1024x683.jpg 1024w, https:\/\/www.hofmann-naturstein.com\/wp-content\/uploads\/chg-meridian-weingarten-1-768x512.jpg 768w, https:\/\/www.hofmann-naturstein.com\/wp-content\/uploads\/chg-meridian-weingarten-1-1536x1024.jpg 1536w, https:\/\/www.hofmann-naturstein.com\/wp-content\/uploads\/chg-meridian-weingarten-1-2048x1365.jpg 2048w\" sizes=\"auto, (max-width: 2372px) 100vw, 2372px\" \/> <span class=\"title\">CHG Meridian, Weingarten<\/span><\/a><\/li><\/ul><\/div>[\/vc_column][vc_column width=&#8220;1\/2&#8243;][vc_column_text]<\/p>\n<h2>VORTEILE UND EIGENSCHAFTEN EINER FASSADE AUS GRANIT<\/h2>\n<h2><\/h2>\n<p>Bei der Verwendung als Fassadenstein spielen Granitplatten aufgrund ihrer enormen Widerstandsf\u00e4higkeit, H\u00e4rte und Witterungsbest\u00e4ndigkeit eine herausragende Rolle. Weiterhin lassen sie sich besonders gut schleifen und polieren und Aquapower bearbeiten, was ihnen auch optisch einen unverwechselbaren Charakter verleiht.<br \/>\nDie folgende Referenz der\u00a0<a href=\"https:\/\/www.hofmann-naturstein.com\/referenz\/boerse\/\" target=\"_blank\" rel=\"noopener noreferrer\">B\u00f6rse Z\u00fcrich<\/a>\u00a0veranschaulicht die Eleganz einer Fassade aus Granit. Verwendet wurde unser royalblauer K\u00f6sseine Granit.<\/p>\n<p>Je nach Oberfl\u00e4chenbearbeitung ver\u00e4ndert sich das Erscheinungsbild von Granit. Poliert oder Aquapower wassergestrahlt l\u00e4sst ihn dunkler wirken und man erkennt die Gesteinsstruktur wesentlich deutlicher. Beflammt hingegen l\u00e4sst Granit heller und homogener in seiner Struktur wirken. Jeder Stein ist ein Unikat und verleiht dem Geb\u00e4ude einem unverwechselbaren Charakter. Einen \u00dcberblick \u00fcber unsere Granite, ihre Farbvarianten und die unterschiedlichen Oberfl\u00e4chenbearbeitungen finden Sie hier:<\/p>\n<p><a href=\"https:\/\/www.hofmann-naturstein.com\/natursteine\/\" target=\"_blank\" rel=\"noopener noreferrer\">\u00dcberblick Granite<\/a><\/p>\n<p>Bei Fragen zur Gestaltung einer Au\u00dfenfassade aus Granitplatten stehen wir Ihnen gerne zur Verf\u00fcgung. Hofmann Naturstein steht seit mehr als 70 Jahren f\u00fcr erstklassige Qualit\u00e4t aus einer Hand.[\/vc_column_text][\/vc_column][\/vc_row][vc_row equal_height=&#8220;yes&#8220; el_class=&#8220;trenner&#8220;][vc_column][vc_column_text]<div class=\"top-link\"><a class=\"top-href\"><img decoding=\"async\" src=\"https:\/\/www.hofmann-naturstein.com\/wp-content\/themes\/hofmann\/img\/totop.gif\"><\/a><\/div><hr class=\"renner\">[\/vc_column_text][\/vc_column][\/vc_row]<\/p>\n<\/div>","protected":false},"excerpt":{"rendered":"<p>[vc_row full_width=&#8220;stretch_row&#8220; equal_height=&#8220;yes&#8220; el_class=&#8220;section-title&#8220; css=&#8220;.vc_custom_1575550928058{margin-top: 0px !important;margin-bottom: 0px !important;padding-top: 0px !important;padding-bottom: 0px !important;background-color: #f2f2f2 !important;}&#8220;][vc_column][vc_column_text] Au\u00dfenfassade aus Granit [\/vc_column_text][\/vc_column][\/vc_row][vc_row equal_height=&#8220;yes&#8220; css=&#8220;.vc_custom_1575552090778{margin-top: 0px !important;}&#8220;][vc_column width=&#8220;1\/2&#8243;][\/vc_column][vc_column width=&#8220;1\/2&#8243;][vc_column_text] EINE AUSSENFASSADE AUS GRANIT VON HOFMANN NATURSTEIN Natursteinfassaden haben eine sehr lange Tradition bei der Gestaltung besonders repr\u00e4sentativer Geb\u00e4ude. Ein weiterer Grund der Verwendung bereits in der Antike war das [&#8230;]<\/p>\n<p><a class=\"btn btn-secondary understrap-read-more-link\" href=\"https:\/\/www.hofmann-naturstein.com\/de\/aussenfassade-aus-granit\/\">Weiterlesen&#8230;<\/a><\/p>\n","protected":false},"author":1,"featured_media":0,"parent":0,"menu_order":0,"comment_status":"closed","ping_status":"closed","template":"page-templates\/blank-landingpage.php","meta":{"_acf_changed":false,"footnotes":""},"class_list":["post-92827","page","type-page","status-publish","hentry"],"acf":[],"yoast_head":"<!-- This site is optimized with the Yoast SEO plugin v26.5 - https:\/\/yoast.com\/wordpress\/plugins\/seo\/ -->\n<title>Au\u00dfenfassade aus Granit - Vollendete Bauten mit Naturstein von HOFMANN NATURSTEIN<\/title>\n<meta name=\"robots\" content=\"index, follow, max-snippet:-1, max-image-preview:large, max-video-preview:-1\" \/>\n<link rel=\"canonical\" href=\"https:\/\/www.hofmann-naturstein.com\/de\/aussenfassade-aus-granit\/\" \/>\n<meta property=\"og:locale\" content=\"de_DE\" \/>\n<meta property=\"og:type\" content=\"article\" \/>\n<meta property=\"og:title\" content=\"Au\u00dfenfassade aus Granit - Vollendete Bauten mit Naturstein von HOFMANN NATURSTEIN\" \/>\n<meta property=\"og:description\" content=\"[vc_row full_width=&#8220;stretch_row&#8220; equal_height=&#8220;yes&#8220; el_class=&#8220;section-title&#8220; css=&#8220;.vc_custom_1575550928058{margin-top: 0px !important;margin-bottom: 0px !important;padding-top: 0px !important;padding-bottom: 0px !important;background-color: #f2f2f2 !important;}&#8220;][vc_column][vc_column_text] Au\u00dfenfassade aus Granit [\/vc_column_text][\/vc_column][\/vc_row][vc_row equal_height=&#8220;yes&#8220; css=&#8220;.vc_custom_1575552090778{margin-top: 0px !important;}&#8220;][vc_column width=&#8220;1\/2&#8243;][\/vc_column][vc_column width=&#8220;1\/2&#8243;][vc_column_text] EINE AUSSENFASSADE AUS GRANIT VON HOFMANN NATURSTEIN Natursteinfassaden haben eine sehr lange Tradition bei der Gestaltung besonders repr\u00e4sentativer Geb\u00e4ude. Ein weiterer Grund der Verwendung bereits in der Antike war das [...]Weiterlesen...\" \/>\n<meta property=\"og:url\" content=\"https:\/\/www.hofmann-naturstein.com\/de\/aussenfassade-aus-granit\/\" \/>\n<meta property=\"og:site_name\" content=\"Vollendete Bauten mit Naturstein von HOFMANN NATURSTEIN\" \/>\n<meta name=\"twitter:card\" content=\"summary_large_image\" \/>\n<meta name=\"twitter:label1\" content=\"Gesch\u00e4tzte Lesezeit\" \/>\n\t<meta name=\"twitter:data1\" content=\"2\u00a0Minuten\" \/>\n<script type=\"application\/ld+json\" class=\"yoast-schema-graph\">{\"@context\":\"https:\/\/schema.org\",\"@graph\":[{\"@type\":\"WebPage\",\"@id\":\"https:\/\/www.hofmann-naturstein.com\/de\/aussenfassade-aus-granit\/\",\"url\":\"https:\/\/www.hofmann-naturstein.com\/de\/aussenfassade-aus-granit\/\",\"name\":\"Au\u00dfenfassade aus Granit - Vollendete Bauten mit Naturstein von HOFMANN NATURSTEIN\",\"isPartOf\":{\"@id\":\"https:\/\/www.hofmann-naturstein.com\/de\/#website\"},\"datePublished\":\"2020-02-25T12:56:21+00:00\",\"breadcrumb\":{\"@id\":\"https:\/\/www.hofmann-naturstein.com\/de\/aussenfassade-aus-granit\/#breadcrumb\"},\"inLanguage\":\"de\",\"potentialAction\":[{\"@type\":\"ReadAction\",\"target\":[\"https:\/\/www.hofmann-naturstein.com\/de\/aussenfassade-aus-granit\/\"]}]},{\"@type\":\"BreadcrumbList\",\"@id\":\"https:\/\/www.hofmann-naturstein.com\/de\/aussenfassade-aus-granit\/#breadcrumb\",\"itemListElement\":[{\"@type\":\"ListItem\",\"position\":1,\"name\":\"Startseite\",\"item\":\"https:\/\/www.hofmann-naturstein.com\/de\/\"},{\"@type\":\"ListItem\",\"position\":2,\"name\":\"Au\u00dfenfassade aus Granit\"}]},{\"@type\":\"WebSite\",\"@id\":\"https:\/\/www.hofmann-naturstein.com\/de\/#website\",\"url\":\"https:\/\/www.hofmann-naturstein.com\/de\/\",\"name\":\"Vollendete Bauten mit Naturstein von HOFMANN NATURSTEIN\",\"description\":\"\",\"publisher\":{\"@id\":\"https:\/\/www.hofmann-naturstein.com\/de\/#organization\"},\"potentialAction\":[{\"@type\":\"SearchAction\",\"target\":{\"@type\":\"EntryPoint\",\"urlTemplate\":\"https:\/\/www.hofmann-naturstein.com\/de\/?s={search_term_string}\"},\"query-input\":{\"@type\":\"PropertyValueSpecification\",\"valueRequired\":true,\"valueName\":\"search_term_string\"}}],\"inLanguage\":\"de\"},{\"@type\":\"Organization\",\"@id\":\"https:\/\/www.hofmann-naturstein.com\/de\/#organization\",\"name\":\"Vollendete Bauten mit Naturstein von HOFMANN NATURSTEIN\",\"url\":\"https:\/\/www.hofmann-naturstein.com\/de\/\",\"logo\":{\"@type\":\"ImageObject\",\"inLanguage\":\"de\",\"@id\":\"https:\/\/www.hofmann-naturstein.com\/de\/#\/schema\/logo\/image\/\",\"url\":\"https:\/\/www.hofmann-naturstein.com\/wp-content\/uploads\/2019\/11\/cropped-hofmann-naturstein-logo.png\",\"contentUrl\":\"https:\/\/www.hofmann-naturstein.com\/wp-content\/uploads\/2019\/11\/cropped-hofmann-naturstein-logo.png\",\"width\":490,\"height\":146,\"caption\":\"Vollendete Bauten mit Naturstein von HOFMANN NATURSTEIN\"},\"image\":{\"@id\":\"https:\/\/www.hofmann-naturstein.com\/de\/#\/schema\/logo\/image\/\"}}]}<\/script>\n<!-- \/ Yoast SEO plugin. -->","yoast_head_json":{"title":"Au\u00dfenfassade aus Granit - Vollendete Bauten mit Naturstein von HOFMANN NATURSTEIN","robots":{"index":"index","follow":"follow","max-snippet":"max-snippet:-1","max-image-preview":"max-image-preview:large","max-video-preview":"max-video-preview:-1"},"canonical":"https:\/\/www.hofmann-naturstein.com\/de\/aussenfassade-aus-granit\/","og_locale":"de_DE","og_type":"article","og_title":"Au\u00dfenfassade aus Granit - Vollendete Bauten mit Naturstein von HOFMANN NATURSTEIN","og_description":"[vc_row full_width=&#8220;stretch_row&#8220; equal_height=&#8220;yes&#8220; el_class=&#8220;section-title&#8220; css=&#8220;.vc_custom_1575550928058{margin-top: 0px !important;margin-bottom: 0px !important;padding-top: 0px !important;padding-bottom: 0px !important;background-color: #f2f2f2 !important;}&#8220;][vc_column][vc_column_text] Au\u00dfenfassade aus Granit [\/vc_column_text][\/vc_column][\/vc_row][vc_row equal_height=&#8220;yes&#8220; css=&#8220;.vc_custom_1575552090778{margin-top: 0px !important;}&#8220;][vc_column width=&#8220;1\/2&#8243;][\/vc_column][vc_column width=&#8220;1\/2&#8243;][vc_column_text] EINE AUSSENFASSADE AUS GRANIT VON HOFMANN NATURSTEIN Natursteinfassaden haben eine sehr lange Tradition bei der Gestaltung besonders repr\u00e4sentativer Geb\u00e4ude. Ein weiterer Grund der Verwendung bereits in der Antike war das [...]Weiterlesen...","og_url":"https:\/\/www.hofmann-naturstein.com\/de\/aussenfassade-aus-granit\/","og_site_name":"Vollendete Bauten mit Naturstein von HOFMANN NATURSTEIN","twitter_card":"summary_large_image","twitter_misc":{"Gesch\u00e4tzte Lesezeit":"2\u00a0Minuten"},"schema":{"@context":"https:\/\/schema.org","@graph":[{"@type":"WebPage","@id":"https:\/\/www.hofmann-naturstein.com\/de\/aussenfassade-aus-granit\/","url":"https:\/\/www.hofmann-naturstein.com\/de\/aussenfassade-aus-granit\/","name":"Au\u00dfenfassade aus Granit - Vollendete Bauten mit Naturstein von HOFMANN NATURSTEIN","isPartOf":{"@id":"https:\/\/www.hofmann-naturstein.com\/de\/#website"},"datePublished":"2020-02-25T12:56:21+00:00","breadcrumb":{"@id":"https:\/\/www.hofmann-naturstein.com\/de\/aussenfassade-aus-granit\/#breadcrumb"},"inLanguage":"de","potentialAction":[{"@type":"ReadAction","target":["https:\/\/www.hofmann-naturstein.com\/de\/aussenfassade-aus-granit\/"]}]},{"@type":"BreadcrumbList","@id":"https:\/\/www.hofmann-naturstein.com\/de\/aussenfassade-aus-granit\/#breadcrumb","itemListElement":[{"@type":"ListItem","position":1,"name":"Startseite","item":"https:\/\/www.hofmann-naturstein.com\/de\/"},{"@type":"ListItem","position":2,"name":"Au\u00dfenfassade aus Granit"}]},{"@type":"WebSite","@id":"https:\/\/www.hofmann-naturstein.com\/de\/#website","url":"https:\/\/www.hofmann-naturstein.com\/de\/","name":"Vollendete Bauten mit Naturstein von HOFMANN NATURSTEIN","description":"","publisher":{"@id":"https:\/\/www.hofmann-naturstein.com\/de\/#organization"},"potentialAction":[{"@type":"SearchAction","target":{"@type":"EntryPoint","urlTemplate":"https:\/\/www.hofmann-naturstein.com\/de\/?s={search_term_string}"},"query-input":{"@type":"PropertyValueSpecification","valueRequired":true,"valueName":"search_term_string"}}],"inLanguage":"de"},{"@type":"Organization","@id":"https:\/\/www.hofmann-naturstein.com\/de\/#organization","name":"Vollendete Bauten mit Naturstein von HOFMANN NATURSTEIN","url":"https:\/\/www.hofmann-naturstein.com\/de\/","logo":{"@type":"ImageObject","inLanguage":"de","@id":"https:\/\/www.hofmann-naturstein.com\/de\/#\/schema\/logo\/image\/","url":"https:\/\/www.hofmann-naturstein.com\/wp-content\/uploads\/2019\/11\/cropped-hofmann-naturstein-logo.png","contentUrl":"https:\/\/www.hofmann-naturstein.com\/wp-content\/uploads\/2019\/11\/cropped-hofmann-naturstein-logo.png","width":490,"height":146,"caption":"Vollendete Bauten mit Naturstein von HOFMANN NATURSTEIN"},"image":{"@id":"https:\/\/www.hofmann-naturstein.com\/de\/#\/schema\/logo\/image\/"}}]}},"_links":{"self":[{"href":"https:\/\/www.hofmann-naturstein.com\/de\/wp-json\/wp\/v2\/pages\/92827","targetHints":{"allow":["GET"]}}],"collection":[{"href":"https:\/\/www.hofmann-naturstein.com\/de\/wp-json\/wp\/v2\/pages"}],"about":[{"href":"https:\/\/www.hofmann-naturstein.com\/de\/wp-json\/wp\/v2\/types\/page"}],"author":[{"embeddable":true,"href":"https:\/\/www.hofmann-naturstein.com\/de\/wp-json\/wp\/v2\/users\/1"}],"replies":[{"embeddable":true,"href":"https:\/\/www.hofmann-naturstein.com\/de\/wp-json\/wp\/v2\/comments?post=92827"}],"version-history":[{"count":1,"href":"https:\/\/www.hofmann-naturstein.com\/de\/wp-json\/wp\/v2\/pages\/92827\/revisions"}],"predecessor-version":[{"id":92828,"href":"https:\/\/www.hofmann-naturstein.com\/de\/wp-json\/wp\/v2\/pages\/92827\/revisions\/92828"}],"wp:attachment":[{"href":"https:\/\/www.hofmann-naturstein.com\/de\/wp-json\/wp\/v2\/media?parent=92827"}],"curies":[{"name":"wp","href":"https:\/\/api.w.org\/{rel}","templated":true}]}}